{"id":974,"date":"2021-06-07T14:00:31","date_gmt":"2021-06-07T12:00:31","guid":{"rendered":"https:\/\/www.borsikastely.eu\/interreg-v-a\/"},"modified":"2023-09-04T19:08:28","modified_gmt":"2023-09-04T17:08:28","slug":"interreg-v-a","status":"publish","type":"page","link":"https:\/\/www.borsikastely.eu\/sk\/interreg-v-a\/","title":{"rendered":"INTERREG V-A"},"content":{"rendered":"<p>[vc_row css=&#8220;.vc_custom_1623067097751{margin-top: 70px !important;}&#8220;][vc_column][vc_column_text]<strong>1.9.2023:<\/strong><\/p>\n<p><a href=\"https:\/\/www.borsikastely.eu\/wp-content\/uploads\/2023\/09\/vyhodnotenie_obcerstvenie_opr.pdf\">Z\u00e1kazka: suroviny na ob\u010derstvenie v r\u00e1mci z\u00e1vere\u010dnej konferencie projektu \u010d. SKHU\/1902\/1.1\/064 R\u00e1k\u00f3cziTourism<\/a><\/p>\n<p><a href=\"https:\/\/www.borsikastely.eu\/wp-content\/uploads\/2023\/09\/vyhodnotenie-fotodokumentacia.pdf\">Z\u00e1kazka: fotodokument\u00e1cia projektu \u010d.\u00a0SKHU\/1902\/1.1\/064 R\u00e1k\u00f3cziTourism<\/a><\/p>\n<p><a href=\"https:\/\/www.borsikastely.eu\/wp-content\/uploads\/2023\/09\/vyhodnoteni-cenovych-ponuk-program.pdf\">Z\u00e1kazka: zabezpe\u010denie kult\u00farneho programu v r\u00e1mci z\u00e1vere\u010dnej konferencie projektu\u00a0SKHU\/1902\/1.1\/064 R\u00e1k\u00f3cziTourism<\/a><\/p>\n<p>&nbsp;<\/p>\n<p><b>V\u00fdzva na predkladanie pon\u00fak\u00a0<\/b><\/p>\n<p><b>pre z\u00e1kazku: Rozvoj cestovn\u00e9ho ruchu v okol\u00ed R\u00e1k\u00f3cziho ka\u0161tei\u013ea v Bor\u0161i<\/b><\/p>\n<p><a href=\"https:\/\/www.borsikastely.eu\/wp-content\/uploads\/2022\/05\/Vyzva-na-predkladanie-ponuk.pdf\">Znenie v\u00fdzvy si m\u00f4\u017eete stiahnu\u0165 tu.<\/a><\/p>\n<p>Pr\u00edlohy v\u00fdzvy:<\/p>\n<p><a href=\"https:\/\/www.borsikastely.eu\/wp-content\/uploads\/2022\/05\/Priloha-c.-1-Vykaz-vymer.xlsx\">Pr\u00edloha \u010d. 1: V\u00fdkaz-v\u00fdmer si m\u00f4\u017eete stiahnu\u0165 tu.<\/a><\/p>\n<p><a href=\"https:\/\/www.borsikastely.eu\/interreg\/Priloha-c-2-Detske-ihrisko.rar\">Pr\u00edloha \u010d. 2 &#8211; Detsk\u00e9 ihrisko<\/a><\/p>\n<p><a href=\"https:\/\/www.borsikastely.eu\/interreg\/Priloha-2-Projektova-dokumentacia-1.zip\">Pr\u00edloha \u010d. 2 &#8211; Projektov\u00e1 dokument\u00e1cia_1<\/a><\/p>\n<p><a href=\"https:\/\/www.borsikastely.eu\/interreg\/Priloha-c-2-Projektova-dokumentacia-2.rar\">Pr\u00edloha \u010d. 2 &#8211; Projektov\u00e1 dokument\u00e1cia_2<\/a><\/p>\n<p><a href=\"https:\/\/www.borsikastely.eu\/wp-content\/uploads\/2022\/05\/Priloha-c.-3-\u2013-Navrh-Zmluvy-o-dielo.docx\">Pr\u00edloha \u010d. 3 &#8211; N\u00e1vrh Zmluvy o dielo<\/a><\/p>\n<p><a href=\"https:\/\/www.borsikastely.eu\/wp-content\/uploads\/2022\/05\/Priloha-c.-4-Navrh-na-plnenie-kriterii.doc\">Pr\u00edloha \u010d. 4 &#8211; N\u00e1vrh na plnenie krit\u00e9ri\u00ed<\/a><\/p>\n<p><a href=\"https:\/\/www.borsikastely.eu\/wp-content\/uploads\/2022\/05\/Priloha-c.-5-\u2013-Informacie-o-subdodavateloch.docx\">Pr\u00edloha \u010d. 5 &#8211; Inform\u00e1cie o subdod\u00e1vate\u013eoch<\/a>[\/vc_column_text][vc_column_text]<\/p>\n<h1 class=\"palyazatcim\" style=\"text-align: center;\">INTERREG V-A<\/h1>\n<p>[\/vc_column_text][vc_single_image image=&#8220;976&#8243; img_size=&#8220;full&#8220; alignment=&#8220;center&#8220;][vc_single_image image=&#8220;980&#8243; img_size=&#8220;full&#8220; alignment=&#8220;center&#8220;][vc_single_image image=&#8220;983&#8243; img_size=&#8220;full&#8220; alignment=&#8220;center&#8220;][vc_single_image image=&#8220;986&#8243; img_size=&#8220;full&#8220; alignment=&#8220;center&#8220;][vc_single_image image=&#8220;989&#8243; img_size=&#8220;full&#8220; alignment=&#8220;center&#8220;][vc_single_image image=&#8220;992&#8243; img_size=&#8220;full&#8220; alignment=&#8220;center&#8220;][\/vc_column][\/vc_row][vc_row][vc_column][vc_column_text]<a href=\"https:\/\/www.borsikastely.eu\/wp-content\/uploads\/2021\/06\/alairt-vr-szerzodes.pdf\">VR k\u00fapna zmluva<\/a><\/p>\n<p><a href=\"https:\/\/www.borsikastely.eu\/wp-content\/uploads\/2021\/06\/szabaduloszoba-alairt-szerzodes.pdf\">EscapeRoom k\u00fapna zmluva<\/a><\/p>\n<p><a href=\"https:\/\/www.borsikastely.eu\/wp-content\/uploads\/2021\/06\/unikova-miestnost-borsa-2.pdf\">\u00danikova-miestnost-borsa-2.pdf<\/a><\/p>\n<p><a href=\"https:\/\/www.borsikastely.eu\/wp-content\/uploads\/2021\/06\/vyzva-na-predlozenie-cp-hardware-paniq.pdf\" target=\"_blank\" rel=\"noopener noreferrer\">Vy\u0301zva na predloz\u030cenie CP- hardware Paniq<\/a>[\/vc_column_text][\/vc_column][\/vc_row]<\/p>\n","protected":false},"excerpt":{"rendered":"<p>[vc_row css=&#8220;.vc_custom_1623067097751{margin-top: 70px !important;}&#8220;][vc_column][vc_column_text]1.9.2023: Z\u00e1kazka: suroviny na ob\u010derstvenie v r\u00e1mci z\u00e1vere\u010dnej konferencie projektu \u010d. SKHU\/1902\/1.1\/064 R\u00e1k\u00f3cziTourism Z\u00e1kazka: fotodokument\u00e1cia projektu \u010d.\u00a0SKHU\/1902\/1.1\/064 R\u00e1k\u00f3cziTourism Z\u00e1kazka: zabezpe\u010denie kult\u00farneho programu v<span class=\"excerpt-hellip\"> [\u2026]<\/span><\/p>\n","protected":false},"author":1,"featured_media":0,"parent":0,"menu_order":0,"comment_status":"closed","ping_status":"closed","template":"","meta":[],"yoast_head":"<!-- This site is optimized with the Yoast SEO plugin v15.9.2 - https:\/\/yoast.com\/wordpress\/plugins\/seo\/ -->\n<title>INTERREG V-A - BORSI R\u00c1K\u00d3CZI KAST\u00c9LY<\/title>\n<meta name=\"robots\" content=\"index, follow, max-snippet:-1, max-image-preview:large, max-video-preview:-1\" \/>\n<link rel=\"canonical\" href=\"https:\/\/www.borsikastely.eu\/sk\/interreg-v-a\/\" \/>\n<meta property=\"og:locale\" content=\"sk_SK\" \/>\n<meta property=\"og:type\" content=\"article\" \/>\n<meta property=\"og:title\" content=\"INTERREG V-A - BORSI R\u00c1K\u00d3CZI KAST\u00c9LY\" \/>\n<meta property=\"og:description\" content=\"[vc_row css=&#8220;.vc_custom_1623067097751{margin-top: 70px !important;}&#8220;][vc_column][vc_column_text]1.9.2023: Z\u00e1kazka: suroviny na ob\u010derstvenie v r\u00e1mci z\u00e1vere\u010dnej konferencie projektu \u010d. SKHU\/1902\/1.1\/064 R\u00e1k\u00f3cziTourism Z\u00e1kazka: fotodokument\u00e1cia projektu \u010d.\u00a0SKHU\/1902\/1.1\/064 R\u00e1k\u00f3cziTourism Z\u00e1kazka: zabezpe\u010denie kult\u00farneho programu v [\u2026]\" \/>\n<meta property=\"og:url\" content=\"https:\/\/www.borsikastely.eu\/sk\/interreg-v-a\/\" \/>\n<meta property=\"og:site_name\" content=\"BORSI R\u00c1K\u00d3CZI KAST\u00c9LY\" \/>\n<meta property=\"article:modified_time\" content=\"2023-09-04T17:08:28+00:00\" \/>\n<meta name=\"twitter:card\" content=\"summary_large_image\" \/>\n<meta name=\"twitter:label1\" content=\"Predpokladan\u00fd \u010das \u010d\u00edtania\">\n\t<meta name=\"twitter:data1\" content=\"1 min\u00fata\">\n<script type=\"application\/ld+json\" class=\"yoast-schema-graph\">{\"@context\":\"https:\/\/schema.org\",\"@graph\":[{\"@type\":\"WebSite\",\"@id\":\"https:\/\/www.borsikastely.eu\/#website\",\"url\":\"https:\/\/www.borsikastely.eu\/\",\"name\":\"BORSI R\\u00c1K\\u00d3CZI KAST\\u00c9LY\",\"description\":\"\",\"potentialAction\":[{\"@type\":\"SearchAction\",\"target\":\"https:\/\/www.borsikastely.eu\/?s={search_term_string}\",\"query-input\":\"required name=search_term_string\"}],\"inLanguage\":\"sk-SK\"},{\"@type\":\"WebPage\",\"@id\":\"https:\/\/www.borsikastely.eu\/sk\/interreg-v-a\/#webpage\",\"url\":\"https:\/\/www.borsikastely.eu\/sk\/interreg-v-a\/\",\"name\":\"INTERREG V-A - BORSI R\\u00c1K\\u00d3CZI KAST\\u00c9LY\",\"isPartOf\":{\"@id\":\"https:\/\/www.borsikastely.eu\/#website\"},\"datePublished\":\"2021-06-07T12:00:31+00:00\",\"dateModified\":\"2023-09-04T17:08:28+00:00\",\"breadcrumb\":{\"@id\":\"https:\/\/www.borsikastely.eu\/sk\/interreg-v-a\/#breadcrumb\"},\"inLanguage\":\"sk-SK\",\"potentialAction\":[{\"@type\":\"ReadAction\",\"target\":[\"https:\/\/www.borsikastely.eu\/sk\/interreg-v-a\/\"]}]},{\"@type\":\"BreadcrumbList\",\"@id\":\"https:\/\/www.borsikastely.eu\/sk\/interreg-v-a\/#breadcrumb\",\"itemListElement\":[{\"@type\":\"ListItem\",\"position\":1,\"item\":{\"@type\":\"WebPage\",\"@id\":\"https:\/\/www.borsikastely.eu\/sk\/\",\"url\":\"https:\/\/www.borsikastely.eu\/sk\/\",\"name\":\"Kezd\\u0151lap\"}},{\"@type\":\"ListItem\",\"position\":2,\"item\":{\"@type\":\"WebPage\",\"@id\":\"https:\/\/www.borsikastely.eu\/sk\/interreg-v-a\/\",\"url\":\"https:\/\/www.borsikastely.eu\/sk\/interreg-v-a\/\",\"name\":\"INTERREG V-A\"}}]}]}<\/script>\n<!-- \/ Yoast SEO plugin. -->","_links":{"self":[{"href":"https:\/\/www.borsikastely.eu\/sk\/wp-json\/wp\/v2\/pages\/974"}],"collection":[{"href":"https:\/\/www.borsikastely.eu\/sk\/wp-json\/wp\/v2\/pages"}],"about":[{"href":"https:\/\/www.borsikastely.eu\/sk\/wp-json\/wp\/v2\/types\/page"}],"author":[{"embeddable":true,"href":"https:\/\/www.borsikastely.eu\/sk\/wp-json\/wp\/v2\/users\/1"}],"replies":[{"embeddable":true,"href":"https:\/\/www.borsikastely.eu\/sk\/wp-json\/wp\/v2\/comments?post=974"}],"version-history":[{"count":11,"href":"https:\/\/www.borsikastely.eu\/sk\/wp-json\/wp\/v2\/pages\/974\/revisions"}],"predecessor-version":[{"id":4210,"href":"https:\/\/www.borsikastely.eu\/sk\/wp-json\/wp\/v2\/pages\/974\/revisions\/4210"}],"wp:attachment":[{"href":"https:\/\/www.borsikastely.eu\/sk\/wp-json\/wp\/v2\/media?parent=974"}],"curies":[{"name":"wp","href":"https:\/\/api.w.org\/{rel}","templated":true}]}}