{"id":910,"date":"2021-06-04T17:35:22","date_gmt":"2021-06-04T15:35:22","guid":{"rendered":"https:\/\/www.borsikastely.eu\/foglalas\/"},"modified":"2021-07-26T11:58:50","modified_gmt":"2021-07-26T09:58:50","slug":"rezervacie","status":"publish","type":"page","link":"https:\/\/www.borsikastely.eu\/sk\/rezervacie\/","title":{"rendered":"REZERV\u00c1CIE"},"content":{"rendered":"<p>[vc_row css=&#8220;.vc_custom_1622820896427{margin-top: 30px !important;}&#8220;][vc_column][vc_row_inner][vc_column_inner width=&#8220;1\/2&#8243;][vc_column_text]<\/p>\n<p style=\"text-align: center;\"><i class=\"icon-mail\"><\/i> <a href=\"mailto:hotel@rakoczino.eu\">hotel@rakoczino.eu<\/a><\/p>\n<p>[\/vc_column_text][\/vc_column_inner][vc_column_inner width=&#8220;1\/2&#8243;][vc_column_text]<\/p>\n<p style=\"text-align: center;\"><i class=\"icon-phone\"><\/i> <a href=\"tel:+421948740890\">+421 948 740890<\/a><\/p>\n<p>[\/vc_column_text][\/vc_column_inner][\/vc_row_inner][vc_column_text]<iframe style=\"width: 100%; height: 2000px;\" src=\"https:\/\/booking.borsikastely.eu\/lang\/sk\/booking\/\"><\/iframe>[\/vc_column_text][\/vc_column][\/vc_row]<\/p>\n","protected":false},"excerpt":{"rendered":"<p>[vc_row css=&#8220;.vc_custom_1622820896427{margin-top: 30px !important;}&#8220;][vc_column][vc_row_inner][vc_column_inner width=&#8220;1\/2&#8243;][vc_column_text] hotel@rakoczino.eu [\/vc_column_text][\/vc_column_inner][vc_column_inner width=&#8220;1\/2&#8243;][vc_column_text] +421 948 740890 [\/vc_column_text][\/vc_column_inner][\/vc_row_inner][vc_column_text][\/vc_column_text][\/vc_column][\/vc_row]<\/p>\n","protected":false},"author":1,"featured_media":0,"parent":0,"menu_order":0,"comment_status":"closed","ping_status":"closed","template":"","meta":[],"yoast_head":"<!-- This site is optimized with the Yoast SEO plugin v15.9.2 - https:\/\/yoast.com\/wordpress\/plugins\/seo\/ -->\n<title>REZERV\u00c1CIE - BORSI R\u00c1K\u00d3CZI KAST\u00c9LY<\/title>\n<meta name=\"robots\" content=\"index, follow, max-snippet:-1, max-image-preview:large, max-video-preview:-1\" \/>\n<link rel=\"canonical\" href=\"https:\/\/www.borsikastely.eu\/sk\/rezervacie\/\" \/>\n<meta property=\"og:locale\" content=\"sk_SK\" \/>\n<meta property=\"og:type\" content=\"article\" \/>\n<meta property=\"og:title\" content=\"REZERV\u00c1CIE - BORSI R\u00c1K\u00d3CZI KAST\u00c9LY\" \/>\n<meta property=\"og:description\" content=\"[vc_row css=&#8220;.vc_custom_1622820896427{margin-top: 30px !important;}&#8220;][vc_column][vc_row_inner][vc_column_inner width=&#8220;1\/2&#8243;][vc_column_text] hotel@rakoczino.eu [\/vc_column_text][\/vc_column_inner][vc_column_inner width=&#8220;1\/2&#8243;][vc_column_text] +421 948 740890 [\/vc_column_text][\/vc_column_inner][\/vc_row_inner][vc_column_text][\/vc_column_text][\/vc_column][\/vc_row]\" \/>\n<meta property=\"og:url\" content=\"https:\/\/www.borsikastely.eu\/sk\/rezervacie\/\" \/>\n<meta property=\"og:site_name\" content=\"BORSI R\u00c1K\u00d3CZI KAST\u00c9LY\" \/>\n<meta property=\"article:modified_time\" content=\"2021-07-26T09:58:50+00:00\" \/>\n<meta name=\"twitter:card\" content=\"summary_large_image\" \/>\n<meta name=\"twitter:label1\" content=\"Predpokladan\u00fd \u010das \u010d\u00edtania\">\n\t<meta name=\"twitter:data1\" content=\"1 min\u00fata\">\n<script type=\"application\/ld+json\" class=\"yoast-schema-graph\">{\"@context\":\"https:\/\/schema.org\",\"@graph\":[{\"@type\":\"WebSite\",\"@id\":\"https:\/\/www.borsikastely.eu\/#website\",\"url\":\"https:\/\/www.borsikastely.eu\/\",\"name\":\"BORSI R\\u00c1K\\u00d3CZI KAST\\u00c9LY\",\"description\":\"\",\"potentialAction\":[{\"@type\":\"SearchAction\",\"target\":\"https:\/\/www.borsikastely.eu\/?s={search_term_string}\",\"query-input\":\"required name=search_term_string\"}],\"inLanguage\":\"sk-SK\"},{\"@type\":\"WebPage\",\"@id\":\"https:\/\/www.borsikastely.eu\/sk\/rezervacie\/#webpage\",\"url\":\"https:\/\/www.borsikastely.eu\/sk\/rezervacie\/\",\"name\":\"REZERV\\u00c1CIE - BORSI R\\u00c1K\\u00d3CZI KAST\\u00c9LY\",\"isPartOf\":{\"@id\":\"https:\/\/www.borsikastely.eu\/#website\"},\"datePublished\":\"2021-06-04T15:35:22+00:00\",\"dateModified\":\"2021-07-26T09:58:50+00:00\",\"breadcrumb\":{\"@id\":\"https:\/\/www.borsikastely.eu\/sk\/rezervacie\/#breadcrumb\"},\"inLanguage\":\"sk-SK\",\"potentialAction\":[{\"@type\":\"ReadAction\",\"target\":[\"https:\/\/www.borsikastely.eu\/sk\/rezervacie\/\"]}]},{\"@type\":\"BreadcrumbList\",\"@id\":\"https:\/\/www.borsikastely.eu\/sk\/rezervacie\/#breadcrumb\",\"itemListElement\":[{\"@type\":\"ListItem\",\"position\":1,\"item\":{\"@type\":\"WebPage\",\"@id\":\"https:\/\/www.borsikastely.eu\/sk\/\",\"url\":\"https:\/\/www.borsikastely.eu\/sk\/\",\"name\":\"Kezd\\u0151lap\"}},{\"@type\":\"ListItem\",\"position\":2,\"item\":{\"@type\":\"WebPage\",\"@id\":\"https:\/\/www.borsikastely.eu\/sk\/rezervacie\/\",\"url\":\"https:\/\/www.borsikastely.eu\/sk\/rezervacie\/\",\"name\":\"REZERV\\u00c1CIE\"}}]}]}<\/script>\n<!-- \/ Yoast SEO plugin. -->","_links":{"self":[{"href":"https:\/\/www.borsikastely.eu\/sk\/wp-json\/wp\/v2\/pages\/910"}],"collection":[{"href":"https:\/\/www.borsikastely.eu\/sk\/wp-json\/wp\/v2\/pages"}],"about":[{"href":"https:\/\/www.borsikastely.eu\/sk\/wp-json\/wp\/v2\/types\/page"}],"author":[{"embeddable":true,"href":"https:\/\/www.borsikastely.eu\/sk\/wp-json\/wp\/v2\/users\/1"}],"replies":[{"embeddable":true,"href":"https:\/\/www.borsikastely.eu\/sk\/wp-json\/wp\/v2\/comments?post=910"}],"version-history":[{"count":3,"href":"https:\/\/www.borsikastely.eu\/sk\/wp-json\/wp\/v2\/pages\/910\/revisions"}],"predecessor-version":[{"id":1284,"href":"https:\/\/www.borsikastely.eu\/sk\/wp-json\/wp\/v2\/pages\/910\/revisions\/1284"}],"wp:attachment":[{"href":"https:\/\/www.borsikastely.eu\/sk\/wp-json\/wp\/v2\/media?parent=910"}],"curies":[{"name":"wp","href":"https:\/\/api.w.org\/{rel}","templated":true}]}}