{"id":903,"date":"2021-06-10T19:21:53","date_gmt":"2021-06-10T17:21:53","guid":{"rendered":"https:\/\/www.borsikastely.eu\/rendezvenyterem\/"},"modified":"2021-06-22T17:29:38","modified_gmt":"2021-06-22T15:29:38","slug":"konferencna","status":"publish","type":"page","link":"https:\/\/www.borsikastely.eu\/sk\/konferencna\/","title":{"rendered":"KONFEREN\u010cN\u00c1"},"content":{"rendered":"<p>[vc_row css=&#8220;.vc_custom_1623345663397{margin-top: 30px !important;}&#8220;][vc_column][vc_column_text]<\/p>\n<h1 style=\"text-align: center;\">KONFEREN\u010cN\u00c1 MIESTNOS\u0164<\/h1>\n<p>[\/vc_column_text][\/vc_column][\/vc_row][vc_row][vc_column width=&#8220;1\/2&#8243;][vc_column_text]<div class=\"eg-filmstrip-wrap eg-wrap\" data-lightbox-type=\"pretty_photo\"\n         data-pretty_photo-theme =\"pp_default\"\n         data-pretty_photo-social =\"false\"\n          data-gallery-id=\"c3uD8nzwCg\"\n     data-lightbox-status=\"true\"\n          >\n         \n    <div class=\"eg-filmstrip-outer-wrap eg-filmstrip-outer-layout-5\">\n        <div class=\"eg-filmstrip-items-outerwrap\">\n            <div class=\"eg-filmstrip-items-wrap eg-filmstrip-layout-5\"\n                 data-pause-duration=\"2500\"\n                 data-transition-duration=\"500\"\n                 data-mode=\"horizontal\"\n                 data-next-previous-controls=\"false\"\n                 data-play-pause-controls=\"false\"\n                 data-auto-start=\"false\"\n                 data-adaptive-height=\"true\"\n                 data-pager=\"false\"\n                 data-pager-type=\"full\"\n                 data-filmstrip-id=\"B5b8qhPgN1\"\n\n                 >\n                     <div class=\"eg-each-item eg-no-hover \" data-eg-item-key=\"eg_item_XIQFKHkC6dm4jjG\">\n    \n\n            <div class=\"eg-masonary-padding\">\n            <div class=\"eg-overlay-wrapper\" onclick=\"\">\n\n                <a href=\"https:\/\/www.borsikastely.eu\/wp-content\/uploads\/2021\/06\/rendezvenyterem001.jpg\"\n                   data-lightbox-type=\"pretty_photo\"\n                   rel=\"prettyPhoto[gallery_16]\"\n                   title=\"\"\n                   data-item-type=\"image\"\n                   data-index=\"1\"\n                   data-total-items=\"5\"\n                   >\n                    <img src=\"https:\/\/www.borsikastely.eu\/wp-content\/uploads\/2021\/06\/rendezvenyterem001.jpg\" alt=\"Rendezvenyterem001\"\/>\n                <\/a>\n                <div class=\"eg-mask\">\n                    <div class=\"eg-inner-wrapper\">\n                        <div class=\"eg-content-holder\">\r\n            <span class=\"eg-title eg-main-title\">Rendezvenyterem001<\/span>\r\n                <div class=\"eg-caption\">\r\n                            <span class=\"eg-title\" style=\"display:none\">Rendezvenyterem001<\/span>\r\n                        \r\n                <p><\/p>\r\n                    <\/div>\r\n        <\/div>                    <\/div>\n                    <span class=\"add\" style=\"display: none\">\n                        <i class=\"fa fa-plus\"><\/i>\n                    <\/span>\n                                            <div class=\"eg-caption-holder\" style=\"display: none\">\n                                                            <span class=\"eg-title\">Rendezvenyterem001<\/span>\n                                                                                        <p><\/p>\n                                                    <\/div>\n                                    <\/div>\n                <div class=\"slider-overlay\"><\/div>\n                            <\/div>\n                            <div class=\"eg-slider-caption eg-filmstrip-caption\">\n                                            <span class=\"eg-title\" style=\"display:none\">Rendezvenyterem001<\/span>\n                                                <p><\/p>\n                                    <\/div>\n                    <\/div>\n        <!---Blog Layout -->\n<\/div><div class=\"eg-each-item eg-no-hover \" data-eg-item-key=\"eg_item_vnv32G3iRfR7YcJ\">\n    \n\n            <div class=\"eg-masonary-padding\">\n            <div class=\"eg-overlay-wrapper\" onclick=\"\">\n\n                <a href=\"https:\/\/www.borsikastely.eu\/wp-content\/uploads\/2021\/06\/rendezvenyterem002.jpg\"\n                   data-lightbox-type=\"pretty_photo\"\n                   rel=\"prettyPhoto[gallery_16]\"\n                   title=\"\"\n                   data-item-type=\"image\"\n                   data-index=\"2\"\n                   data-total-items=\"5\"\n                   >\n                    <img src=\"https:\/\/www.borsikastely.eu\/wp-content\/uploads\/2021\/06\/rendezvenyterem002.jpg\" alt=\"Rendezvenyterem002\"\/>\n                <\/a>\n                <div class=\"eg-mask\">\n                    <div class=\"eg-inner-wrapper\">\n                        <div class=\"eg-content-holder\">\r\n            <span class=\"eg-title eg-main-title\">Rendezvenyterem002<\/span>\r\n                <div class=\"eg-caption\">\r\n                            <span class=\"eg-title\" style=\"display:none\">Rendezvenyterem002<\/span>\r\n                        \r\n                <p><\/p>\r\n                    <\/div>\r\n        <\/div>                    <\/div>\n                    <span class=\"add\" style=\"display: none\">\n                        <i class=\"fa fa-plus\"><\/i>\n                    <\/span>\n                                            <div class=\"eg-caption-holder\" style=\"display: none\">\n                                                            <span class=\"eg-title\">Rendezvenyterem002<\/span>\n                                                                                        <p><\/p>\n                                                    <\/div>\n                                    <\/div>\n                <div class=\"slider-overlay\"><\/div>\n                            <\/div>\n                            <div class=\"eg-slider-caption eg-filmstrip-caption\">\n                                            <span class=\"eg-title\" style=\"display:none\">Rendezvenyterem002<\/span>\n                                                <p><\/p>\n                                    <\/div>\n                    <\/div>\n        <!---Blog Layout -->\n<\/div><div class=\"eg-each-item eg-no-hover \" data-eg-item-key=\"eg_item_90sZPdHaPMocPIv\">\n    \n\n            <div class=\"eg-masonary-padding\">\n            <div class=\"eg-overlay-wrapper\" onclick=\"\">\n\n                <a href=\"https:\/\/www.borsikastely.eu\/wp-content\/uploads\/2021\/06\/rendezvenyterem003.jpg\"\n                   data-lightbox-type=\"pretty_photo\"\n                   rel=\"prettyPhoto[gallery_16]\"\n                   title=\"\"\n                   data-item-type=\"image\"\n                   data-index=\"3\"\n                   data-total-items=\"5\"\n                   >\n                    <img src=\"https:\/\/www.borsikastely.eu\/wp-content\/uploads\/2021\/06\/rendezvenyterem003.jpg\" alt=\"Rendezvenyterem003\"\/>\n                <\/a>\n                <div class=\"eg-mask\">\n                    <div class=\"eg-inner-wrapper\">\n                        <div class=\"eg-content-holder\">\r\n            <span class=\"eg-title eg-main-title\">Rendezvenyterem003<\/span>\r\n                <div class=\"eg-caption\">\r\n                            <span class=\"eg-title\" style=\"display:none\">Rendezvenyterem003<\/span>\r\n                        \r\n                <p><\/p>\r\n                    <\/div>\r\n        <\/div>                    <\/div>\n                    <span class=\"add\" style=\"display: none\">\n                        <i class=\"fa fa-plus\"><\/i>\n                    <\/span>\n                                            <div class=\"eg-caption-holder\" style=\"display: none\">\n                                                            <span class=\"eg-title\">Rendezvenyterem003<\/span>\n                                                                                        <p><\/p>\n                                                    <\/div>\n                                    <\/div>\n                <div class=\"slider-overlay\"><\/div>\n                            <\/div>\n                            <div class=\"eg-slider-caption eg-filmstrip-caption\">\n                                            <span class=\"eg-title\" style=\"display:none\">Rendezvenyterem003<\/span>\n                                                <p><\/p>\n                                    <\/div>\n                    <\/div>\n        <!---Blog Layout -->\n<\/div><div class=\"eg-each-item eg-no-hover \" data-eg-item-key=\"eg_item_vdT2gUIicAx5Gwh\">\n    \n\n            <div class=\"eg-masonary-padding\">\n            <div class=\"eg-overlay-wrapper\" onclick=\"\">\n\n                <a href=\"https:\/\/www.borsikastely.eu\/wp-content\/uploads\/2021\/06\/rendezvenyterem004.jpg\"\n                   data-lightbox-type=\"pretty_photo\"\n                   rel=\"prettyPhoto[gallery_16]\"\n                   title=\"\"\n                   data-item-type=\"image\"\n                   data-index=\"4\"\n                   data-total-items=\"5\"\n                   >\n                    <img src=\"https:\/\/www.borsikastely.eu\/wp-content\/uploads\/2021\/06\/rendezvenyterem004.jpg\" alt=\"Rendezvenyterem004\"\/>\n                <\/a>\n                <div class=\"eg-mask\">\n                    <div class=\"eg-inner-wrapper\">\n                        <div class=\"eg-content-holder\">\r\n            <span class=\"eg-title eg-main-title\">Rendezvenyterem004<\/span>\r\n                <div class=\"eg-caption\">\r\n                            <span class=\"eg-title\" style=\"display:none\">Rendezvenyterem004<\/span>\r\n                        \r\n                <p><\/p>\r\n                    <\/div>\r\n        <\/div>                    <\/div>\n                    <span class=\"add\" style=\"display: none\">\n                        <i class=\"fa fa-plus\"><\/i>\n                    <\/span>\n                                            <div class=\"eg-caption-holder\" style=\"display: none\">\n                                                            <span class=\"eg-title\">Rendezvenyterem004<\/span>\n                                                                                        <p><\/p>\n                                                    <\/div>\n                                    <\/div>\n                <div class=\"slider-overlay\"><\/div>\n                            <\/div>\n                            <div class=\"eg-slider-caption eg-filmstrip-caption\">\n                                            <span class=\"eg-title\" style=\"display:none\">Rendezvenyterem004<\/span>\n                                                <p><\/p>\n                                    <\/div>\n                    <\/div>\n        <!---Blog Layout -->\n<\/div><div class=\"eg-each-item eg-no-hover \" data-eg-item-key=\"eg_item_BYASX9MJ19rEAX6\">\n    \n\n            <div class=\"eg-masonary-padding\">\n            <div class=\"eg-overlay-wrapper\" onclick=\"\">\n\n                <a href=\"https:\/\/www.borsikastely.eu\/wp-content\/uploads\/2021\/06\/rndzvnytrm2.jpg\"\n                   data-lightbox-type=\"pretty_photo\"\n                   rel=\"prettyPhoto[gallery_16]\"\n                   title=\"\"\n                   data-item-type=\"image\"\n                   data-index=\"5\"\n                   data-total-items=\"5\"\n                   >\n                    <img src=\"https:\/\/www.borsikastely.eu\/wp-content\/uploads\/2021\/06\/rndzvnytrm2.jpg\" alt=\"Rndzvnytrm2\"\/>\n                <\/a>\n                <div class=\"eg-mask\">\n                    <div class=\"eg-inner-wrapper\">\n                        <div class=\"eg-content-holder\">\r\n            <span class=\"eg-title eg-main-title\">Rndzvnytrm2<\/span>\r\n                <div class=\"eg-caption\">\r\n                            <span class=\"eg-title\" style=\"display:none\">Rndzvnytrm2<\/span>\r\n                        \r\n                <p><\/p>\r\n                    <\/div>\r\n        <\/div>                    <\/div>\n                    <span class=\"add\" style=\"display: none\">\n                        <i class=\"fa fa-plus\"><\/i>\n                    <\/span>\n                                            <div class=\"eg-caption-holder\" style=\"display: none\">\n                                                            <span class=\"eg-title\">Rndzvnytrm2<\/span>\n                                                                                        <p><\/p>\n                                                    <\/div>\n                                    <\/div>\n                <div class=\"slider-overlay\"><\/div>\n                            <\/div>\n                            <div class=\"eg-slider-caption eg-filmstrip-caption\">\n                                            <span class=\"eg-title\" style=\"display:none\">Rndzvnytrm2<\/span>\n                                                <p><\/p>\n                                    <\/div>\n                    <\/div>\n        <!---Blog Layout -->\n<\/div>            <\/div>\n        <\/div>\n        <div class=\"eg-filmstrip-pager-outerwrap\">\n            <div class=\"eg-filmstrip-pager\" id=\"eg-pager-B5b8qhPgN1\" data-min-slides=\"3\" data-max-slides=\"3\" data-slide-width=\"170\" data-move-slides=\"1\">\n                                        <a href=\"\" data-slide-index=\"0\">\n                            <img src=\"https:\/\/www.borsikastely.eu\/wp-content\/uploads\/2021\/06\/rendezvenyterem001-700x665.jpg\" alt=\"Rendezvenyterem001\"\/>\n                            <div class=\"eg-filmstrip-caption\" style=\"display:none;\">\n                                <span class=\"eg-title\" style=\"display:none\">Rendezvenyterem001<\/span>\n                                <p><\/p>\n                            <\/div>\n                        <\/a>\n\n                                                <a href=\"\" data-slide-index=\"1\">\n                            <img src=\"https:\/\/www.borsikastely.eu\/wp-content\/uploads\/2021\/06\/rendezvenyterem002-700x665.jpg\" alt=\"Rendezvenyterem002\"\/>\n                            <div class=\"eg-filmstrip-caption\" style=\"display:none;\">\n                                <span class=\"eg-title\" style=\"display:none\">Rendezvenyterem002<\/span>\n                                <p><\/p>\n                            <\/div>\n                        <\/a>\n\n                                                <a href=\"\" data-slide-index=\"2\">\n                            <img src=\"https:\/\/www.borsikastely.eu\/wp-content\/uploads\/2021\/06\/rendezvenyterem003-700x665.jpg\" alt=\"Rendezvenyterem003\"\/>\n                            <div class=\"eg-filmstrip-caption\" style=\"display:none;\">\n                                <span class=\"eg-title\" style=\"display:none\">Rendezvenyterem003<\/span>\n                                <p><\/p>\n                            <\/div>\n                        <\/a>\n\n                                                <a href=\"\" data-slide-index=\"3\">\n                            <img src=\"https:\/\/www.borsikastely.eu\/wp-content\/uploads\/2021\/06\/rendezvenyterem004-700x665.jpg\" alt=\"Rendezvenyterem004\"\/>\n                            <div class=\"eg-filmstrip-caption\" style=\"display:none;\">\n                                <span class=\"eg-title\" style=\"display:none\">Rendezvenyterem004<\/span>\n                                <p><\/p>\n                            <\/div>\n                        <\/a>\n\n                                                <a href=\"\" data-slide-index=\"4\">\n                            <img src=\"https:\/\/www.borsikastely.eu\/wp-content\/uploads\/2021\/06\/rndzvnytrm2.jpg\" alt=\"Rndzvnytrm2\"\/>\n                            <div class=\"eg-filmstrip-caption\" style=\"display:none;\">\n                                <span class=\"eg-title\" style=\"display:none\">Rndzvnytrm2<\/span>\n                                <p><\/p>\n                            <\/div>\n                        <\/a>\n\n                                    <\/div>\n            <div class=\"eg-flimstrip-caption-tooltip\"><\/div>\n\n        <\/div>\n    <\/div>\n<\/div>\n\n\n            <style>\r\n            <\/style>\r\n            [\/vc_column_text][\/vc_column][vc_column width=&#8220;1\/2&#8243;][vc_column_text]<\/p>\n<p style=\"text-align: justify;\">Po dlh\u00fdch pracovn\u00fdch d\u0148och zavret\u00fd v kancel\u00e1rii V\u00e1s nel\u00e1kaj\u00fa e\u0161te dlh\u0161ie porady a konferencie vo ve\u013ek\u00fdch zasada\u010dk\u00e1ch. Zorganizujte teambuildingy pr\u00e1ve u n\u00e1s a my V\u00e1m s t\u00fdm pom\u00f4\u017eeme.<\/p>\n<p style=\"text-align: justify;\">Pon\u00fakame V\u00e1m mo\u017enos\u0165 vyu\u017eitia ve\u013ekej konferen\u010dnej miestnosti s kapacitou 70 os\u00f4b. Obed V\u00e1m zaist\u00edme u n\u00e1s v re\u0161taur\u00e1cii, a popr\u00edpade aj mo\u017enos\u0165 ubytovania sa. Po teambuildingu si m\u00f4\u017eete odd\u00fdchnu\u0165 pri prech\u00e1dzke po brehu Bodrogu, \u010di spoznan\u00ed hist\u00f3rie rodu R\u00e1k\u00f3czi alebo vyu\u017eitia na\u0161ich interakt\u00edvnych kult\u00farnych slu\u017eieb. Ve\u010der m\u00f4\u017eete zakon\u010di\u0165 pri ochutn\u00e1vke v\u00edn z n\u00e1\u0161ho regi\u00f3nu.<\/p>\n<p style=\"text-align: justify;\">A to v\u0161etko na jednom mieste, len u n\u00e1s.<\/p>\n<p style=\"text-align: justify;\">Pre bli\u017e\u0161ie inform\u00e1cie n\u00e1s kontaktujte na <a href=\"mailto:office@rakoczino.eu\">office@rakoczino.eu<\/a><\/p>\n<p>[\/vc_column_text][\/vc_column][\/vc_row]<\/p>\n","protected":false},"excerpt":{"rendered":"<p>[vc_row css=&#8220;.vc_custom_1623345663397{margin-top: 30px !important;}&#8220;][vc_column][vc_column_text] KONFEREN\u010cN\u00c1 MIESTNOS\u0164 [\/vc_column_text][\/vc_column][\/vc_row][vc_row][vc_column width=&#8220;1\/2&#8243;][vc_column_text][\/vc_column_text][\/vc_column][vc_column width=&#8220;1\/2&#8243;][vc_column_text] Po dlh\u00fdch pracovn\u00fdch d\u0148och zavret\u00fd v kancel\u00e1rii V\u00e1s nel\u00e1kaj\u00fa e\u0161te dlh\u0161ie porady a konferencie vo ve\u013ek\u00fdch zasada\u010dk\u00e1ch.<span class=\"excerpt-hellip\"> [\u2026]<\/span><\/p>\n","protected":false},"author":1,"featured_media":0,"parent":0,"menu_order":0,"comment_status":"closed","ping_status":"closed","template":"","meta":[],"yoast_head":"<!-- This site is optimized with the Yoast SEO plugin v15.9.2 - https:\/\/yoast.com\/wordpress\/plugins\/seo\/ -->\n<title>KONFEREN\u010cN\u00c1 - BORSI R\u00c1K\u00d3CZI KAST\u00c9LY<\/title>\n<meta name=\"robots\" content=\"index, follow, max-snippet:-1, max-image-preview:large, max-video-preview:-1\" \/>\n<link rel=\"canonical\" href=\"https:\/\/www.borsikastely.eu\/sk\/konferencna\/\" \/>\n<meta property=\"og:locale\" content=\"sk_SK\" \/>\n<meta property=\"og:type\" content=\"article\" \/>\n<meta property=\"og:title\" content=\"KONFEREN\u010cN\u00c1 - BORSI R\u00c1K\u00d3CZI KAST\u00c9LY\" \/>\n<meta property=\"og:description\" content=\"[vc_row css=&#8220;.vc_custom_1623345663397{margin-top: 30px !important;}&#8220;][vc_column][vc_column_text] KONFEREN\u010cN\u00c1 MIESTNOS\u0164 [\/vc_column_text][\/vc_column][\/vc_row][vc_row][vc_column width=&#8220;1\/2&#8243;][vc_column_text][\/vc_column_text][\/vc_column][vc_column width=&#8220;1\/2&#8243;][vc_column_text] Po dlh\u00fdch pracovn\u00fdch d\u0148och zavret\u00fd v kancel\u00e1rii V\u00e1s nel\u00e1kaj\u00fa e\u0161te dlh\u0161ie porady a konferencie vo ve\u013ek\u00fdch zasada\u010dk\u00e1ch. [\u2026]\" \/>\n<meta property=\"og:url\" content=\"https:\/\/www.borsikastely.eu\/sk\/konferencna\/\" \/>\n<meta property=\"og:site_name\" content=\"BORSI R\u00c1K\u00d3CZI KAST\u00c9LY\" \/>\n<meta property=\"article:modified_time\" content=\"2021-06-22T15:29:38+00:00\" \/>\n<meta name=\"twitter:card\" content=\"summary_large_image\" \/>\n<meta name=\"twitter:label1\" content=\"Predpokladan\u00fd \u010das \u010d\u00edtania\">\n\t<meta name=\"twitter:data1\" content=\"1 min\u00fata\">\n<script type=\"application\/ld+json\" class=\"yoast-schema-graph\">{\"@context\":\"https:\/\/schema.org\",\"@graph\":[{\"@type\":\"WebSite\",\"@id\":\"https:\/\/www.borsikastely.eu\/#website\",\"url\":\"https:\/\/www.borsikastely.eu\/\",\"name\":\"BORSI R\\u00c1K\\u00d3CZI KAST\\u00c9LY\",\"description\":\"\",\"potentialAction\":[{\"@type\":\"SearchAction\",\"target\":\"https:\/\/www.borsikastely.eu\/?s={search_term_string}\",\"query-input\":\"required name=search_term_string\"}],\"inLanguage\":\"sk-SK\"},{\"@type\":\"WebPage\",\"@id\":\"https:\/\/www.borsikastely.eu\/sk\/konferencna\/#webpage\",\"url\":\"https:\/\/www.borsikastely.eu\/sk\/konferencna\/\",\"name\":\"KONFEREN\\u010cN\\u00c1 - BORSI R\\u00c1K\\u00d3CZI KAST\\u00c9LY\",\"isPartOf\":{\"@id\":\"https:\/\/www.borsikastely.eu\/#website\"},\"datePublished\":\"2021-06-10T17:21:53+00:00\",\"dateModified\":\"2021-06-22T15:29:38+00:00\",\"breadcrumb\":{\"@id\":\"https:\/\/www.borsikastely.eu\/sk\/konferencna\/#breadcrumb\"},\"inLanguage\":\"sk-SK\",\"potentialAction\":[{\"@type\":\"ReadAction\",\"target\":[\"https:\/\/www.borsikastely.eu\/sk\/konferencna\/\"]}]},{\"@type\":\"BreadcrumbList\",\"@id\":\"https:\/\/www.borsikastely.eu\/sk\/konferencna\/#breadcrumb\",\"itemListElement\":[{\"@type\":\"ListItem\",\"position\":1,\"item\":{\"@type\":\"WebPage\",\"@id\":\"https:\/\/www.borsikastely.eu\/sk\/\",\"url\":\"https:\/\/www.borsikastely.eu\/sk\/\",\"name\":\"Kezd\\u0151lap\"}},{\"@type\":\"ListItem\",\"position\":2,\"item\":{\"@type\":\"WebPage\",\"@id\":\"https:\/\/www.borsikastely.eu\/sk\/konferencna\/\",\"url\":\"https:\/\/www.borsikastely.eu\/sk\/konferencna\/\",\"name\":\"KONFEREN\\u010cN\\u00c1\"}}]}]}<\/script>\n<!-- \/ Yoast SEO plugin. -->","_links":{"self":[{"href":"https:\/\/www.borsikastely.eu\/sk\/wp-json\/wp\/v2\/pages\/903"}],"collection":[{"href":"https:\/\/www.borsikastely.eu\/sk\/wp-json\/wp\/v2\/pages"}],"about":[{"href":"https:\/\/www.borsikastely.eu\/sk\/wp-json\/wp\/v2\/types\/page"}],"author":[{"embeddable":true,"href":"https:\/\/www.borsikastely.eu\/sk\/wp-json\/wp\/v2\/users\/1"}],"replies":[{"embeddable":true,"href":"https:\/\/www.borsikastely.eu\/sk\/wp-json\/wp\/v2\/comments?post=903"}],"version-history":[{"count":3,"href":"https:\/\/www.borsikastely.eu\/sk\/wp-json\/wp\/v2\/pages\/903\/revisions"}],"predecessor-version":[{"id":916,"href":"https:\/\/www.borsikastely.eu\/sk\/wp-json\/wp\/v2\/pages\/903\/revisions\/916"}],"wp:attachment":[{"href":"https:\/\/www.borsikastely.eu\/sk\/wp-json\/wp\/v2\/media?parent=903"}],"curies":[{"name":"wp","href":"https:\/\/api.w.org\/{rel}","templated":true}]}}