{"id":5212,"date":"2025-11-05T13:48:00","date_gmt":"2025-11-05T12:48:00","guid":{"rendered":"https:\/\/www.borsikastely.eu\/?page_id=5212"},"modified":"2025-11-05T13:52:04","modified_gmt":"2025-11-05T12:52:04","slug":"kosicky-samospravny-kraj","status":"publish","type":"page","link":"https:\/\/www.borsikastely.eu\/sk\/kosicky-samospravny-kraj\/","title":{"rendered":"Ko\u0161ick\u00fd Samospr\u00e1vny Kraj"},"content":{"rendered":"<p>[vc_row][vc_column width=&#8220;1\/2&#8243;][vc_single_image image=&#8220;5215&#8243; img_size=&#8220;full&#8220; alignment=&#8220;center&#8220;][\/vc_column][vc_column width=&#8220;1\/2&#8243;][vc_single_image image=&#8220;5218&#8243; img_size=&#8220;full&#8220; alignment=&#8220;center&#8220;][\/vc_column][\/vc_row]<\/p>\n","protected":false},"excerpt":{"rendered":"<p>[vc_row][vc_column width=&#8220;1\/2&#8243;][vc_single_image image=&#8220;5215&#8243; img_size=&#8220;full&#8220; alignment=&#8220;center&#8220;][\/vc_column][vc_column width=&#8220;1\/2&#8243;][vc_single_image image=&#8220;5218&#8243; img_size=&#8220;full&#8220; alignment=&#8220;center&#8220;][\/vc_column][\/vc_row]<\/p>\n","protected":false},"author":1,"featured_media":0,"parent":0,"menu_order":0,"comment_status":"closed","ping_status":"closed","template":"","meta":[],"yoast_head":"<!-- This site is optimized with the Yoast SEO plugin v15.9.2 - https:\/\/yoast.com\/wordpress\/plugins\/seo\/ -->\n<title>Ko\u0161ick\u00fd Samospr\u00e1vny Kraj - BORSI R\u00c1K\u00d3CZI KAST\u00c9LY<\/title>\n<meta name=\"robots\" content=\"index, follow, max-snippet:-1, max-image-preview:large, max-video-preview:-1\" \/>\n<link rel=\"canonical\" href=\"https:\/\/www.borsikastely.eu\/sk\/kosicky-samospravny-kraj\/\" \/>\n<meta property=\"og:locale\" content=\"sk_SK\" \/>\n<meta property=\"og:type\" content=\"article\" \/>\n<meta property=\"og:title\" content=\"Ko\u0161ick\u00fd Samospr\u00e1vny Kraj - BORSI R\u00c1K\u00d3CZI KAST\u00c9LY\" \/>\n<meta property=\"og:description\" content=\"[vc_row][vc_column width=&#8220;1\/2&#8243;][vc_single_image image=&#8220;5215&#8243; img_size=&#8220;full&#8220; alignment=&#8220;center&#8220;][\/vc_column][vc_column width=&#8220;1\/2&#8243;][vc_single_image image=&#8220;5218&#8243; img_size=&#8220;full&#8220; alignment=&#8220;center&#8220;][\/vc_column][\/vc_row]\" \/>\n<meta property=\"og:url\" content=\"https:\/\/www.borsikastely.eu\/sk\/kosicky-samospravny-kraj\/\" \/>\n<meta property=\"og:site_name\" content=\"BORSI R\u00c1K\u00d3CZI KAST\u00c9LY\" \/>\n<meta property=\"article:modified_time\" content=\"2025-11-05T12:52:04+00:00\" \/>\n<meta name=\"twitter:card\" content=\"summary_large_image\" \/>\n<meta name=\"twitter:label1\" content=\"Predpokladan\u00fd \u010das \u010d\u00edtania\">\n\t<meta name=\"twitter:data1\" content=\"1 min\u00fata\">\n<script type=\"application\/ld+json\" class=\"yoast-schema-graph\">{\"@context\":\"https:\/\/schema.org\",\"@graph\":[{\"@type\":\"WebSite\",\"@id\":\"https:\/\/www.borsikastely.eu\/#website\",\"url\":\"https:\/\/www.borsikastely.eu\/\",\"name\":\"BORSI R\\u00c1K\\u00d3CZI KAST\\u00c9LY\",\"description\":\"\",\"potentialAction\":[{\"@type\":\"SearchAction\",\"target\":\"https:\/\/www.borsikastely.eu\/?s={search_term_string}\",\"query-input\":\"required name=search_term_string\"}],\"inLanguage\":\"sk-SK\"},{\"@type\":\"WebPage\",\"@id\":\"https:\/\/www.borsikastely.eu\/sk\/kosicky-samospravny-kraj\/#webpage\",\"url\":\"https:\/\/www.borsikastely.eu\/sk\/kosicky-samospravny-kraj\/\",\"name\":\"Ko\\u0161ick\\u00fd Samospr\\u00e1vny Kraj - BORSI R\\u00c1K\\u00d3CZI KAST\\u00c9LY\",\"isPartOf\":{\"@id\":\"https:\/\/www.borsikastely.eu\/#website\"},\"datePublished\":\"2025-11-05T12:48:00+00:00\",\"dateModified\":\"2025-11-05T12:52:04+00:00\",\"breadcrumb\":{\"@id\":\"https:\/\/www.borsikastely.eu\/sk\/kosicky-samospravny-kraj\/#breadcrumb\"},\"inLanguage\":\"sk-SK\",\"potentialAction\":[{\"@type\":\"ReadAction\",\"target\":[\"https:\/\/www.borsikastely.eu\/sk\/kosicky-samospravny-kraj\/\"]}]},{\"@type\":\"BreadcrumbList\",\"@id\":\"https:\/\/www.borsikastely.eu\/sk\/kosicky-samospravny-kraj\/#breadcrumb\",\"itemListElement\":[{\"@type\":\"ListItem\",\"position\":1,\"item\":{\"@type\":\"WebPage\",\"@id\":\"https:\/\/www.borsikastely.eu\/sk\/\",\"url\":\"https:\/\/www.borsikastely.eu\/sk\/\",\"name\":\"Kezd\\u0151lap\"}},{\"@type\":\"ListItem\",\"position\":2,\"item\":{\"@type\":\"WebPage\",\"@id\":\"https:\/\/www.borsikastely.eu\/sk\/kosicky-samospravny-kraj\/\",\"url\":\"https:\/\/www.borsikastely.eu\/sk\/kosicky-samospravny-kraj\/\",\"name\":\"Ko\\u0161ick\\u00fd Samospr\\u00e1vny Kraj\"}}]}]}<\/script>\n<!-- \/ Yoast SEO plugin. -->","_links":{"self":[{"href":"https:\/\/www.borsikastely.eu\/sk\/wp-json\/wp\/v2\/pages\/5212"}],"collection":[{"href":"https:\/\/www.borsikastely.eu\/sk\/wp-json\/wp\/v2\/pages"}],"about":[{"href":"https:\/\/www.borsikastely.eu\/sk\/wp-json\/wp\/v2\/types\/page"}],"author":[{"embeddable":true,"href":"https:\/\/www.borsikastely.eu\/sk\/wp-json\/wp\/v2\/users\/1"}],"replies":[{"embeddable":true,"href":"https:\/\/www.borsikastely.eu\/sk\/wp-json\/wp\/v2\/comments?post=5212"}],"version-history":[{"count":3,"href":"https:\/\/www.borsikastely.eu\/sk\/wp-json\/wp\/v2\/pages\/5212\/revisions"}],"predecessor-version":[{"id":5221,"href":"https:\/\/www.borsikastely.eu\/sk\/wp-json\/wp\/v2\/pages\/5212\/revisions\/5221"}],"wp:attachment":[{"href":"https:\/\/www.borsikastely.eu\/sk\/wp-json\/wp\/v2\/media?parent=5212"}],"curies":[{"name":"wp","href":"https:\/\/api.w.org\/{rel}","templated":true}]}}