{"id":4606,"date":"2024-04-22T15:00:47","date_gmt":"2024-04-22T13:00:47","guid":{"rendered":"https:\/\/www.borsikastely.eu\/?page_id=4606"},"modified":"2024-04-22T15:00:47","modified_gmt":"2024-04-22T13:00:47","slug":"turisticke-trasy","status":"publish","type":"page","link":"https:\/\/www.borsikastely.eu\/sk\/turisticke-trasy\/","title":{"rendered":"Turistick\u00e9 trasy"},"content":{"rendered":"<h1 style=\"text-align: center;\">Turistick\u00e9 trasy<\/h1>\n<p style=\"text-align: justify;\"><strong>Vodn\u00e9 t\u00fary na Bodrogu z vodn\u00e9ho t\u00e1bora v Bor\u0161i vhodn\u00e9 pre rodiny s de\u0165mi. <\/strong><\/p>\n<p style=\"text-align: justify;\"><em>Bodrog v s\u00fa\u010dasnosti vznik\u00e1 \u00a0s\u00fatokom \u00a0riek Ondava a Latorica, rieka \u00a0je dlh\u00e1 67 km a vlieva sa do Tisy pri Tokaji. D\u013a\u017eka rieky na Slovensku je\u00a0 15 km, zatia\u013e \u010do v Ma\u010farsku \u00a052 km. Bodrog je na\u0161a najpokojnej\u0161ia rieka, spolu so svojimi pr\u00edrodn\u00fdmi danos\u0165ami je jednou \u00a0z najatrakt\u00edvnej\u0161\u00edch cie\u013eov vodnej turistiky. Rieku Bodrog m\u00f4\u017eeme odporu\u010di\u0165 aj ve\u013emi za\u010d\u00ednaj\u00facim vodn\u00fdm turistom<\/em><\/p>\n<p style=\"text-align: justify;\"><em>V\u010faka svojej malebnej kr\u00e1se, pomal\u00e9mu toku a predv\u00eddate\u013enosti rieky je vynikaj\u00facim miestom pre jednod\u0148ov\u00e9 v\u00fdlety na kanoe alebo kajaku pre za\u010diato\u010dn\u00edkov, rodiny a skupiny.<\/em><\/p>\n<p style=\"text-align: justify;\"><em>Vodn\u00fd t\u00e1bor ka\u0161tie\u013ea R\u00e1k\u00f3czi je ide\u00e1lnym v\u00fdchodiskov\u00fdm bodom pre jednod\u0148ov\u00e9 v\u00fdlety. Vo vodnom t\u00e1bore je mo\u017en\u00e9 si prenaja\u0165 kajaky a kanoe, kempova\u0165 \u00a0a nie\u010do si uvari\u0165. . V ne\u010falekom R\u00e1k\u00f3cziho ka\u0161tieli \u00a0si m\u00f4\u017eete pozrie\u0165 interakt\u00edvnu v\u00fdstavu s n\u00e1zvom ,, R\u00e1k\u00f3cziho tri narodenia,,, pozrie\u0165 si 5 kr\u00e1tkych filmov v panoramatickom kine, vysk\u00fa\u0161a\u0165 \u00fanikov\u00fa miestnos\u0165 a pomocou VR okuliarov vr\u00e1ti\u0165 sa do doby knie\u017ea\u0165a. Hotel Brigad\u00edr \u00a0pon\u00faka komfortn\u00e9 izby, zatia\u013e \u010do re\u0161taur\u00e1cia U K\u0148a\u017enej \u00a0pon\u00faka jedl\u00e1\u00a0 tradi\u010dn\u00e9 ma\u010farsk\u00e9 a zempl\u00ednsk\u00e9 . <\/em><\/p>\n<p style=\"text-align: justify;\"><strong><em>1 d\u0148ov\u00e9 v\u00fdlety na kanoe<\/em><\/strong><\/p>\n<p style=\"text-align: justify;\"><strong><em>Bor\u0161a \u00a0\u2013 Fels\u0151berecki \u2013 Bor\u0161a 9 km<\/em><\/strong><\/p>\n<p style=\"text-align: justify;\">T\u00fara za\u010d\u00edna v Bor\u0161i (52 rkm). Po p\u00e1dlovan\u00ed asi 4,5 km po Bodrogu pr\u00eddeme do obce Fels\u0151berecki. Lode m\u00f4\u017eu zosta\u0165 ukotven\u00e9 ved\u013ea m\u00f3la. Na brehu v chate Bodrog sa nach\u00e1dza bufet s ob\u010derstven\u00edm. V obci sa nach\u00e1dza chr\u00e1nen\u00e1 priemyseln\u00e1 pamiatka, postaven\u00e1 v roku 1896, \u010derpacia stanica J\u00f3zsefa Majlatha. Spiato\u010dn\u00e1 cesta V\u00e1m zaberie viac \u010dasu, nako\u013eko budete veslova\u0165 proti pr\u00fadu. Netreba sa b\u00e1\u0165, preto\u017ee Bodrog te\u010die ve\u013emi pomaly.<\/p>\n<p style=\"text-align: justify;\"><strong><em>Bor\u0161a \u2013 Zempl\u00edn \u2013 Bor\u0161a 20 km<\/em><\/strong><\/p>\n<p style=\"text-align: justify;\">T\u00fara za\u010d\u00edna v Bor\u0161i (52 km). Veslujeme hore Bodrogom. Asi po 3 km sa dostaneme k cestn\u00e9mu mostu v Strede nad Bodrogom. Asi po 4 km na \u013eavom brehu je pr\u00edstav v obci Ladmovce, pr\u00edstav je vhodn\u00fd na \u00a0kotvenie, odpo\u010dinok a k\u00fapanie. Po \u010fal\u0161\u00edch 2 km veslovania sa dostaneme do obce Zempl\u00edn. Kotvi\u0165 sa d\u00e1 na \u013eavom brehu pri poli , odkia\u013e sa do centra obce dostanete za 5-10 min\u00fat ch\u00f4dze. Za n\u00e1v\u0161tevu stoj\u00ed b\u00fdval\u00e1 \u017eupn\u00e1 radnica (bolo to \u017eupn\u00e9 centrum Zempl\u00ednskej stolice, impozantn\u00fd gotick\u00fd reformovan\u00fd kostol a zvy\u0161ky zemn\u00e9ho hradu. Spiato\u010dn\u00e1 cesta po pomaly te\u010d\u00facom Bodrogu bude len o nie\u010do r\u00fdchlej\u0161ia ako veslovanie proti pr\u00fadu. (Na po\u017eiadanie vopred , V\u00e1m vieme zabezpe\u010di\u0165 za polpatok prepravu \u00fa\u010dastn\u00edkov a kanoe sp\u00e4\u0165 do Bor\u0161e)<\/p>\n<p style=\"text-align: justify;\"><strong>Bor\u0161a \u2013 S\u00e1rospatak \u2013 Bor\u0161a (30 km)<\/strong><\/p>\n<p style=\"text-align: justify;\">Plav\u00edme sa dole pr\u00fadom, po 1,2 km op\u00fa\u0161\u0165ame \u00fastie potoka Ronyva vpravo. Odtia\u013e veslujeme u\u017e Ma\u010farsku. Na 46,5 rie\u010dnom kilometry \u00a0sa plav\u00edme popod cestn\u00fd most v Als\u00f3berecki. Asi po 10 km prich\u00e1dzame do S\u00e1rospataku, kde op\u00fa\u0161\u0165ame cestn\u00fd most a na \u013eavom aj pravom brehu n\u00e1jdeme v\u00fdborn\u00e9 kotvisk\u00e1 a tr\u00e1vnat\u00e9 plochy vhodn\u00e9 na oddych. S\u00e1rospatak m\u00e1 mnoho kult\u00farnych a turistick\u00fdch atrakci\u00ed. (Na po\u017eiadanie vopred , V\u00e1m vieme zabezpe\u010di\u0165 za polpatok prepravu \u00fa\u010dastn\u00edkov a kanoe sp\u00e4\u0165 do Bor\u0161e)<\/p>\n<p style=\"text-align: justify;\"><strong>1-d\u0148ov\u00fd v\u00fdlet na kanoe a bicykli<\/strong><\/p>\n<p style=\"text-align: justify;\"><em>1 d\u0148ov\u00e9 z\u00e1jazdy<\/em><\/p>\n<p style=\"text-align: justify;\"><strong><em>Bor\u0161a \u2013 Fels\u0151berecki \u2013 Karos \u2013 Fels\u0151berecki \u2013 Bor\u0161ai 9 km veslovania a \u00a012 km cyklotrasa<\/em><\/strong><\/p>\n<p style=\"text-align: justify;\">T\u00fara za\u010d\u00edna v Bor\u0161i (52 km). Po p\u00e1dlovan\u00ed asi 4,5 km dole pr\u00fadom na Bodrogu skon\u010d\u00edme na \u013eavom brehu rieky pri Fels\u0151berecki. Lode m\u00f4\u017eu zosta\u0165 ukotven\u00e9 ved\u013ea m\u00f3la. Na brehu v chate Bodrog sa nach\u00e1dza bufet s ob\u010derstven\u00edm. V obci sa nach\u00e1dza chr\u00e1nen\u00e1 priemyseln\u00e1 pamiatka, postaven\u00e1 v roku 1896, \u010derpacia stanica J\u00f3zsefa Majl\u00e1tha. Bicykle si m\u00f4\u017eete po\u017ei\u010da\u0165 v chate Bodrog, odtia\u013e \u00a0cca 6 km sa nach\u00e1dza \u00a0Pam\u00e4tn\u00fd park a n\u00e1v\u0161tevn\u00edcke centrum Karos <a href=\"https:\/\/karos.hu\/intezmenyek\/40-karos-honfoglalas-kori-latogatokozpont\">https:\/\/karos.hu\/intezmenyek\/40-karos-honfoglalas-kori-latogatokozpont<\/a>.<\/p>\n<p style=\"text-align: justify;\">Spiato\u010dn\u00e1 cesta V\u00e1m zaberie viac \u010dasu, nako\u013eko budete veslova\u0165 proti pr\u00fadu. Netreba sa b\u00e1\u0165, preto\u017ee Bodrog te\u010die ve\u013emi pomaly.<\/p>\n<p style=\"text-align: justify;\"><strong><em>Borsi \u2013 Fels\u0151berecki \u2013 S\u00e1rospatak \u2013 Fels\u0151berecki \u2013 Borsi 9 km veslovanie 28 km cyklotrasa<\/em><\/strong><\/p>\n<p style=\"text-align: justify;\">T\u00fara za\u010d\u00edna v Bor\u0161i (52 km). Po p\u00e1dlovan\u00ed asi 4,5 km dole pr\u00fadom na Bodrogu skon\u010d\u00edme na \u013eavom brehu rieky pri Fels\u0151berecki. Lode m\u00f4\u017eu zosta\u0165 ukotven\u00e9 ved\u013ea m\u00f3la. Na brehu v chate Bodrog sa nach\u00e1dza bufet s ob\u010derstven\u00edm. V obci sa nach\u00e1dza chr\u00e1nen\u00e1 priemyseln\u00e1 pamiatka, postaven\u00e1 v roku 1896, \u010derpacia stanica J\u00f3zsefa Majl\u00e1tha. Bicykle si m\u00f4\u017eete po\u017ei\u010da\u0165 v chate Bodrog, odtia\u013e \u00a0cca po 14 km sa dostanete do S\u00e1rospataku. V meste S\u00e1rospatak medzi bohat\u00fdmi pamiatkami vynik\u00e1 R\u00e1k\u00f3cziho hrad a hradn\u00e9 m\u00fazeum: <a href=\"https:\/\/www.rakoczimuzeum.hu\/hu\/\">https:\/\/www.rakoczimuzeum.hu\/hu\/<\/a><\/p>\n<p style=\"text-align: justify;\">Spiato\u010dn\u00e1 cesta V\u00e1m zaberie viac \u010dasu, nako\u013eko budete veslova\u0165 proti pr\u00fadu. Netreba sa b\u00e1\u0165, preto\u017ee Bodrog te\u010die ve\u013emi pomaly.<\/p>\n","protected":false},"excerpt":{"rendered":"<p>Turistick\u00e9 trasy Vodn\u00e9 t\u00fary na Bodrogu z vodn\u00e9ho t\u00e1bora v Bor\u0161i vhodn\u00e9 pre rodiny s de\u0165mi. Bodrog v s\u00fa\u010dasnosti vznik\u00e1 \u00a0s\u00fatokom \u00a0riek Ondava a Latorica, rieka<span class=\"excerpt-hellip\"> [\u2026]<\/span><\/p>\n","protected":false},"author":1,"featured_media":0,"parent":0,"menu_order":0,"comment_status":"closed","ping_status":"closed","template":"","meta":[],"yoast_head":"<!-- This site is optimized with the Yoast SEO plugin v15.9.2 - https:\/\/yoast.com\/wordpress\/plugins\/seo\/ -->\n<title>Turistick\u00e9 trasy - BORSI R\u00c1K\u00d3CZI KAST\u00c9LY<\/title>\n<meta name=\"robots\" content=\"index, follow, max-snippet:-1, max-image-preview:large, max-video-preview:-1\" \/>\n<link rel=\"canonical\" href=\"https:\/\/www.borsikastely.eu\/sk\/turisticke-trasy\/\" \/>\n<meta property=\"og:locale\" content=\"sk_SK\" \/>\n<meta property=\"og:type\" content=\"article\" \/>\n<meta property=\"og:title\" content=\"Turistick\u00e9 trasy - BORSI R\u00c1K\u00d3CZI KAST\u00c9LY\" \/>\n<meta property=\"og:description\" content=\"Turistick\u00e9 trasy Vodn\u00e9 t\u00fary na Bodrogu z vodn\u00e9ho t\u00e1bora v Bor\u0161i vhodn\u00e9 pre rodiny s de\u0165mi. Bodrog v s\u00fa\u010dasnosti vznik\u00e1 \u00a0s\u00fatokom \u00a0riek Ondava a Latorica, rieka [\u2026]\" \/>\n<meta property=\"og:url\" content=\"https:\/\/www.borsikastely.eu\/sk\/turisticke-trasy\/\" \/>\n<meta property=\"og:site_name\" content=\"BORSI R\u00c1K\u00d3CZI KAST\u00c9LY\" \/>\n<meta name=\"twitter:card\" content=\"summary_large_image\" \/>\n<meta name=\"twitter:label1\" content=\"Predpokladan\u00fd \u010das \u010d\u00edtania\">\n\t<meta name=\"twitter:data1\" content=\"3 min\u00faty\">\n<script type=\"application\/ld+json\" class=\"yoast-schema-graph\">{\"@context\":\"https:\/\/schema.org\",\"@graph\":[{\"@type\":\"WebSite\",\"@id\":\"https:\/\/www.borsikastely.eu\/#website\",\"url\":\"https:\/\/www.borsikastely.eu\/\",\"name\":\"BORSI R\\u00c1K\\u00d3CZI KAST\\u00c9LY\",\"description\":\"\",\"potentialAction\":[{\"@type\":\"SearchAction\",\"target\":\"https:\/\/www.borsikastely.eu\/?s={search_term_string}\",\"query-input\":\"required name=search_term_string\"}],\"inLanguage\":\"sk-SK\"},{\"@type\":\"WebPage\",\"@id\":\"https:\/\/www.borsikastely.eu\/sk\/turisticke-trasy\/#webpage\",\"url\":\"https:\/\/www.borsikastely.eu\/sk\/turisticke-trasy\/\",\"name\":\"Turistick\\u00e9 trasy - BORSI R\\u00c1K\\u00d3CZI KAST\\u00c9LY\",\"isPartOf\":{\"@id\":\"https:\/\/www.borsikastely.eu\/#website\"},\"datePublished\":\"2024-04-22T13:00:47+00:00\",\"dateModified\":\"2024-04-22T13:00:47+00:00\",\"breadcrumb\":{\"@id\":\"https:\/\/www.borsikastely.eu\/sk\/turisticke-trasy\/#breadcrumb\"},\"inLanguage\":\"sk-SK\",\"potentialAction\":[{\"@type\":\"ReadAction\",\"target\":[\"https:\/\/www.borsikastely.eu\/sk\/turisticke-trasy\/\"]}]},{\"@type\":\"BreadcrumbList\",\"@id\":\"https:\/\/www.borsikastely.eu\/sk\/turisticke-trasy\/#breadcrumb\",\"itemListElement\":[{\"@type\":\"ListItem\",\"position\":1,\"item\":{\"@type\":\"WebPage\",\"@id\":\"https:\/\/www.borsikastely.eu\/sk\/\",\"url\":\"https:\/\/www.borsikastely.eu\/sk\/\",\"name\":\"Kezd\\u0151lap\"}},{\"@type\":\"ListItem\",\"position\":2,\"item\":{\"@type\":\"WebPage\",\"@id\":\"https:\/\/www.borsikastely.eu\/sk\/turisticke-trasy\/\",\"url\":\"https:\/\/www.borsikastely.eu\/sk\/turisticke-trasy\/\",\"name\":\"Turistick\\u00e9 trasy\"}}]}]}<\/script>\n<!-- \/ Yoast SEO plugin. -->","_links":{"self":[{"href":"https:\/\/www.borsikastely.eu\/sk\/wp-json\/wp\/v2\/pages\/4606"}],"collection":[{"href":"https:\/\/www.borsikastely.eu\/sk\/wp-json\/wp\/v2\/pages"}],"about":[{"href":"https:\/\/www.borsikastely.eu\/sk\/wp-json\/wp\/v2\/types\/page"}],"author":[{"embeddable":true,"href":"https:\/\/www.borsikastely.eu\/sk\/wp-json\/wp\/v2\/users\/1"}],"replies":[{"embeddable":true,"href":"https:\/\/www.borsikastely.eu\/sk\/wp-json\/wp\/v2\/comments?post=4606"}],"version-history":[{"count":1,"href":"https:\/\/www.borsikastely.eu\/sk\/wp-json\/wp\/v2\/pages\/4606\/revisions"}],"predecessor-version":[{"id":4607,"href":"https:\/\/www.borsikastely.eu\/sk\/wp-json\/wp\/v2\/pages\/4606\/revisions\/4607"}],"wp:attachment":[{"href":"https:\/\/www.borsikastely.eu\/sk\/wp-json\/wp\/v2\/media?parent=4606"}],"curies":[{"name":"wp","href":"https:\/\/api.w.org\/{rel}","templated":true}]}}