{"id":4122,"date":"2023-06-29T13:30:42","date_gmt":"2023-06-29T11:30:42","guid":{"rendered":"https:\/\/www.borsikastely.eu\/rendezvenyhelyszin\/"},"modified":"2023-07-04T22:26:48","modified_gmt":"2023-07-04T20:26:48","slug":"miestnost-pre-usporiadanie-podujati","status":"publish","type":"page","link":"https:\/\/www.borsikastely.eu\/sk\/miestnost-pre-usporiadanie-podujati\/","title":{"rendered":"MIESTNOS\u0164 PRE USPORIADANIE PODUJAT\u00cd"},"content":{"rendered":"<p>[vc_row][vc_column][vc_column_text]<\/p>\n<h1 style=\"text-align: center;\">MIESTNOS\u0164 PRE USPORIADANIE PODUJAT\u00cd<\/h1>\n<p>[\/vc_column_text][vc_row_inner][vc_column_inner width=&#8220;1\/2&#8243;][vc_column_text el_class=&#8220;rendezvenydoboz&#8220;]<\/p>\n<h2 style=\"text-align: center;\"><a href=\"https:\/\/www.borsikastely.eu\/sk\/rodinne-priatelske-posedenia\/\">Rodinn\u00e9, priate\u013esk\u00e9 posedenia<\/a><\/h2>\n<p style=\"text-align: center;\">Jedine\u010dn\u00e9, \u0161peci\u00e1lne a romantick\u00e9 miesto: Renesan\u010dn\u00e1 perla Medzibodro\u017eia &#8211; Ka\u0161tie\u013e R\u00e1k\u00f3czi, Bor\u0161a<\/p>\n<p>[\/vc_column_text][\/vc_column_inner][vc_column_inner width=&#8220;1\/2&#8243;][vc_column_text el_class=&#8220;rendezvenydoboz&#8220;]<\/p>\n<h2 style=\"text-align: center;\"><a href=\"https:\/\/www.borsikastely.eu\/sk\/podnikom-firmam\/\">Podnikom, firm\u00e1m<\/a><\/h2>\n<p style=\"text-align: center;\">Usporiadajte u n\u00e1s, konferencie, porady, teambuildingy!<\/p>\n<p>[\/vc_column_text][\/vc_column_inner][\/vc_row_inner][\/vc_column][\/vc_row]<\/p>\n","protected":false},"excerpt":{"rendered":"<p>[vc_row][vc_column][vc_column_text] MIESTNOS\u0164 PRE USPORIADANIE PODUJAT\u00cd [\/vc_column_text][vc_row_inner][vc_column_inner width=&#8220;1\/2&#8243;][vc_column_text el_class=&#8220;rendezvenydoboz&#8220;] Rodinn\u00e9, priate\u013esk\u00e9 posedenia Jedine\u010dn\u00e9, \u0161peci\u00e1lne a romantick\u00e9 miesto: Renesan\u010dn\u00e1 perla Medzibodro\u017eia &#8211; Ka\u0161tie\u013e R\u00e1k\u00f3czi, Bor\u0161a [\/vc_column_text][\/vc_column_inner][vc_column_inner width=&#8220;1\/2&#8243;][vc_column_text el_class=&#8220;rendezvenydoboz&#8220;]<span class=\"excerpt-hellip\"> [\u2026]<\/span><\/p>\n","protected":false},"author":1,"featured_media":0,"parent":0,"menu_order":0,"comment_status":"closed","ping_status":"closed","template":"","meta":[],"yoast_head":"<!-- This site is optimized with the Yoast SEO plugin v15.9.2 - https:\/\/yoast.com\/wordpress\/plugins\/seo\/ -->\n<title>MIESTNOS\u0164 PRE USPORIADANIE PODUJAT\u00cd - BORSI R\u00c1K\u00d3CZI KAST\u00c9LY<\/title>\n<meta name=\"robots\" content=\"index, follow, max-snippet:-1, max-image-preview:large, max-video-preview:-1\" \/>\n<link rel=\"canonical\" href=\"https:\/\/www.borsikastely.eu\/sk\/miestnost-pre-usporiadanie-podujati\/\" \/>\n<meta property=\"og:locale\" content=\"sk_SK\" \/>\n<meta property=\"og:type\" content=\"article\" \/>\n<meta property=\"og:title\" content=\"MIESTNOS\u0164 PRE USPORIADANIE PODUJAT\u00cd - BORSI R\u00c1K\u00d3CZI KAST\u00c9LY\" \/>\n<meta property=\"og:description\" content=\"[vc_row][vc_column][vc_column_text] MIESTNOS\u0164 PRE USPORIADANIE PODUJAT\u00cd [\/vc_column_text][vc_row_inner][vc_column_inner width=&#8220;1\/2&#8243;][vc_column_text el_class=&#8220;rendezvenydoboz&#8220;] Rodinn\u00e9, priate\u013esk\u00e9 posedenia Jedine\u010dn\u00e9, \u0161peci\u00e1lne a romantick\u00e9 miesto: Renesan\u010dn\u00e1 perla Medzibodro\u017eia &#8211; Ka\u0161tie\u013e R\u00e1k\u00f3czi, Bor\u0161a [\/vc_column_text][\/vc_column_inner][vc_column_inner width=&#8220;1\/2&#8243;][vc_column_text el_class=&#8220;rendezvenydoboz&#8220;] [\u2026]\" \/>\n<meta property=\"og:url\" content=\"https:\/\/www.borsikastely.eu\/sk\/miestnost-pre-usporiadanie-podujati\/\" \/>\n<meta property=\"og:site_name\" content=\"BORSI R\u00c1K\u00d3CZI KAST\u00c9LY\" \/>\n<meta property=\"article:modified_time\" content=\"2023-07-04T20:26:48+00:00\" \/>\n<meta name=\"twitter:card\" content=\"summary_large_image\" \/>\n<meta name=\"twitter:label1\" content=\"Predpokladan\u00fd \u010das \u010d\u00edtania\">\n\t<meta name=\"twitter:data1\" content=\"1 min\u00fata\">\n<script type=\"application\/ld+json\" class=\"yoast-schema-graph\">{\"@context\":\"https:\/\/schema.org\",\"@graph\":[{\"@type\":\"WebSite\",\"@id\":\"https:\/\/www.borsikastely.eu\/#website\",\"url\":\"https:\/\/www.borsikastely.eu\/\",\"name\":\"BORSI R\\u00c1K\\u00d3CZI KAST\\u00c9LY\",\"description\":\"\",\"potentialAction\":[{\"@type\":\"SearchAction\",\"target\":\"https:\/\/www.borsikastely.eu\/?s={search_term_string}\",\"query-input\":\"required name=search_term_string\"}],\"inLanguage\":\"sk-SK\"},{\"@type\":\"WebPage\",\"@id\":\"https:\/\/www.borsikastely.eu\/sk\/miestnost-pre-usporiadanie-podujati\/#webpage\",\"url\":\"https:\/\/www.borsikastely.eu\/sk\/miestnost-pre-usporiadanie-podujati\/\",\"name\":\"MIESTNOS\\u0164 PRE USPORIADANIE PODUJAT\\u00cd - BORSI R\\u00c1K\\u00d3CZI KAST\\u00c9LY\",\"isPartOf\":{\"@id\":\"https:\/\/www.borsikastely.eu\/#website\"},\"datePublished\":\"2023-06-29T11:30:42+00:00\",\"dateModified\":\"2023-07-04T20:26:48+00:00\",\"breadcrumb\":{\"@id\":\"https:\/\/www.borsikastely.eu\/sk\/miestnost-pre-usporiadanie-podujati\/#breadcrumb\"},\"inLanguage\":\"sk-SK\",\"potentialAction\":[{\"@type\":\"ReadAction\",\"target\":[\"https:\/\/www.borsikastely.eu\/sk\/miestnost-pre-usporiadanie-podujati\/\"]}]},{\"@type\":\"BreadcrumbList\",\"@id\":\"https:\/\/www.borsikastely.eu\/sk\/miestnost-pre-usporiadanie-podujati\/#breadcrumb\",\"itemListElement\":[{\"@type\":\"ListItem\",\"position\":1,\"item\":{\"@type\":\"WebPage\",\"@id\":\"https:\/\/www.borsikastely.eu\/sk\/\",\"url\":\"https:\/\/www.borsikastely.eu\/sk\/\",\"name\":\"Kezd\\u0151lap\"}},{\"@type\":\"ListItem\",\"position\":2,\"item\":{\"@type\":\"WebPage\",\"@id\":\"https:\/\/www.borsikastely.eu\/sk\/miestnost-pre-usporiadanie-podujati\/\",\"url\":\"https:\/\/www.borsikastely.eu\/sk\/miestnost-pre-usporiadanie-podujati\/\",\"name\":\"MIESTNOS\\u0164 PRE USPORIADANIE PODUJAT\\u00cd\"}}]}]}<\/script>\n<!-- \/ Yoast SEO plugin. -->","_links":{"self":[{"href":"https:\/\/www.borsikastely.eu\/sk\/wp-json\/wp\/v2\/pages\/4122"}],"collection":[{"href":"https:\/\/www.borsikastely.eu\/sk\/wp-json\/wp\/v2\/pages"}],"about":[{"href":"https:\/\/www.borsikastely.eu\/sk\/wp-json\/wp\/v2\/types\/page"}],"author":[{"embeddable":true,"href":"https:\/\/www.borsikastely.eu\/sk\/wp-json\/wp\/v2\/users\/1"}],"replies":[{"embeddable":true,"href":"https:\/\/www.borsikastely.eu\/sk\/wp-json\/wp\/v2\/comments?post=4122"}],"version-history":[{"count":3,"href":"https:\/\/www.borsikastely.eu\/sk\/wp-json\/wp\/v2\/pages\/4122\/revisions"}],"predecessor-version":[{"id":4131,"href":"https:\/\/www.borsikastely.eu\/sk\/wp-json\/wp\/v2\/pages\/4122\/revisions\/4131"}],"wp:attachment":[{"href":"https:\/\/www.borsikastely.eu\/sk\/wp-json\/wp\/v2\/media?parent=4122"}],"curies":[{"name":"wp","href":"https:\/\/api.w.org\/{rel}","templated":true}]}}