{"id":3488,"date":"2021-05-10T18:08:49","date_gmt":"2021-05-10T16:08:49","guid":{"rendered":"https:\/\/www.borsikastely.eu\/borsi-rakoczi-kastely-rendezvenyterem-szallas-ellatas\/"},"modified":"2022-10-24T16:27:02","modified_gmt":"2022-10-24T14:27:02","slug":"konferencie-porady-workshopy-teambuildingy","status":"publish","type":"page","link":"https:\/\/www.borsikastely.eu\/sk\/konferencie-porady-workshopy-teambuildingy\/","title":{"rendered":"KONFERENCIE, PORADY, WORKSHOPY &#038; TEAMBUILDINGY"},"content":{"rendered":"<p>[vc_row][vc_column][vc_column_text]<\/p>\n<h1 style=\"text-align: center;\">KA\u0160TIE\u013d R\u00c1K\u00d3CZI BOR\u0160A \u2013 Konfere\u010dn\u00e1 miestnos\u0165, stravovanie, ubytovanie a atrakcie<\/h1>\n<p>[\/vc_column_text][\/vc_column][\/vc_row][vc_row][vc_column][vc_column_text el_class=&#8220;szelesseg&#8220;]<\/p>\n<p style=\"text-align: center;\">Pomp\u00e9zna renesan\u010dn\u00e1 kult\u00farna pamiatka sa nach\u00e1dza necel\u00fdch 5 km od hrani\u010dn\u00e9ho priechodu S\u00e1toralja\u00fajhely \u2013 Slovensk\u00e9 Nov\u00e9 Mesto. Medzi najvz\u00e1cnej\u0161ie historick\u00e9 poznatky patr\u00ed fakt,<\/p>\n<p style=\"text-align: center;\">\u017ee 27.3.1676 v ka\u0161tieli Bor\u0161i uvidel svetlo sveta bud\u00faci vodca posledn\u00e9ho protihabsburgsk\u00e9ho stavovsk\u00e9ho povstania<\/p>\n<p style=\"text-align: center;\">Franti\u0161ek (Ferenc) II. R\u00e1k\u00f3czi.<\/p>\n<p style=\"text-align: center;\">Vytvor\u00edme pre V\u00e1s komplexn\u00fd bal\u00ed\u010dek od ubytovania v Hoteli Brigad\u00edr, cez stravovanie v Re\u0161taur\u00e1cii<\/p>\n<p style=\"text-align: center;\">u K\u0148a\u017enej a\u017e po samostatn\u00e9 pracovn\u00e9 stretnutie v na\u0161ej konferen\u010dnej miestnosti. Po zd\u013ahav\u00fdch<\/p>\n<p style=\"text-align: center;\">porad\u00e1ch sa m\u00f4\u017eete odreagova\u0165 pri na\u0161ich modern\u00fdch atrakci\u00e1ch, alebo sa prejs\u0165 po interakt\u00edvnej v\u00fdstave.<\/p>\n<p style=\"text-align: center;\"><strong>FLEXIBILN\u00dd PROGRAM<\/strong><\/p>\n<p style=\"text-align: center;\">Zorganizujeme pre V\u00e1s jedin\u010den\u00fd program pod\u013ea V\u00e1\u0161ho o\u010dak\u00e1vania.<\/p>\n<p style=\"text-align: center;\"><strong>Konferen\u010dn\u00e9 miestnosti:<\/strong><\/p>\n<p style=\"text-align: center;\">Ve\u013ek\u00e1 s\u00e1la \u2013 90m<sup>2<\/sup>, projektor, premietacie pl\u00e1tno, ozvu\u010denie Kapacita do 70 os\u00f4b<\/p>\n<p style=\"text-align: center;\">Rokovacia miestnos\u0165, (kapacita 12 \u013eud\u00ed pri stole)<\/p>\n<p>[\/vc_column_text][vc_row_inner][vc_column_inner width=&#8220;1\/2&#8243;][vc_single_image image=&#8220;3420&#8243; img_size=&#8220;full&#8220; alignment=&#8220;center&#8220;][\/vc_column_inner][vc_column_inner width=&#8220;1\/2&#8243;][vc_single_image image=&#8220;3427&#8243; img_size=&#8220;full&#8220; alignment=&#8220;center&#8220;][\/vc_column_inner][\/vc_row_inner][vc_column_text]<\/p>\n<p style=\"text-align: center;\"><strong>3* HOTEL Brigad\u00edr:<\/strong><\/p>\n<p style=\"text-align: center;\">20 izieb, z toho 13 superior, 3 deluxe a 4 \u0161tandardn\u00e9<\/p>\n<p style=\"text-align: center;\">k dispoz\u00edcii m\u00e1me aj bezbarierov\u00fa a pets friendly izbu<\/p>\n<p style=\"text-align: center;\">maxim\u00e1lna kapacita 53 host\u00ed<\/p>\n<p>[\/vc_column_text][vc_row_inner][vc_column_inner width=&#8220;1\/2&#8243;][vc_single_image image=&#8220;3450&#8243; img_size=&#8220;full&#8220; alignment=&#8220;center&#8220;][\/vc_column_inner][vc_column_inner width=&#8220;1\/2&#8243;][vc_single_image image=&#8220;3453&#8243; img_size=&#8220;full&#8220; alignment=&#8220;center&#8220;][\/vc_column_inner][\/vc_row_inner][vc_column_text]<\/p>\n<p style=\"text-align: center;\"><strong>RE\u0160TAUR\u00c1CIA U K\u0147A\u017dNEJ:<\/strong><\/p>\n<p style=\"text-align: center;\">Ne\u010faleko rieky Bodrog sa v ka\u0161tieli nach\u00e1dza aj re\u0161taur\u00e1cia, ktor\u00e1 pon\u00faka v\u00fdber r\u00f4znych jed\u00e1l, od miestnych a\u017e po medzin\u00e1rodn\u00fdch \u0161pecial\u00edt.<\/p>\n<p>[\/vc_column_text][vc_row_inner][vc_column_inner width=&#8220;1\/2&#8243;][vc_single_image image=&#8220;3457&#8243; img_size=&#8220;full&#8220; alignment=&#8220;center&#8220;][\/vc_column_inner][vc_column_inner width=&#8220;1\/2&#8243;][vc_single_image image=&#8220;3460&#8243; img_size=&#8220;full&#8220; alignment=&#8220;center&#8220;][\/vc_column_inner][\/vc_row_inner][vc_column_text]<\/p>\n<p style=\"text-align: center;\"><strong>Degust\u00e1cia v pivnici T\u00e1rogat\u00f3:<\/strong><\/p>\n<p style=\"text-align: center;\">Po zd\u013ahav\u00fdch porad\u00e1ch V\u00e1m pon\u00fakame jedine\u010dn\u00fa degust\u00e1ciu z tokajsk\u00fdch v\u00edn, od such\u00fdch a\u017e po viacput\u0148ov\u00e9 so sk\u00fasen\u00fdm odborn\u00edkom.<\/p>\n<p><img loading=\"lazy\" class=\"aligncenter wp-image-3463\" src=\"https:\/\/www.borsikastely.eu\/wp-content\/uploads\/2022\/10\/borkostolas-300x199.jpg\" alt=\"\" width=\"500\" height=\"332\" srcset=\"https:\/\/www.borsikastely.eu\/wp-content\/uploads\/2022\/10\/borkostolas-300x199.jpg 300w, https:\/\/www.borsikastely.eu\/wp-content\/uploads\/2022\/10\/borkostolas-220x146.jpg 220w, https:\/\/www.borsikastely.eu\/wp-content\/uploads\/2022\/10\/borkostolas-50x33.jpg 50w, https:\/\/www.borsikastely.eu\/wp-content\/uploads\/2022\/10\/borkostolas-113x75.jpg 113w, https:\/\/www.borsikastely.eu\/wp-content\/uploads\/2022\/10\/borkostolas-500x332.jpg 500w, https:\/\/www.borsikastely.eu\/wp-content\/uploads\/2022\/10\/borkostolas.jpg 605w\" sizes=\"(max-width: 500px) 100vw, 500px\" \/>[\/vc_column_text][vc_column_text]<\/p>\n<p style=\"text-align: center;\"><strong>Z\u00e1\u017eitky v ka\u0161tieli:<\/strong><\/p>\n<p style=\"text-align: center;\">Interakt\u00edvna expoz\u00edcia o \u017eivote F. R\u00e1k\u00f3cziho<\/p>\n<p style=\"text-align: center;\">Panoramatick\u00e9 premietanie kr\u00e1tkometra\u017en\u00fdch filmov<\/p>\n<p style=\"text-align: center;\">\u00danikov\u00e1 izba \u2013 Escape room<\/p>\n<p style=\"text-align: center;\">Virtu\u00e1lna reality hra<\/p>\n<p style=\"text-align: center;\">Splavovanie rieky Bodrog s kajakmi a kanoe<\/p>\n<p>[\/vc_column_text][vc_row_inner][vc_column_inner width=&#8220;1\/2&#8243;][vc_single_image image=&#8220;3466&#8243; img_size=&#8220;full&#8220; alignment=&#8220;center&#8220;][\/vc_column_inner][vc_column_inner width=&#8220;1\/2&#8243;][vc_single_image image=&#8220;3469&#8243; img_size=&#8220;full&#8220; alignment=&#8220;center&#8220;][\/vc_column_inner][\/vc_row_inner][vc_row_inner][vc_column_inner width=&#8220;1\/2&#8243;][vc_single_image image=&#8220;3472&#8243; img_size=&#8220;full&#8220; alignment=&#8220;center&#8220;][\/vc_column_inner][vc_column_inner width=&#8220;1\/2&#8243;][vc_single_image image=&#8220;3475&#8243; img_size=&#8220;full&#8220; alignment=&#8220;center&#8220;][\/vc_column_inner][\/vc_row_inner][vc_column_text el_class=&#8220;szelesseg&#8220;]<\/p>\n<p style=\"text-align: center;\"><strong>SPOLUPRACOVALI SME:<\/strong><\/p>\n<p style=\"text-align: center;\"><strong>B. Braun<\/strong><\/p>\n<p style=\"text-align: center;\"><strong>EUSTREAM<\/strong><\/p>\n<p style=\"text-align: center;\"><strong>MAS Starom\u011bstsko, z.s.<\/strong><\/p>\n<p style=\"text-align: center;\"><strong>Pro Energy<\/strong><\/p>\n<p style=\"text-align: center;\"><strong>PSS &#8211; prv\u00e1 stavebn\u00e1 sporite\u013e\u0148a<\/strong><\/p>\n<p style=\"text-align: center;\"><strong>R\u00e1k\u00f3czi sz\u00f6vets\u00e9g<\/strong><\/p>\n<p style=\"text-align: center;\"><strong>S\u00f3stoi\u00a0M\u00fazeumfalu<\/strong><\/p>\n<p style=\"text-align: center;\"><strong>Slovakia.travel\u00a0<\/strong><\/p>\n<p style=\"text-align: center;\"><strong>V\u00e1rday Kata Reform\u00e1tus \u00c1ltal\u00e1nos Iskola Gimn\u00e1zium \u00e9s Koll\u00e9gium<\/strong><\/p>\n<p>[\/vc_column_text][vc_column_text el_class=&#8220;szelesseg&#8220;]<\/p>\n<p style=\"text-align: center;\"><strong>TE\u0160\u00cdME SA NA V\u00c1S<\/strong><\/p>\n<p style=\"text-align: center;\"><strong>Adresa: ulica F. R\u00e1kocziho 102\/32, 076 32 Bor\u0161a<\/strong><\/p>\n<p style=\"text-align: center;\"><strong>mail: <a href=\"mailto:office@rakoczi.no\">office@rakoczi.no<\/a><\/strong><\/p>\n<p style=\"text-align: center;\"><strong>honlap: www.borsikastely.eu<\/strong><\/p>\n<p style=\"text-align: center;\"><strong><a href=\"https:\/\/www.facebook.com\/kastielrakoczi\">www.facebook.com\/kastielrakoczi<\/a><\/strong><\/p>\n<p style=\"text-align: center;\"><strong><img loading=\"lazy\" class=\"aligncenter wp-image-3479\" src=\"https:\/\/www.borsikastely.eu\/wp-content\/uploads\/2022\/10\/szeretettel-varunk-300x199.jpg\" alt=\"\" width=\"500\" height=\"332\" srcset=\"https:\/\/www.borsikastely.eu\/wp-content\/uploads\/2022\/10\/szeretettel-varunk-300x199.jpg 300w, https:\/\/www.borsikastely.eu\/wp-content\/uploads\/2022\/10\/szeretettel-varunk-220x146.jpg 220w, https:\/\/www.borsikastely.eu\/wp-content\/uploads\/2022\/10\/szeretettel-varunk-50x33.jpg 50w, https:\/\/www.borsikastely.eu\/wp-content\/uploads\/2022\/10\/szeretettel-varunk-113x75.jpg 113w, https:\/\/www.borsikastely.eu\/wp-content\/uploads\/2022\/10\/szeretettel-varunk-500x332.jpg 500w, https:\/\/www.borsikastely.eu\/wp-content\/uploads\/2022\/10\/szeretettel-varunk.jpg 605w\" sizes=\"(max-width: 500px) 100vw, 500px\" \/>\u00a0<\/strong><\/p>\n<p style=\"text-align: center;\"><strong>V\u00ddLETY V OKOL\u00cd<\/strong><\/p>\n<p><strong>\u00a0<\/strong><\/p>\n<p style=\"text-align: center;\"><strong>Na\u0161e Tipy<\/strong><\/p>\n<p style=\"text-align: center;\"><strong>wellness <\/strong>15 min\u00fat s autom: <strong>R\u00e1k\u00f3czi T\u00e1bor \u00e9s Rendezv\u00e9nyk\u00f6zpont <\/strong>(S\u00e1toralja\u00fajhely, HU)<\/p>\n<p style=\"text-align: center;\"><strong>Zempl\u00e9ni Kalandpark <\/strong>(Z\u00e1\u017eitkov\u00fd park) \u2013 S\u00e1toralja\u00fajhely<\/p>\n<p style=\"text-align: center;\">(HU, 6,7 km, cca. 10 min\u00fat)<\/p>\n<p>&nbsp;<\/p>\n<p style=\"text-align: center;\"><strong>Po\u017ei\u010dov\u0148a bicyklov a e-bikov<\/strong><\/p>\n<p style=\"text-align: center;\">Vini\u010dky (3,8km cca 5min.)<\/p>\n<p style=\"text-align: center;\">S\u00e1toralja\u00fajhely (HU, 6 km, cca. 12 min.)<\/p>\n<p>&nbsp;<\/p>\n<p style=\"text-align: center;\"><strong>Pr\u00edroda<\/strong><\/p>\n<p style=\"text-align: center;\">Zrucanina hradu Ve\u013ek\u00fd Kamenec \u2013 (Ve\u013ek\u00fd Kamenec, 12 km, cca. 13 min\u00fat)<\/p>\n<p style=\"text-align: center;\">Najni\u017e\u0161\u00ed bod Slovenska \u2013 (Klin nad Bodrogom, 10km, cca. 12 min\u00fat)<\/p>\n<p style=\"text-align: center;\">Herliansky gejz\u00edr \u2013 (Her\u013eany, 63km, cca. 1 hod.)<\/p>\n<p style=\"text-align: center;\">K\u00e1lv\u00e1ria \u2013 S\u00e1toralja\u00fajhely (HU, 6 km, cca. 12 perc)<\/p>\n<p style=\"text-align: center;\">Morsk\u00e9 oko \u2013 K\u00e1rolyfalva (HU, 18 km, cca. 25 perc)<\/p>\n<p>&nbsp;<\/p>\n<p style=\"text-align: center;\"><strong>Kult\u00fara<\/strong><\/p>\n<p style=\"text-align: center;\">Reformovan\u00fd kostol &#8211; Bor\u0161a<\/p>\n<p style=\"text-align: center;\">Muze\u00e1lna expoz\u00edcia J. Mail\u00e1tha \u2013 (Kr\u00e1\u013eovsk\u00fd Chlmec 25 km, cca. 25 min\u00fat)<\/p>\n<p style=\"text-align: center;\">Malohore\u0161sk\u00e9 pivnice &#8211; (Mal\u00fd Hore\u0161, 23 km, cca. 25 min\u00fat)<\/p>\n<p style=\"text-align: center;\">M\u00fazeum Trebi\u0161ov \u2013 Ka\u0161tie\u013e Andr\u00e1ssyovcov \u2013 (Trebi\u0161ov, 31 km, cca. 30 min\u00fat)<\/p>\n<p style=\"text-align: center;\">Hrobka \u0160. Dob\u00f3a (Rusk\u00e1, 48 km, cca. 43 min\u00fat)<\/p>\n<p style=\"text-align: center;\">Br\u00e1na N\u00e1deje \u2013 (Ve\u013ek\u00e9 Slemence, 50 km, cca. 48 min\u00fat)<\/p>\n<p style=\"text-align: center;\">Ko\u0161ice (65 km, cca. 1 hod.)<\/p>\n<p style=\"text-align: center;\">M\u00fazeum F. Kazinczyho \u2013 S\u00e1toralja\u00fajhely (HU, 5 km, cca. 7 min\u00fat)<\/p>\n<p style=\"text-align: center;\">Ka\u0161tie\u013e K\u00e1rolyi \u2013 F\u00fcz\u00e9rradv\u00e1ny (HU, 23 km, cca. 27 min\u00fat)<\/p>\n<p style=\"text-align: center;\">Hrad R\u00e1k\u00f3cziho \u2013 S\u00e1rospatak (HU, 18 km, cca. 23 min\u00fat)<\/p>\n<p>&nbsp;<\/p>\n<p style=\"text-align: center;\"><strong>Z\u00e1\u017eitok, \u0160port <\/strong><\/p>\n<p style=\"text-align: center;\">Jazda na koni &#8211; Majer BARA \u2013 (Mal\u00e1 Bara, SK, 6 km, 10 min\u00fat)<\/p>\n<p style=\"text-align: center;\">Let nad Medzibodro\u017e\u00edm (Streda nad Bodrogom)<\/p>\n<p style=\"text-align: center;\"><strong>Plavba \u013eo\u010fou &#8211; (Vini\u010dky, SK, 4,8 km, cca. 7 perc)<\/strong><\/p>\n<p>[\/vc_column_text][\/vc_column][\/vc_row]<\/p>\n","protected":false},"excerpt":{"rendered":"<p>[vc_row][vc_column][vc_column_text] KA\u0160TIE\u013d R\u00c1K\u00d3CZI BOR\u0160A \u2013 Konfere\u010dn\u00e1 miestnos\u0165, stravovanie, ubytovanie a atrakcie [\/vc_column_text][\/vc_column][\/vc_row][vc_row][vc_column][vc_column_text el_class=&#8220;szelesseg&#8220;] Pomp\u00e9zna renesan\u010dn\u00e1 kult\u00farna pamiatka sa nach\u00e1dza necel\u00fdch 5 km od hrani\u010dn\u00e9ho priechodu S\u00e1toralja\u00fajhely<span class=\"excerpt-hellip\"> [\u2026]<\/span><\/p>\n","protected":false},"author":1,"featured_media":0,"parent":0,"menu_order":0,"comment_status":"closed","ping_status":"closed","template":"","meta":[],"yoast_head":"<!-- This site is optimized with the Yoast SEO plugin v15.9.2 - https:\/\/yoast.com\/wordpress\/plugins\/seo\/ -->\n<title>KONFERENCIE, PORADY, WORKSHOPY &amp; TEAMBUILDINGY - BORSI R\u00c1K\u00d3CZI KAST\u00c9LY<\/title>\n<meta name=\"robots\" content=\"index, follow, max-snippet:-1, max-image-preview:large, max-video-preview:-1\" \/>\n<link rel=\"canonical\" href=\"https:\/\/www.borsikastely.eu\/sk\/konferencie-porady-workshopy-teambuildingy\/\" \/>\n<meta property=\"og:locale\" content=\"sk_SK\" \/>\n<meta property=\"og:type\" content=\"article\" \/>\n<meta property=\"og:title\" content=\"KONFERENCIE, PORADY, WORKSHOPY &amp; TEAMBUILDINGY - BORSI R\u00c1K\u00d3CZI KAST\u00c9LY\" \/>\n<meta property=\"og:description\" content=\"[vc_row][vc_column][vc_column_text] KA\u0160TIE\u013d R\u00c1K\u00d3CZI BOR\u0160A \u2013 Konfere\u010dn\u00e1 miestnos\u0165, stravovanie, ubytovanie a atrakcie [\/vc_column_text][\/vc_column][\/vc_row][vc_row][vc_column][vc_column_text el_class=&#8220;szelesseg&#8220;] Pomp\u00e9zna renesan\u010dn\u00e1 kult\u00farna pamiatka sa nach\u00e1dza necel\u00fdch 5 km od hrani\u010dn\u00e9ho priechodu S\u00e1toralja\u00fajhely [\u2026]\" \/>\n<meta property=\"og:url\" content=\"https:\/\/www.borsikastely.eu\/sk\/konferencie-porady-workshopy-teambuildingy\/\" \/>\n<meta property=\"og:site_name\" content=\"BORSI R\u00c1K\u00d3CZI KAST\u00c9LY\" \/>\n<meta property=\"article:modified_time\" content=\"2022-10-24T14:27:02+00:00\" \/>\n<meta property=\"og:image\" content=\"https:\/\/www.borsikastely.eu\/wp-content\/uploads\/2022\/10\/borkostolas-300x199.jpg\" \/>\n<meta name=\"twitter:card\" content=\"summary_large_image\" \/>\n<meta name=\"twitter:label1\" content=\"Predpokladan\u00fd \u010das \u010d\u00edtania\">\n\t<meta name=\"twitter:data1\" content=\"3 min\u00faty\">\n<script type=\"application\/ld+json\" class=\"yoast-schema-graph\">{\"@context\":\"https:\/\/schema.org\",\"@graph\":[{\"@type\":\"WebSite\",\"@id\":\"https:\/\/www.borsikastely.eu\/#website\",\"url\":\"https:\/\/www.borsikastely.eu\/\",\"name\":\"BORSI R\\u00c1K\\u00d3CZI KAST\\u00c9LY\",\"description\":\"\",\"potentialAction\":[{\"@type\":\"SearchAction\",\"target\":\"https:\/\/www.borsikastely.eu\/?s={search_term_string}\",\"query-input\":\"required name=search_term_string\"}],\"inLanguage\":\"sk-SK\"},{\"@type\":\"ImageObject\",\"@id\":\"https:\/\/www.borsikastely.eu\/sk\/konferencie-porady-workshopy-teambuildingy\/#primaryimage\",\"inLanguage\":\"sk-SK\",\"url\":\"https:\/\/www.borsikastely.eu\/wp-content\/uploads\/2022\/10\/borkostolas.jpg\",\"width\":605,\"height\":402},{\"@type\":\"WebPage\",\"@id\":\"https:\/\/www.borsikastely.eu\/sk\/konferencie-porady-workshopy-teambuildingy\/#webpage\",\"url\":\"https:\/\/www.borsikastely.eu\/sk\/konferencie-porady-workshopy-teambuildingy\/\",\"name\":\"KONFERENCIE, PORADY, WORKSHOPY & TEAMBUILDINGY - BORSI R\\u00c1K\\u00d3CZI KAST\\u00c9LY\",\"isPartOf\":{\"@id\":\"https:\/\/www.borsikastely.eu\/#website\"},\"primaryImageOfPage\":{\"@id\":\"https:\/\/www.borsikastely.eu\/sk\/konferencie-porady-workshopy-teambuildingy\/#primaryimage\"},\"datePublished\":\"2021-05-10T16:08:49+00:00\",\"dateModified\":\"2022-10-24T14:27:02+00:00\",\"breadcrumb\":{\"@id\":\"https:\/\/www.borsikastely.eu\/sk\/konferencie-porady-workshopy-teambuildingy\/#breadcrumb\"},\"inLanguage\":\"sk-SK\",\"potentialAction\":[{\"@type\":\"ReadAction\",\"target\":[\"https:\/\/www.borsikastely.eu\/sk\/konferencie-porady-workshopy-teambuildingy\/\"]}]},{\"@type\":\"BreadcrumbList\",\"@id\":\"https:\/\/www.borsikastely.eu\/sk\/konferencie-porady-workshopy-teambuildingy\/#breadcrumb\",\"itemListElement\":[{\"@type\":\"ListItem\",\"position\":1,\"item\":{\"@type\":\"WebPage\",\"@id\":\"https:\/\/www.borsikastely.eu\/sk\/\",\"url\":\"https:\/\/www.borsikastely.eu\/sk\/\",\"name\":\"Kezd\\u0151lap\"}},{\"@type\":\"ListItem\",\"position\":2,\"item\":{\"@type\":\"WebPage\",\"@id\":\"https:\/\/www.borsikastely.eu\/sk\/konferencie-porady-workshopy-teambuildingy\/\",\"url\":\"https:\/\/www.borsikastely.eu\/sk\/konferencie-porady-workshopy-teambuildingy\/\",\"name\":\"KONFERENCIE, PORADY, WORKSHOPY &#038; TEAMBUILDINGY\"}}]}]}<\/script>\n<!-- \/ Yoast SEO plugin. -->","_links":{"self":[{"href":"https:\/\/www.borsikastely.eu\/sk\/wp-json\/wp\/v2\/pages\/3488"}],"collection":[{"href":"https:\/\/www.borsikastely.eu\/sk\/wp-json\/wp\/v2\/pages"}],"about":[{"href":"https:\/\/www.borsikastely.eu\/sk\/wp-json\/wp\/v2\/types\/page"}],"author":[{"embeddable":true,"href":"https:\/\/www.borsikastely.eu\/sk\/wp-json\/wp\/v2\/users\/1"}],"replies":[{"embeddable":true,"href":"https:\/\/www.borsikastely.eu\/sk\/wp-json\/wp\/v2\/comments?post=3488"}],"version-history":[{"count":3,"href":"https:\/\/www.borsikastely.eu\/sk\/wp-json\/wp\/v2\/pages\/3488\/revisions"}],"predecessor-version":[{"id":3492,"href":"https:\/\/www.borsikastely.eu\/sk\/wp-json\/wp\/v2\/pages\/3488\/revisions\/3492"}],"wp:attachment":[{"href":"https:\/\/www.borsikastely.eu\/sk\/wp-json\/wp\/v2\/media?parent=3488"}],"curies":[{"name":"wp","href":"https:\/\/api.w.org\/{rel}","templated":true}]}}