{"id":3291,"date":"2022-07-20T11:14:21","date_gmt":"2022-07-20T09:14:21","guid":{"rendered":"https:\/\/www.borsikastely.eu\/kajak-kenu-foglalas\/"},"modified":"2022-07-21T12:05:43","modified_gmt":"2022-07-21T10:05:43","slug":"rezervacia-kajakov-a-kanoe","status":"publish","type":"page","link":"https:\/\/www.borsikastely.eu\/sk\/rezervacia-kajakov-a-kanoe\/","title":{"rendered":"Rezerv\u00e1cia kajakov a kanoe"},"content":{"rendered":"<p>[vc_row][vc_column][vc_column_text]<\/p>\n<h1 style=\"text-align: center;\">Rezerv\u00e1cia kajakov a kanoe<\/h1>\n<p>[\/vc_column_text][\/vc_column][\/vc_row][vc_row][vc_column][vc_column_text]<div role=\"form\" class=\"wpcf7\" id=\"wpcf7-f3293-o1\" lang=\"hu-HU\" dir=\"ltr\">\n<div class=\"screen-reader-response\"><p role=\"status\" aria-live=\"polite\" aria-atomic=\"true\"><\/p> <ul><\/ul><\/div>\n<form action=\"\/sk\/wp-json\/wp\/v2\/pages\/3291#wpcf7-f3293-o1\" method=\"post\" class=\"wpcf7-form init\" novalidate=\"novalidate\" data-status=\"init\">\n<div style=\"display: none;\">\n<input type=\"hidden\" name=\"_wpcf7\" value=\"3293\" \/>\n<input type=\"hidden\" name=\"_wpcf7_version\" value=\"5.4.2\" \/>\n<input type=\"hidden\" name=\"_wpcf7_locale\" value=\"hu_HU\" \/>\n<input type=\"hidden\" name=\"_wpcf7_unit_tag\" value=\"wpcf7-f3293-o1\" \/>\n<input type=\"hidden\" name=\"_wpcf7_container_post\" value=\"0\" \/>\n<input type=\"hidden\" name=\"_wpcf7_posted_data_hash\" value=\"\" \/>\n<input type=\"hidden\" name=\"_wpcf7_recaptcha_response\" value=\"\" \/>\n<\/div>\n<div class=\"column one-second\">\n<div class=\"column one\"><span class=\"wpcf7-form-control-wrap nev\"><input type=\"text\" name=\"nev\" value=\"\" size=\"40\" class=\"wpcf7-form-control wpcf7-text wpcf7-validates-as-required\" aria-required=\"true\" aria-invalid=\"false\" placeholder=\"Meno a priezvisko\" \/><\/span><\/div>\n<div class=\"column one\">Chcem si prepo\u017ei\u010da\u0165:<\/div>\n<div class=\"column one-second\"><span class=\"wpcf7-form-control-wrap kajak\"><input type=\"number\" name=\"kajak\" value=\"\" class=\"wpcf7-form-control wpcf7-number wpcf7-validates-as-required wpcf7-validates-as-number\" min=\"1\" max=\"10\" aria-required=\"true\" aria-invalid=\"false\" placeholder=\"0\" \/><\/span> Kajak kusov<\/div>\n<div class=\"column one-second\"><span class=\"wpcf7-form-control-wrap kenu\"><input type=\"number\" name=\"kenu\" value=\"\" class=\"wpcf7-form-control wpcf7-number wpcf7-validates-as-required wpcf7-validates-as-number\" min=\"1\" max=\"5\" aria-required=\"true\" aria-invalid=\"false\" placeholder=\"0\" \/><\/span> Kanoe kusov<\/div>\n<div class=\"column one\">D\u00e1tum od - do:<\/div>\n<div class=\"column one-second\"><span class=\"wpcf7-form-control-wrap kezdo\"><input type=\"date\" name=\"kezdo\" value=\"\" class=\"wpcf7-form-control wpcf7-date wpcf7-validates-as-required wpcf7-validates-as-date\" aria-required=\"true\" aria-invalid=\"false\" placeholder=\"od\" \/><\/span><\/div>\n<div class=\"column one-second\"><span class=\"wpcf7-form-control-wrap vege\"><input type=\"date\" name=\"vege\" value=\"\" class=\"wpcf7-form-control wpcf7-date wpcf7-validates-as-required wpcf7-validates-as-date\" aria-required=\"true\" aria-invalid=\"false\" placeholder=\"do\" \/><\/span><\/div>\n<div class=\"column one\"><span class=\"wpcf7-form-control-wrap telefon\"><input type=\"text\" name=\"telefon\" value=\"\" size=\"40\" class=\"wpcf7-form-control wpcf7-text wpcf7-validates-as-required\" aria-required=\"true\" aria-invalid=\"false\" placeholder=\"Telef\u00f3n\" \/><\/span><\/div>\n<div class=\"column one\"><span class=\"wpcf7-form-control-wrap email\"><input type=\"email\" name=\"email\" value=\"\" size=\"40\" class=\"wpcf7-form-control wpcf7-text wpcf7-email wpcf7-validates-as-required wpcf7-validates-as-email\" aria-required=\"true\" aria-invalid=\"false\" placeholder=\"E-mail\" \/><\/span><\/div>\n<div class=\"column one\"><span class=\"wpcf7-form-control-wrap szamlatker\"><span class=\"wpcf7-form-control wpcf7-checkbox\"><span class=\"wpcf7-list-item first last\"><label><span class=\"wpcf7-list-item-label\">Potrebujem fakt\u00faru<\/span><input type=\"checkbox\" name=\"szamlatker[]\" value=\"Potrebujem fakt\u00faru\" \/><\/label><\/span><\/span><\/span><\/div>\n<div class=\"column one\">[group szamlazas]<span class=\"wpcf7-form-control-wrap szamlaadatok\"><input type=\"text\" name=\"szamlaadatok\" value=\"\" size=\"40\" class=\"wpcf7-form-control wpcf7-text wpcf7-validates-as-required\" aria-required=\"true\" aria-invalid=\"false\" placeholder=\"Faktura\u010dn\u00e9 \u00fadaje\" \/><\/span>[\/group]<\/div>\n<\/div>\n<div class=\"column one-second\">\n<div class=\"column one\"><span class=\"wpcf7-form-control-wrap uzenet\"><textarea name=\"uzenet\" cols=\"40\" rows=\"10\" class=\"wpcf7-form-control wpcf7-textarea wpcf7-validates-as-required\" id=\"uzenetbox\" aria-required=\"true\" aria-invalid=\"false\" placeholder=\"Va\u0161a spr\u00e1va\"><\/textarea><\/span><\/div>\n<\/div>\n<div style=\"clear: both;\"><\/div>\n<div class=\"column one\"><span class=\"wpcf7-form-control-wrap uzletifeltetelek\"><span class=\"wpcf7-form-control wpcf7-acceptance\"><span class=\"wpcf7-list-item\"><label><input type=\"checkbox\" name=\"uzletifeltetelek\" value=\"1\" aria-invalid=\"false\" \/><span class=\"wpcf7-list-item-label\">Pre\u010d\u00edtal som a s\u00fahlas\u00edm s obchodn\u00fdmi podmienkami<\/span><\/label><\/span><\/span><\/span><\/div>\n<div class=\"column one\"><span class=\"wpcf7-form-control-wrap adatok\"><span class=\"wpcf7-form-control wpcf7-acceptance\"><span class=\"wpcf7-list-item\"><label><input type=\"checkbox\" name=\"adatok\" value=\"1\" aria-invalid=\"false\" \/><span class=\"wpcf7-list-item-label\">S\u00fahlas\u00edm so spracovan\u00edm osobn\u00fdch \u00fadajov<\/span><\/label><\/span><\/span><\/span><\/div>\n<div class=\"column one\"><input type=\"submit\" value=\"Odosla\u0165 rezerv\u00e1ciu\" class=\"wpcf7-form-control wpcf7-submit\" id=\"kuldesgomb\" \/><\/div>\n<div style=\"clear: both;\"><\/div>\n<div class=\"wpcf7-response-output\" aria-hidden=\"true\"><\/div><\/form><\/div>[\/vc_column_text][\/vc_column][\/vc_row]<\/p>\n","protected":false},"excerpt":{"rendered":"<p>[vc_row][vc_column][vc_column_text] Rezerv\u00e1cia kajakov a kanoe [\/vc_column_text][\/vc_column][\/vc_row][vc_row][vc_column][vc_column_text][\/vc_column_text][\/vc_column][\/vc_row]<\/p>\n","protected":false},"author":1,"featured_media":0,"parent":0,"menu_order":0,"comment_status":"closed","ping_status":"closed","template":"","meta":[],"yoast_head":"<!-- This site is optimized with the Yoast SEO plugin v15.9.2 - https:\/\/yoast.com\/wordpress\/plugins\/seo\/ -->\n<title>Rezerv\u00e1cia kajakov a kanoe - BORSI R\u00c1K\u00d3CZI KAST\u00c9LY<\/title>\n<meta name=\"robots\" content=\"index, follow, max-snippet:-1, max-image-preview:large, max-video-preview:-1\" \/>\n<link rel=\"canonical\" href=\"https:\/\/www.borsikastely.eu\/sk\/rezervacia-kajakov-a-kanoe\/\" \/>\n<meta property=\"og:locale\" content=\"sk_SK\" \/>\n<meta property=\"og:type\" content=\"article\" \/>\n<meta property=\"og:title\" content=\"Rezerv\u00e1cia kajakov a kanoe - BORSI R\u00c1K\u00d3CZI KAST\u00c9LY\" \/>\n<meta property=\"og:description\" content=\"[vc_row][vc_column][vc_column_text] Rezerv\u00e1cia kajakov a kanoe [\/vc_column_text][\/vc_column][\/vc_row][vc_row][vc_column][vc_column_text][\/vc_column_text][\/vc_column][\/vc_row]\" \/>\n<meta property=\"og:url\" content=\"https:\/\/www.borsikastely.eu\/sk\/rezervacia-kajakov-a-kanoe\/\" \/>\n<meta property=\"og:site_name\" content=\"BORSI R\u00c1K\u00d3CZI KAST\u00c9LY\" \/>\n<meta property=\"article:modified_time\" content=\"2022-07-21T10:05:43+00:00\" \/>\n<meta name=\"twitter:card\" content=\"summary_large_image\" \/>\n<meta name=\"twitter:label1\" content=\"Predpokladan\u00fd \u010das \u010d\u00edtania\">\n\t<meta name=\"twitter:data1\" content=\"1 min\u00fata\">\n<script type=\"application\/ld+json\" class=\"yoast-schema-graph\">{\"@context\":\"https:\/\/schema.org\",\"@graph\":[{\"@type\":\"WebSite\",\"@id\":\"https:\/\/www.borsikastely.eu\/#website\",\"url\":\"https:\/\/www.borsikastely.eu\/\",\"name\":\"BORSI R\\u00c1K\\u00d3CZI KAST\\u00c9LY\",\"description\":\"\",\"potentialAction\":[{\"@type\":\"SearchAction\",\"target\":\"https:\/\/www.borsikastely.eu\/?s={search_term_string}\",\"query-input\":\"required name=search_term_string\"}],\"inLanguage\":\"sk-SK\"},{\"@type\":\"WebPage\",\"@id\":\"https:\/\/www.borsikastely.eu\/sk\/rezervacia-kajakov-a-kanoe\/#webpage\",\"url\":\"https:\/\/www.borsikastely.eu\/sk\/rezervacia-kajakov-a-kanoe\/\",\"name\":\"Rezerv\\u00e1cia kajakov a kanoe - BORSI R\\u00c1K\\u00d3CZI KAST\\u00c9LY\",\"isPartOf\":{\"@id\":\"https:\/\/www.borsikastely.eu\/#website\"},\"datePublished\":\"2022-07-20T09:14:21+00:00\",\"dateModified\":\"2022-07-21T10:05:43+00:00\",\"breadcrumb\":{\"@id\":\"https:\/\/www.borsikastely.eu\/sk\/rezervacia-kajakov-a-kanoe\/#breadcrumb\"},\"inLanguage\":\"sk-SK\",\"potentialAction\":[{\"@type\":\"ReadAction\",\"target\":[\"https:\/\/www.borsikastely.eu\/sk\/rezervacia-kajakov-a-kanoe\/\"]}]},{\"@type\":\"BreadcrumbList\",\"@id\":\"https:\/\/www.borsikastely.eu\/sk\/rezervacia-kajakov-a-kanoe\/#breadcrumb\",\"itemListElement\":[{\"@type\":\"ListItem\",\"position\":1,\"item\":{\"@type\":\"WebPage\",\"@id\":\"https:\/\/www.borsikastely.eu\/sk\/\",\"url\":\"https:\/\/www.borsikastely.eu\/sk\/\",\"name\":\"Kezd\\u0151lap\"}},{\"@type\":\"ListItem\",\"position\":2,\"item\":{\"@type\":\"WebPage\",\"@id\":\"https:\/\/www.borsikastely.eu\/sk\/rezervacia-kajakov-a-kanoe\/\",\"url\":\"https:\/\/www.borsikastely.eu\/sk\/rezervacia-kajakov-a-kanoe\/\",\"name\":\"Rezerv\\u00e1cia kajakov a kanoe\"}}]}]}<\/script>\n<!-- \/ Yoast SEO plugin. -->","_links":{"self":[{"href":"https:\/\/www.borsikastely.eu\/sk\/wp-json\/wp\/v2\/pages\/3291"}],"collection":[{"href":"https:\/\/www.borsikastely.eu\/sk\/wp-json\/wp\/v2\/pages"}],"about":[{"href":"https:\/\/www.borsikastely.eu\/sk\/wp-json\/wp\/v2\/types\/page"}],"author":[{"embeddable":true,"href":"https:\/\/www.borsikastely.eu\/sk\/wp-json\/wp\/v2\/users\/1"}],"replies":[{"embeddable":true,"href":"https:\/\/www.borsikastely.eu\/sk\/wp-json\/wp\/v2\/comments?post=3291"}],"version-history":[{"count":2,"href":"https:\/\/www.borsikastely.eu\/sk\/wp-json\/wp\/v2\/pages\/3291\/revisions"}],"predecessor-version":[{"id":3294,"href":"https:\/\/www.borsikastely.eu\/sk\/wp-json\/wp\/v2\/pages\/3291\/revisions\/3294"}],"wp:attachment":[{"href":"https:\/\/www.borsikastely.eu\/sk\/wp-json\/wp\/v2\/media?parent=3291"}],"curies":[{"name":"wp","href":"https:\/\/api.w.org\/{rel}","templated":true}]}}