{"id":3104,"date":"2022-04-29T13:45:52","date_gmt":"2022-04-29T11:45:52","guid":{"rendered":"https:\/\/www.borsikastely.eu\/?page_id=3104"},"modified":"2025-07-15T09:45:25","modified_gmt":"2025-07-15T07:45:25","slug":"kultminor","status":"publish","type":"page","link":"https:\/\/www.borsikastely.eu\/sk\/kultminor\/","title":{"rendered":"KULTMINOR"},"content":{"rendered":"<p>[vc_row css=&#8220;.vc_custom_1651232677673{margin-top: 70px !important;}&#8220;][vc_column][vc_column_text]<\/p>\n<h1 class=\"palyazatcim\" style=\"text-align: center;\">KULTMINOR<\/h1>\n<p>[\/vc_column_text][vc_row_inner][vc_column_inner width=&#8220;1\/3&#8243;][\/vc_column_inner][vc_column_inner width=&#8220;1\/3&#8243;][vc_single_image image=&#8220;5087&#8243; img_size=&#8220;full&#8220; alignment=&#8220;center&#8220; onclick=&#8220;link_image&#8220;][\/vc_column_inner][vc_column_inner width=&#8220;1\/3&#8243;][vc_single_image image=&#8220;4650&#8243; img_size=&#8220;full&#8220; alignment=&#8220;center&#8220; onclick=&#8220;link_image&#8220;][\/vc_column_inner][\/vc_row_inner][vc_row_inner][vc_column_inner width=&#8220;1\/3&#8243;][vc_single_image image=&#8220;4399&#8243; img_size=&#8220;full&#8220; alignment=&#8220;center&#8220; onclick=&#8220;link_image&#8220;][\/vc_column_inner][vc_column_inner width=&#8220;1\/3&#8243;][vc_single_image image=&#8220;3859&#8243; img_size=&#8220;full&#8220; alignment=&#8220;center&#8220; onclick=&#8220;link_image&#8220;][\/vc_column_inner][vc_column_inner width=&#8220;1\/3&#8243;][vc_single_image image=&#8220;3856&#8243; img_size=&#8220;full&#8220; alignment=&#8220;center&#8220; onclick=&#8220;link_image&#8220;][\/vc_column_inner][\/vc_row_inner][vc_row_inner][vc_column_inner width=&#8220;1\/3&#8243;][vc_single_image image=&#8220;3616&#8243; img_size=&#8220;full&#8220; alignment=&#8220;center&#8220; onclick=&#8220;link_image&#8220;][\/vc_column_inner][vc_column_inner width=&#8220;1\/3&#8243;][vc_single_image image=&#8220;3566&#8243; img_size=&#8220;full&#8220; alignment=&#8220;center&#8220; onclick=&#8220;link_image&#8220;][\/vc_column_inner][vc_column_inner width=&#8220;1\/3&#8243;][vc_single_image image=&#8220;3569&#8243; img_size=&#8220;full&#8220; alignment=&#8220;center&#8220; onclick=&#8220;link_image&#8220;][\/vc_column_inner][\/vc_row_inner][vc_row_inner][vc_column_inner width=&#8220;1\/3&#8243;][vc_single_image image=&#8220;3105&#8243; img_size=&#8220;full&#8220; alignment=&#8220;center&#8220; onclick=&#8220;link_image&#8220;][\/vc_column_inner][vc_column_inner width=&#8220;1\/3&#8243;][vc_single_image image=&#8220;3108&#8243; img_size=&#8220;full&#8220; alignment=&#8220;center&#8220; onclick=&#8220;link_image&#8220;][\/vc_column_inner][vc_column_inner width=&#8220;1\/3&#8243;][vc_single_image image=&#8220;3114&#8243; img_size=&#8220;full&#8220; alignment=&#8220;center&#8220; onclick=&#8220;link_image&#8220;][\/vc_column_inner][\/vc_row_inner][vc_row_inner][vc_column_inner width=&#8220;1\/3&#8243;][vc_single_image image=&#8220;3117&#8243; img_size=&#8220;full&#8220; alignment=&#8220;center&#8220; onclick=&#8220;link_image&#8220;][\/vc_column_inner][vc_column_inner width=&#8220;1\/3&#8243;][vc_single_image image=&#8220;3120&#8243; img_size=&#8220;full&#8220; alignment=&#8220;center&#8220; onclick=&#8220;link_image&#8220;][\/vc_column_inner][vc_column_inner width=&#8220;1\/3&#8243;][\/vc_column_inner][\/vc_row_inner][\/vc_column][\/vc_row]<\/p>\n","protected":false},"excerpt":{"rendered":"<p>[vc_row css=&#8220;.vc_custom_1651232677673{margin-top: 70px !important;}&#8220;][vc_column][vc_column_text] KULTMINOR [\/vc_column_text][vc_row_inner][vc_column_inner width=&#8220;1\/3&#8243;][\/vc_column_inner][vc_column_inner width=&#8220;1\/3&#8243;][vc_single_image image=&#8220;5087&#8243; img_size=&#8220;full&#8220; alignment=&#8220;center&#8220; onclick=&#8220;link_image&#8220;][\/vc_column_inner][vc_column_inner width=&#8220;1\/3&#8243;][vc_single_image image=&#8220;4650&#8243; img_size=&#8220;full&#8220; alignment=&#8220;center&#8220; onclick=&#8220;link_image&#8220;][\/vc_column_inner][\/vc_row_inner][vc_row_inner][vc_column_inner width=&#8220;1\/3&#8243;][vc_single_image image=&#8220;4399&#8243; img_size=&#8220;full&#8220; alignment=&#8220;center&#8220; onclick=&#8220;link_image&#8220;][\/vc_column_inner][vc_column_inner width=&#8220;1\/3&#8243;][vc_single_image image=&#8220;3859&#8243; img_size=&#8220;full&#8220; alignment=&#8220;center&#8220;<span class=\"excerpt-hellip\"> [\u2026]<\/span><\/p>\n","protected":false},"author":1,"featured_media":0,"parent":0,"menu_order":0,"comment_status":"closed","ping_status":"closed","template":"","meta":[],"yoast_head":"<!-- This site is optimized with the Yoast SEO plugin v15.9.2 - https:\/\/yoast.com\/wordpress\/plugins\/seo\/ -->\n<title>KULTMINOR - BORSI R\u00c1K\u00d3CZI KAST\u00c9LY<\/title>\n<meta name=\"robots\" content=\"index, follow, max-snippet:-1, max-image-preview:large, max-video-preview:-1\" \/>\n<link rel=\"canonical\" href=\"https:\/\/www.borsikastely.eu\/sk\/kultminor\/\" \/>\n<meta property=\"og:locale\" content=\"sk_SK\" \/>\n<meta property=\"og:type\" content=\"article\" \/>\n<meta property=\"og:title\" content=\"KULTMINOR - BORSI R\u00c1K\u00d3CZI KAST\u00c9LY\" \/>\n<meta property=\"og:description\" content=\"[vc_row css=&#8220;.vc_custom_1651232677673{margin-top: 70px !important;}&#8220;][vc_column][vc_column_text] KULTMINOR [\/vc_column_text][vc_row_inner][vc_column_inner width=&#8220;1\/3&#8243;][\/vc_column_inner][vc_column_inner width=&#8220;1\/3&#8243;][vc_single_image image=&#8220;5087&#8243; img_size=&#8220;full&#8220; alignment=&#8220;center&#8220; onclick=&#8220;link_image&#8220;][\/vc_column_inner][vc_column_inner width=&#8220;1\/3&#8243;][vc_single_image image=&#8220;4650&#8243; img_size=&#8220;full&#8220; alignment=&#8220;center&#8220; onclick=&#8220;link_image&#8220;][\/vc_column_inner][\/vc_row_inner][vc_row_inner][vc_column_inner width=&#8220;1\/3&#8243;][vc_single_image image=&#8220;4399&#8243; img_size=&#8220;full&#8220; alignment=&#8220;center&#8220; onclick=&#8220;link_image&#8220;][\/vc_column_inner][vc_column_inner width=&#8220;1\/3&#8243;][vc_single_image image=&#8220;3859&#8243; img_size=&#8220;full&#8220; alignment=&#8220;center&#8220; [\u2026]\" \/>\n<meta property=\"og:url\" content=\"https:\/\/www.borsikastely.eu\/sk\/kultminor\/\" \/>\n<meta property=\"og:site_name\" content=\"BORSI R\u00c1K\u00d3CZI KAST\u00c9LY\" \/>\n<meta property=\"article:modified_time\" content=\"2025-07-15T07:45:25+00:00\" \/>\n<meta name=\"twitter:card\" content=\"summary_large_image\" \/>\n<meta name=\"twitter:label1\" content=\"Predpokladan\u00fd \u010das \u010d\u00edtania\">\n\t<meta name=\"twitter:data1\" content=\"1 min\u00fata\">\n<script type=\"application\/ld+json\" class=\"yoast-schema-graph\">{\"@context\":\"https:\/\/schema.org\",\"@graph\":[{\"@type\":\"WebSite\",\"@id\":\"https:\/\/www.borsikastely.eu\/#website\",\"url\":\"https:\/\/www.borsikastely.eu\/\",\"name\":\"BORSI R\\u00c1K\\u00d3CZI KAST\\u00c9LY\",\"description\":\"\",\"potentialAction\":[{\"@type\":\"SearchAction\",\"target\":\"https:\/\/www.borsikastely.eu\/?s={search_term_string}\",\"query-input\":\"required name=search_term_string\"}],\"inLanguage\":\"sk-SK\"},{\"@type\":\"WebPage\",\"@id\":\"https:\/\/www.borsikastely.eu\/sk\/kultminor\/#webpage\",\"url\":\"https:\/\/www.borsikastely.eu\/sk\/kultminor\/\",\"name\":\"KULTMINOR - BORSI R\\u00c1K\\u00d3CZI KAST\\u00c9LY\",\"isPartOf\":{\"@id\":\"https:\/\/www.borsikastely.eu\/#website\"},\"datePublished\":\"2022-04-29T11:45:52+00:00\",\"dateModified\":\"2025-07-15T07:45:25+00:00\",\"breadcrumb\":{\"@id\":\"https:\/\/www.borsikastely.eu\/sk\/kultminor\/#breadcrumb\"},\"inLanguage\":\"sk-SK\",\"potentialAction\":[{\"@type\":\"ReadAction\",\"target\":[\"https:\/\/www.borsikastely.eu\/sk\/kultminor\/\"]}]},{\"@type\":\"BreadcrumbList\",\"@id\":\"https:\/\/www.borsikastely.eu\/sk\/kultminor\/#breadcrumb\",\"itemListElement\":[{\"@type\":\"ListItem\",\"position\":1,\"item\":{\"@type\":\"WebPage\",\"@id\":\"https:\/\/www.borsikastely.eu\/sk\/\",\"url\":\"https:\/\/www.borsikastely.eu\/sk\/\",\"name\":\"Kezd\\u0151lap\"}},{\"@type\":\"ListItem\",\"position\":2,\"item\":{\"@type\":\"WebPage\",\"@id\":\"https:\/\/www.borsikastely.eu\/sk\/kultminor\/\",\"url\":\"https:\/\/www.borsikastely.eu\/sk\/kultminor\/\",\"name\":\"KULTMINOR\"}}]}]}<\/script>\n<!-- \/ Yoast SEO plugin. -->","_links":{"self":[{"href":"https:\/\/www.borsikastely.eu\/sk\/wp-json\/wp\/v2\/pages\/3104"}],"collection":[{"href":"https:\/\/www.borsikastely.eu\/sk\/wp-json\/wp\/v2\/pages"}],"about":[{"href":"https:\/\/www.borsikastely.eu\/sk\/wp-json\/wp\/v2\/types\/page"}],"author":[{"embeddable":true,"href":"https:\/\/www.borsikastely.eu\/sk\/wp-json\/wp\/v2\/users\/1"}],"replies":[{"embeddable":true,"href":"https:\/\/www.borsikastely.eu\/sk\/wp-json\/wp\/v2\/comments?post=3104"}],"version-history":[{"count":12,"href":"https:\/\/www.borsikastely.eu\/sk\/wp-json\/wp\/v2\/pages\/3104\/revisions"}],"predecessor-version":[{"id":5091,"href":"https:\/\/www.borsikastely.eu\/sk\/wp-json\/wp\/v2\/pages\/3104\/revisions\/5091"}],"wp:attachment":[{"href":"https:\/\/www.borsikastely.eu\/sk\/wp-json\/wp\/v2\/media?parent=3104"}],"curies":[{"name":"wp","href":"https:\/\/api.w.org\/{rel}","templated":true}]}}