{"id":2615,"date":"2021-12-14T13:06:13","date_gmt":"2021-12-14T12:06:13","guid":{"rendered":"https:\/\/www.borsikastely.eu\/?page_id=2615"},"modified":"2021-12-14T13:06:20","modified_gmt":"2021-12-14T12:06:20","slug":"vytvarna-sutaz","status":"publish","type":"page","link":"https:\/\/www.borsikastely.eu\/sk\/vytvarna-sutaz\/","title":{"rendered":"V\u00fdtvarn\u00e1 s\u00fata\u017e"},"content":{"rendered":"<p>[vc_row el_class=&#8220;arakdoboz&#8220;][vc_column][vc_column_text]<\/p>\n<h2 class=\"eltoltcim\" style=\"text-align: left;\"><strong><em>V\u00e1\u017een\u00ed pedag\u00f3govia, mil\u00e9 deti!<\/em><\/strong><\/h2>\n<p>Knie\u017eac\u00ed ka\u0161tie\u013e kult\u00fary v\u00a0Bor\u0161i v spr\u00e1ve neziskovej organiz\u00e1cie II. R\u00e1koczi Ferenc n. o. vyhlasuje pre z\u00e1kladn\u00e9 \u0161koly v\u00fdtvarn\u00fa a\u00a0liter\u00e1rno-rozpr\u00e1vkov\u00fa s\u00fa\u0165a\u017e.<\/p>\n<p>Ur\u010dite ste u\u017e po\u010duli o\u00a0tom, \u017ee v\u00a0roku 2021 sa ukon\u010dila rekon\u0161trukcia ka\u0161tie\u013ea v\u00a0Bor\u0161i. Pracovalo na nej ve\u013ea-ve\u013ea robotn\u00edkov a\u00a0spotrebovalo sa mnoho stavebn\u00fdch materi\u00e1lov k\u00a0tomu, aby ka\u0161tie\u013e sa dostal do nov\u00fdch \u0161iat. Tento rok, m\u00f4\u017eeme nazva\u0165 aj rokom obnovy a\u00a0preto sme sa rozhodli \u017ee na\u0161a prv\u00e1 s\u00fa\u0165a\u017e bude zameran\u00e1 na hist\u00f3riu stavby ka\u0161tie\u013ea. K\u00a0z\u00edskaniu in\u0161pir\u00e1cie n\u00e1metu na s\u00fa\u0165a\u017e V\u00e1m pon\u00fakame kr\u00e1tke zauj\u00edmavosti z\u00a0obdobia rozkvetu ka\u0161tie\u013ea a o\u00a0najzn\u00e1mej\u0161ej osobe, ktor\u00e1 st\u00e1la pri tomto rozkvete.<\/p>\n<p>Hlavn\u00fdm cie\u013eom s\u00fa\u0165a\u017ee okrem pribl\u00ed\u017eenia renesan\u010dnej obnovy ka\u0161tie\u013ea je aj spozna\u0165 v\u00fdznamn\u00fa \u017eenu Zsuzsannu (Zuzanu) Lor\u00e1ntffy, ktor\u00fa vn\u00edmaj\u00fa v\u00a017. storo\u010d\u00ed, ako \u00a0najvzdelanej\u0161iu a\u00a0naj\u0161tedrej\u0161iu mecen\u00e1\u0161ku. Svojou mimoriadnou vzdelanos\u0165ou z\u00edskala uznanie osvietencov danej doby a\u00a0 v\u010faka nej u\u010dil na\u00a0gymn\u00e1ziu v\u00a0S\u00e1rospataku dlh\u00e9 roky najsl\u00e1vnej\u0161\u00ed pedag\u00f3g J. A. Komensk\u00fd. Dve samostatn\u00e9 k\u00farie v\u00a0Bor\u0161i, ktor\u00e9 v\u00a0tom \u010dase boli majetkom Mih\u00e1lya (Michal) Lor\u00e1ntffyho sa stali majetkom R\u00e1k\u00f3cziovcov, ke\u010f dc\u00e9ra Mih\u00e1lya, Zsuzsanna Lor\u00e1ntffy uzavrela sob\u00e1\u0161 d\u0148a 18. apr\u00edla 1616 s\u00a0Jurajom (Gy\u00f6rgy) I. R\u00e1k\u00f3czim.<\/p>\n<p>Pr\u00e1ve v\u00a0tom obdob\u00ed z\u00a0k\u00fari\u00ed vznik\u00e1 jednotn\u00fd ka\u0161tie\u013e, ktor\u00fd svoju sl\u00e1vu z\u00edskava v\u00a0obdob\u00ed renesancie. Po spojen\u00ed mal\u00fdch k\u00fari\u00ed vznik\u00e1 uzatvoren\u00e1 budova so \u0161tvorcov\u00fdm n\u00e1dvor\u00edm, z\u00a0ktor\u00e9ho sa st\u00e1l \u00fatuln\u00fd ka\u0161tie\u013e pre knie\u017eaciu rodinu. Pr\u00edstavba bola potrebn\u00e1, preto\u017ee tzv. dvor Zsuzsanny Lor\u00e1ntffy (dvor: osoby vykon\u00e1vaj\u00face r\u00f4zne typy st\u00e1lych slu\u017eieb pre k\u0148a\u017en\u00fa, ktor\u00e9 cestovali st\u00e1le s\u00a0\u0148ou ako sprievod) presahovalo vy\u0161e 300 os\u00f4b. Okrem toho pribli\u017ene 30-40 os\u00f4b pracovalo trvalo v\u00a0ka\u0161tieli, z\u00a0ktor\u00fdch v\u00e4\u010d\u0161ina tu aj b\u00fdvala. Pravda\u017ee z t\u00fdch 300 dvoranov nie v\u0161etci b\u00fdvali v\u00a0ka\u0161tieli, av\u0161ak ur\u010dite tu prevl\u00e1dal ru\u0161n\u00fd \u017eivot ke\u010f knie\u017ea so svojou man\u017eelkou sa tu zdr\u017eiavali.<\/p>\n<p>Po\u010das obnovy ka\u0161tie\u013ea sa tu pristavali mnoh\u00e9 \u010dasti budovy. V\u00a0tom obdob\u00ed sa vytvorilo aj \u017eensk\u00e9 kr\u00eddlo. Nach\u00e1dzala sa tu aj m\u00fa\u010dna ba\u0161ta, pek\u00e1re\u0148, kuchy\u0148a, prij\u00edmacia miestnos\u0165 pre host\u00ed, obytn\u00e9 izby a\u00a0pivnice. Stropy nov\u00fdch miestnost\u00ed nama\u013eovali a\u00a0ozdobovali ich s\u00a0tzv. \u201ezlat\u00fdmi gomb\u00edkmi\u201c. Vo v\u00e4\u010d\u0161\u00edch miestnostiach sa nach\u00e1dzali zelen\u00e9, biele, \u017elt\u00e9 a\u00a0modr\u00e9 \u201epo\u013esk\u00e9\u201c kachle (kachle z\u00a0habanskej kult\u00fary, naz\u00fdvan\u00e9 v\u00a0tom obdob\u00ed aj po\u013esk\u00fdmi). V\u00a0menej d\u00f4le\u017eit\u00fdch miestnostiach st\u00e1li pece na n\u00f4\u017ekach. Medzi ju\u017enou stranou ka\u0161tie\u013ea a\u00a0riekou Bodrog sa nach\u00e1dzala n\u00e1dhern\u00e1 z\u00e1hrada. Na jednej strane z\u00e1hrady sa nach\u00e1dzali ovocn\u00e9 sady a\u00a0na druhej strane bola vytvoren\u00fd prech\u00e1dzkov\u00e1 z\u00e1hrada s\u00a0pergolami. Zsuzsanna Lor\u00e1ntffy sa aj sama starala o\u00a0tieto sl\u00e1vne z\u00e1hony a\u00a0sady. Z\u00e1hrady k\u0148a\u017enej boli prekr\u00e1sne a\u00a0ve\u013emi zn\u00e1me vo svojej dobe.[\/vc_column_text][\/vc_column][\/vc_row][vc_row el_class=&#8220;arakdoboz&#8220; css=&#8220;.vc_custom_1639480535026{margin-top: 20px !important;}&#8220;][vc_column width=&#8220;1\/2&#8243;][vc_column_text]<strong>T\u00e9ma v\u00fdtvarnej s\u00fa\u0165a\u017ee: <\/strong><\/p>\n<p>Ka\u017edodenn\u00fd \u017eivot v\u00a0ka\u0161tieli po\u010das \u017eivota Zsuzsanny Lor\u00e1ntffy[\/vc_column_text][vc_single_image image=&#8220;2577&#8243; img_size=&#8220;full&#8220; onclick=&#8220;img_link_large&#8220;][\/vc_column][vc_column width=&#8220;1\/2&#8243;][vc_column_text]<strong>Zap\u00e1ja\u0165 sa m\u00f4\u017eu: <\/strong><\/p>\n<ul>\n<li>Ro\u010dn\u00edky 1-3.<\/li>\n<li>Ro\u010dn\u00edky 4-6.<\/li>\n<li>Ro\u010dn\u00edky 7-9<\/li>\n<\/ul>\n<p><strong>Technika: <\/strong>\u00a0\u00a0\u00a0\u00a0\u00a0kresba, ma\u013eba s\u00a0vodov\u00fdmi farbami\/temperami, (\u010diernobielo aj farebne)<\/p>\n<p>Odovzdan\u00e9 kresby \u010dak\u00e1me vo forme A4. Pros\u00edme V\u00e1s, aby ste na zadn\u00fa stranu kresby nap\u00edsali meno autora, vek, n\u00e1zov \u0161koly a\u00a0triedu. V\u00fdtvarn\u00e9 diela m\u00f4\u017eete odovzda\u0165 osobne na recepcii Knie\u017eacieho ka\u0161tie\u013ea kult\u00fary v Bor\u0161i, alebo n\u00e1m posla\u0165 po\u0161tou na ni\u017e\u0161ie uveden\u00fa adresu.<\/p>\n<p>Pros\u00edme, aby kresby vytv\u00e1rali jednotlivci, nie skupinky. \u010eakujeme![\/vc_column_text][\/vc_column][\/vc_row][vc_row el_class=&#8220;arakdoboz&#8220; css=&#8220;.vc_custom_1639480540457{margin-top: 20px !important;}&#8220;][vc_column width=&#8220;1\/2&#8243;][vc_column_text]<strong>T\u00e9ma liter\u00e1rnej s\u00fa\u0165a\u017ee: <\/strong><\/p>\n<p>Nap\u00ed\u0161te rozpr\u00e1vku, ktorej obsahom je \u017eivot v bor\u0161ianskom\u00a0ka\u0161tieli R\u00e1k\u00f3cziovcov po\u010das ve\u013ek\u00e9ho stavania.[\/vc_column_text][vc_single_image image=&#8220;2581&#8243; img_size=&#8220;full&#8220; onclick=&#8220;img_link_large&#8220;][\/vc_column][vc_column width=&#8220;1\/2&#8243;][vc_column_text]<strong>Do s\u00fa\u0165a\u017ee sa m\u00f4\u017eu prihl\u00e1si\u0165: <\/strong><\/p>\n<ul>\n<li>Ro\u010dn\u00edky 1-3<\/li>\n<li>Ro\u010dn\u00edky 4-6<\/li>\n<li>Ro\u010dn\u00edky 7-9<\/li>\n<\/ul>\n<p><strong>Technika:<\/strong>\u00a0\u00a0\u00a0\u00a0 Stavba je tie\u017e spolo\u010dn\u00e1 pr\u00e1ca ve\u013ea \u013eud\u00ed, preto chceme v\u00e1s povzbudi\u0165 k\u00a0spolo\u010dnej tvorbe: tak\u017ee o\u010dak\u00e1vame skupinov\u00e9 pr\u00e1ce tried. Pros\u00edme aby do ka\u017edej rozpr\u00e1vky sa zapojila cel\u00e1 trieda.<\/p>\n<p>Rozpr\u00e1vka nem\u00e1 by\u0165 dlh\u0161ia ako 500 slov. M\u00f4\u017ee by\u0165 nap\u00edsan\u00e1 ru\u010dne, aj elektronicky. Pros\u00edme s\u00fa\u0165a\u017en\u00e9 skupiny o\u00a0zaslanie spolo\u010dnej fotky, ktor\u00e1 bude prilo\u017een\u00e1 k\u00a0rozpr\u00e1vke. Diela posielajte na e-mailov\u00fa adresu <a href=\"mailto:muzped@rakoczino.eu\">muzped@rakoczino.eu<\/a>, po\u0161tou (dole uveden\u00e1 adresa), alebo odovzdajte osobne na recepcii Knie\u017eacieho ka\u0161tie\u013ea kult\u00fary v Bor\u0161i. Nezabudnite dop\u00edsa\u0165 n\u00e1zov \u0161koly, triedu a\u00a0zoznam \u017eiakov, ktor\u00ed sa zapojili do tvorby rozpr\u00e1vky.<\/p>\n<p>&nbsp;[\/vc_column_text][\/vc_column][\/vc_row][vc_row el_class=&#8220;arakdoboz&#8220; css=&#8220;.vc_custom_1639482248886{margin-top: 20px !important;margin-bottom: 20px !important;}&#8220;][vc_column][vc_column_text]<strong>Umeleck\u00e9 diela a\u00a0v\u00fdtvory m\u00f4\u017ee posla\u0165 aj po\u0161tou na uveden\u00fa adresu:<\/strong><\/p>\n<p>II. R\u00e1k\u00f3czi Ferenc n.o,<br \/>\nUlica F. R\u00e1kocziho 102\/32,<br \/>\n076 32\u00a0 Bor\u0161a<\/p>\n<p>Email: <a href=\"mailto:muzped@rakoczino.eu\">muzped@rakoczino.eu<\/a><\/p>\n<p><strong>Koniec s\u00fa\u0165a\u017e\u00ed: <\/strong>20.1.2022<\/p>\n<p><strong>V\u00fdsledky s\u00fa\u0165a\u017e\u00ed: <\/strong>4.2.2022<\/p>\n<p><strong>Ceny v\u00fdhercov: <\/strong><\/p>\n<p>V\u00fdtvarn\u00e1 s\u00fa\u0165a\u017e \u2013 vstupenka pre jednu \u013eubovo\u013en\u00fa atrakciu v\u00a0na\u0161om ka\u0161tieli (v\u00fdstava, virtu\u00e1lna hra, \u00fanikov\u00e1 izba, panoramatick\u00e9 premietanie)<\/p>\n<p>Skupinov\u00e1 s\u00fa\u0165a\u017e \u2013 vo\u013en\u00e9 vstupn\u00e9 pre cel\u00fa triedu na v\u00fdstavu s\u00a0n\u00e1zvom <em>3 narodenia Franti\u0161ka II.<\/em> <em>\u00a0R\u00e1k\u00f3cziho. <\/em><\/p>\n<p>Te\u0161\u00edme sa na v\u0161etky umeleck\u00e9 diela!<\/p>\n<p style=\"text-align: right;\">Knie\u017eac\u00ed ka\u0161tie\u013e kult\u00fary \u00a0&#8211; Bor\u0161a<\/p>\n<p>&nbsp;[\/vc_column_text][\/vc_column][\/vc_row][vc_row][vc_column][\/vc_column][\/vc_row]<\/p>\n","protected":false},"excerpt":{"rendered":"<p>[vc_row el_class=&#8220;arakdoboz&#8220;][vc_column][vc_column_text] V\u00e1\u017een\u00ed pedag\u00f3govia, mil\u00e9 deti! Knie\u017eac\u00ed ka\u0161tie\u013e kult\u00fary v\u00a0Bor\u0161i v spr\u00e1ve neziskovej organiz\u00e1cie II. R\u00e1koczi Ferenc n. o. vyhlasuje pre z\u00e1kladn\u00e9 \u0161koly v\u00fdtvarn\u00fa a\u00a0liter\u00e1rno-rozpr\u00e1vkov\u00fa s\u00fa\u0165a\u017e.<span class=\"excerpt-hellip\"> [\u2026]<\/span><\/p>\n","protected":false},"author":1,"featured_media":0,"parent":0,"menu_order":0,"comment_status":"closed","ping_status":"closed","template":"","meta":[],"yoast_head":"<!-- This site is optimized with the Yoast SEO plugin v15.9.2 - https:\/\/yoast.com\/wordpress\/plugins\/seo\/ -->\n<title>V\u00fdtvarn\u00e1 s\u00fata\u017e - BORSI R\u00c1K\u00d3CZI KAST\u00c9LY<\/title>\n<meta name=\"robots\" content=\"index, follow, max-snippet:-1, max-image-preview:large, max-video-preview:-1\" \/>\n<link rel=\"canonical\" href=\"https:\/\/www.borsikastely.eu\/sk\/vytvarna-sutaz\/\" \/>\n<meta property=\"og:locale\" content=\"sk_SK\" \/>\n<meta property=\"og:type\" content=\"article\" \/>\n<meta property=\"og:title\" content=\"V\u00fdtvarn\u00e1 s\u00fata\u017e - BORSI R\u00c1K\u00d3CZI KAST\u00c9LY\" \/>\n<meta property=\"og:description\" content=\"[vc_row el_class=&#8220;arakdoboz&#8220;][vc_column][vc_column_text] V\u00e1\u017een\u00ed pedag\u00f3govia, mil\u00e9 deti! Knie\u017eac\u00ed ka\u0161tie\u013e kult\u00fary v\u00a0Bor\u0161i v spr\u00e1ve neziskovej organiz\u00e1cie II. R\u00e1koczi Ferenc n. o. vyhlasuje pre z\u00e1kladn\u00e9 \u0161koly v\u00fdtvarn\u00fa a\u00a0liter\u00e1rno-rozpr\u00e1vkov\u00fa s\u00fa\u0165a\u017e. [\u2026]\" \/>\n<meta property=\"og:url\" content=\"https:\/\/www.borsikastely.eu\/sk\/vytvarna-sutaz\/\" \/>\n<meta property=\"og:site_name\" content=\"BORSI R\u00c1K\u00d3CZI KAST\u00c9LY\" \/>\n<meta property=\"article:modified_time\" content=\"2021-12-14T12:06:20+00:00\" \/>\n<meta name=\"twitter:card\" content=\"summary_large_image\" \/>\n<meta name=\"twitter:label1\" content=\"Predpokladan\u00fd \u010das \u010d\u00edtania\">\n\t<meta name=\"twitter:data1\" content=\"6 min\u00fat\">\n<script type=\"application\/ld+json\" class=\"yoast-schema-graph\">{\"@context\":\"https:\/\/schema.org\",\"@graph\":[{\"@type\":\"WebSite\",\"@id\":\"https:\/\/www.borsikastely.eu\/#website\",\"url\":\"https:\/\/www.borsikastely.eu\/\",\"name\":\"BORSI R\\u00c1K\\u00d3CZI KAST\\u00c9LY\",\"description\":\"\",\"potentialAction\":[{\"@type\":\"SearchAction\",\"target\":\"https:\/\/www.borsikastely.eu\/?s={search_term_string}\",\"query-input\":\"required name=search_term_string\"}],\"inLanguage\":\"sk-SK\"},{\"@type\":\"WebPage\",\"@id\":\"https:\/\/www.borsikastely.eu\/sk\/vytvarna-sutaz\/#webpage\",\"url\":\"https:\/\/www.borsikastely.eu\/sk\/vytvarna-sutaz\/\",\"name\":\"V\\u00fdtvarn\\u00e1 s\\u00fata\\u017e - BORSI R\\u00c1K\\u00d3CZI KAST\\u00c9LY\",\"isPartOf\":{\"@id\":\"https:\/\/www.borsikastely.eu\/#website\"},\"datePublished\":\"2021-12-14T12:06:13+00:00\",\"dateModified\":\"2021-12-14T12:06:20+00:00\",\"breadcrumb\":{\"@id\":\"https:\/\/www.borsikastely.eu\/sk\/vytvarna-sutaz\/#breadcrumb\"},\"inLanguage\":\"sk-SK\",\"potentialAction\":[{\"@type\":\"ReadAction\",\"target\":[\"https:\/\/www.borsikastely.eu\/sk\/vytvarna-sutaz\/\"]}]},{\"@type\":\"BreadcrumbList\",\"@id\":\"https:\/\/www.borsikastely.eu\/sk\/vytvarna-sutaz\/#breadcrumb\",\"itemListElement\":[{\"@type\":\"ListItem\",\"position\":1,\"item\":{\"@type\":\"WebPage\",\"@id\":\"https:\/\/www.borsikastely.eu\/sk\/\",\"url\":\"https:\/\/www.borsikastely.eu\/sk\/\",\"name\":\"Kezd\\u0151lap\"}},{\"@type\":\"ListItem\",\"position\":2,\"item\":{\"@type\":\"WebPage\",\"@id\":\"https:\/\/www.borsikastely.eu\/sk\/vytvarna-sutaz\/\",\"url\":\"https:\/\/www.borsikastely.eu\/sk\/vytvarna-sutaz\/\",\"name\":\"V\\u00fdtvarn\\u00e1 s\\u00fata\\u017e\"}}]}]}<\/script>\n<!-- \/ Yoast SEO plugin. -->","_links":{"self":[{"href":"https:\/\/www.borsikastely.eu\/sk\/wp-json\/wp\/v2\/pages\/2615"}],"collection":[{"href":"https:\/\/www.borsikastely.eu\/sk\/wp-json\/wp\/v2\/pages"}],"about":[{"href":"https:\/\/www.borsikastely.eu\/sk\/wp-json\/wp\/v2\/types\/page"}],"author":[{"embeddable":true,"href":"https:\/\/www.borsikastely.eu\/sk\/wp-json\/wp\/v2\/users\/1"}],"replies":[{"embeddable":true,"href":"https:\/\/www.borsikastely.eu\/sk\/wp-json\/wp\/v2\/comments?post=2615"}],"version-history":[{"count":3,"href":"https:\/\/www.borsikastely.eu\/sk\/wp-json\/wp\/v2\/pages\/2615\/revisions"}],"predecessor-version":[{"id":2625,"href":"https:\/\/www.borsikastely.eu\/sk\/wp-json\/wp\/v2\/pages\/2615\/revisions\/2625"}],"wp:attachment":[{"href":"https:\/\/www.borsikastely.eu\/sk\/wp-json\/wp\/v2\/media?parent=2615"}],"curies":[{"name":"wp","href":"https:\/\/api.w.org\/{rel}","templated":true}]}}