{"id":2450,"date":"2021-11-19T15:06:16","date_gmt":"2021-11-19T14:06:16","guid":{"rendered":"https:\/\/www.borsikastely.eu\/?page_id=2450"},"modified":"2022-07-07T08:22:51","modified_gmt":"2022-07-07T06:22:51","slug":"projekt2","status":"publish","type":"page","link":"https:\/\/www.borsikastely.eu\/sk\/projekt2\/","title":{"rendered":"Vodn\u00fd a cyklistick\u00fd oddychov\u00fd bod pri ka\u0161tieli v Bor\u0161i"},"content":{"rendered":"<p>[vc_row][vc_column][vc_column_text][\/vc_column_text][\/vc_column][\/vc_row][vc_row][vc_column][vc_column_text]<\/p>\n<h2>Vodn\u00fd a cyklistick\u00fd oddychov\u00fd bod pri ka\u0161tieli v Bor\u0161i<\/h2>\n<p>S cie\u013eom zv\u00fd\u0161i\u0165 atraktivitu rieky Bodrog a obce Bor\u0161a pre milovn\u00edkov vodnej- a cykloturistiky sa \u00faspe\u0161ne uch\u00e1dzala na\u0161a organiz\u00e1cia II. R\u00e1k\u00f3czi Ferenc n. o. o pr\u00edspevok z programu Terra Incognita, ktor\u00e9 je vytvoren\u00e9 Ko\u0161ick\u00fdm samospr\u00e1vnym krajom s \u00fa\u010delom podpori\u0165 rozvoj turizmu.<br \/>\nProjekt s n\u00e1zvom \u201eVodn\u00fd a cyklistick\u00fd oddychov\u00fd bod pri ka\u0161tieli v Bor\u0161i\u201c prinesie rozvoj infra\u0161trukt\u00fary pre cyklistov a vodn\u00fdch turistov v bl\u00edzkosti rieky Bodrog.<br \/>\nProstredn\u00edctvom projektu pl\u00e1nujeme realizova\u0165<br \/>\n&#8211; Smart oddychov\u00fd bod pre cyklistov a vodn\u00fdch turistov<br \/>\n&#8211; T\u00e1borisko pri rieke Bodrog pre cca 20 stanov<br \/>\n&#8211; Vodn\u00fd blok pre oddychuj\u00facich turistov (tj. toalety a sprchy pre cca 40 os\u00f4b)<br \/>\n&#8211; Po\u017ei\u010dov\u0148u kanoi a kajakov<br \/>\n&#8211; Self-servise bod pre cyklistov<br \/>\nCelkov\u00fd rozpo\u010det projektu trvaj\u00faceho od 1.2.2022 do 31.10.2022 je 102 878 Eur, do ktor\u00e9ho Ko\u0161ick\u00fd samospr\u00e1vny kraj prispel s \u010diastkou 92 523 Eur.<br \/>\nProjekt je s\u00fa\u010das\u0165ou komplexnej\u0161\u00edch predst\u00e1v o rozvoji okolia ka\u0161tie\u013ea R\u00e1k\u00f3cziovcov v obci Bor\u0161a a takto je v synergi\u00ed s \u010fal\u0161\u00edmi rozvojov\u00fdmi aktivitami a projektami prebiehaj\u00facimi v okol\u00ed Knie\u017eacieho ka\u0161tie\u013ea kult\u00fary v Bor\u0161i.<\/p>\n<p>Povinne zverej\u0148ovan\u00e9 \u00fadaje:<\/p>\n<p><a href=\"https:\/\/www.borsikastely.eu\/wp-content\/uploads\/2022\/03\/Kupna-zmluva_Vodny-a-cyklisticky-oddychovy-bod-pri-kastieli-v-Borsi-tovary.pdf\">K\u00fapna zmluva &#8211; tovary pre Vodn\u00fd a cyklistick\u00fd oddychov\u00fd bod pri ka\u0161tieli v Bor\u0161i<\/a><\/p>\n<p><a href=\"https:\/\/www.borsikastely.eu\/wp-content\/uploads\/2022\/03\/Zmluva-o-dielo_Vodny-a-cyklisticky-oddychovy-bod-pri-kastieli-v-Borsi-stavebne-prace.pdf\">Zmluva o dielo &#8211; stavebn\u00e9 pr\u00e1ce pre Vodn\u00fd a cyklistick\u00fd oddychov\u00fd bod pri ka\u0161tieli v Bor\u0161i<\/a><\/p>\n<p><a href=\"https:\/\/www.borsikastely.eu\/wp-content\/uploads\/2022\/07\/ts-borsa-final-SK.pdf\" target=\"_blank\" rel=\"noopener noreferrer\">TS Bor\u0161a fin\u00e1l<\/a>[\/vc_column_text][\/vc_column][\/vc_row][vc_row][vc_column width=&#8220;1\/4&#8243;][vc_single_image image=&#8220;3171&#8243; img_size=&#8220;full&#8220; onclick=&#8220;custom_link&#8220; img_link_target=&#8220;_blank&#8220; link=&#8220;http:\/\/www.vucke.sk\/&#8220;][\/vc_column][vc_column width=&#8220;1\/4&#8243;][vc_single_image image=&#8220;3174&#8243; img_size=&#8220;full&#8220; onclick=&#8220;custom_link&#8220; img_link_target=&#8220;_blank&#8220; link=&#8220;https:\/\/www.kosiceregion.com\/&#8220;][\/vc_column][vc_column width=&#8220;1\/2&#8243;][vc_single_image image=&#8220;3177&#8243; img_size=&#8220;full&#8220; onclick=&#8220;custom_link&#8220; img_link_target=&#8220;_blank&#8220; link=&#8220;https:\/\/www.terraincognita.sk\/&#8220;][\/vc_column][\/vc_row]<\/p>\n","protected":false},"excerpt":{"rendered":"<p>[vc_row][vc_column][vc_column_text][\/vc_column_text][\/vc_column][\/vc_row][vc_row][vc_column][vc_column_text] Vodn\u00fd a cyklistick\u00fd oddychov\u00fd bod pri ka\u0161tieli v Bor\u0161i S cie\u013eom zv\u00fd\u0161i\u0165 atraktivitu rieky Bodrog a obce Bor\u0161a pre milovn\u00edkov vodnej- a cykloturistiky sa \u00faspe\u0161ne<span class=\"excerpt-hellip\"> [\u2026]<\/span><\/p>\n","protected":false},"author":1,"featured_media":0,"parent":0,"menu_order":0,"comment_status":"closed","ping_status":"closed","template":"","meta":[],"yoast_head":"<!-- This site is optimized with the Yoast SEO plugin v15.9.2 - https:\/\/yoast.com\/wordpress\/plugins\/seo\/ -->\n<title>Vodn\u00fd a cyklistick\u00fd oddychov\u00fd bod pri ka\u0161tieli v Bor\u0161i - BORSI R\u00c1K\u00d3CZI KAST\u00c9LY<\/title>\n<meta name=\"robots\" content=\"index, follow, max-snippet:-1, max-image-preview:large, max-video-preview:-1\" \/>\n<link rel=\"canonical\" href=\"https:\/\/www.borsikastely.eu\/sk\/projekt2\/\" \/>\n<meta property=\"og:locale\" content=\"sk_SK\" \/>\n<meta property=\"og:type\" content=\"article\" \/>\n<meta property=\"og:title\" content=\"Vodn\u00fd a cyklistick\u00fd oddychov\u00fd bod pri ka\u0161tieli v Bor\u0161i - BORSI R\u00c1K\u00d3CZI KAST\u00c9LY\" \/>\n<meta property=\"og:description\" content=\"[vc_row][vc_column][vc_column_text][\/vc_column_text][\/vc_column][\/vc_row][vc_row][vc_column][vc_column_text] Vodn\u00fd a cyklistick\u00fd oddychov\u00fd bod pri ka\u0161tieli v Bor\u0161i S cie\u013eom zv\u00fd\u0161i\u0165 atraktivitu rieky Bodrog a obce Bor\u0161a pre milovn\u00edkov vodnej- a cykloturistiky sa \u00faspe\u0161ne [\u2026]\" \/>\n<meta property=\"og:url\" content=\"https:\/\/www.borsikastely.eu\/sk\/projekt2\/\" \/>\n<meta property=\"og:site_name\" content=\"BORSI R\u00c1K\u00d3CZI KAST\u00c9LY\" \/>\n<meta property=\"article:modified_time\" content=\"2022-07-07T06:22:51+00:00\" \/>\n<meta name=\"twitter:card\" content=\"summary_large_image\" \/>\n<meta name=\"twitter:label1\" content=\"Predpokladan\u00fd \u010das \u010d\u00edtania\">\n\t<meta name=\"twitter:data1\" content=\"1 min\u00fata\">\n<script type=\"application\/ld+json\" class=\"yoast-schema-graph\">{\"@context\":\"https:\/\/schema.org\",\"@graph\":[{\"@type\":\"WebSite\",\"@id\":\"https:\/\/www.borsikastely.eu\/#website\",\"url\":\"https:\/\/www.borsikastely.eu\/\",\"name\":\"BORSI R\\u00c1K\\u00d3CZI KAST\\u00c9LY\",\"description\":\"\",\"potentialAction\":[{\"@type\":\"SearchAction\",\"target\":\"https:\/\/www.borsikastely.eu\/?s={search_term_string}\",\"query-input\":\"required name=search_term_string\"}],\"inLanguage\":\"sk-SK\"},{\"@type\":\"WebPage\",\"@id\":\"https:\/\/www.borsikastely.eu\/sk\/projekt2\/#webpage\",\"url\":\"https:\/\/www.borsikastely.eu\/sk\/projekt2\/\",\"name\":\"Vodn\\u00fd a cyklistick\\u00fd oddychov\\u00fd bod pri ka\\u0161tieli v Bor\\u0161i - BORSI R\\u00c1K\\u00d3CZI KAST\\u00c9LY\",\"isPartOf\":{\"@id\":\"https:\/\/www.borsikastely.eu\/#website\"},\"datePublished\":\"2021-11-19T14:06:16+00:00\",\"dateModified\":\"2022-07-07T06:22:51+00:00\",\"breadcrumb\":{\"@id\":\"https:\/\/www.borsikastely.eu\/sk\/projekt2\/#breadcrumb\"},\"inLanguage\":\"sk-SK\",\"potentialAction\":[{\"@type\":\"ReadAction\",\"target\":[\"https:\/\/www.borsikastely.eu\/sk\/projekt2\/\"]}]},{\"@type\":\"BreadcrumbList\",\"@id\":\"https:\/\/www.borsikastely.eu\/sk\/projekt2\/#breadcrumb\",\"itemListElement\":[{\"@type\":\"ListItem\",\"position\":1,\"item\":{\"@type\":\"WebPage\",\"@id\":\"https:\/\/www.borsikastely.eu\/sk\/\",\"url\":\"https:\/\/www.borsikastely.eu\/sk\/\",\"name\":\"Kezd\\u0151lap\"}},{\"@type\":\"ListItem\",\"position\":2,\"item\":{\"@type\":\"WebPage\",\"@id\":\"https:\/\/www.borsikastely.eu\/sk\/projekt2\/\",\"url\":\"https:\/\/www.borsikastely.eu\/sk\/projekt2\/\",\"name\":\"Vodn\\u00fd a cyklistick\\u00fd oddychov\\u00fd bod pri ka\\u0161tieli v Bor\\u0161i\"}}]}]}<\/script>\n<!-- \/ Yoast SEO plugin. -->","_links":{"self":[{"href":"https:\/\/www.borsikastely.eu\/sk\/wp-json\/wp\/v2\/pages\/2450"}],"collection":[{"href":"https:\/\/www.borsikastely.eu\/sk\/wp-json\/wp\/v2\/pages"}],"about":[{"href":"https:\/\/www.borsikastely.eu\/sk\/wp-json\/wp\/v2\/types\/page"}],"author":[{"embeddable":true,"href":"https:\/\/www.borsikastely.eu\/sk\/wp-json\/wp\/v2\/users\/1"}],"replies":[{"embeddable":true,"href":"https:\/\/www.borsikastely.eu\/sk\/wp-json\/wp\/v2\/comments?post=2450"}],"version-history":[{"count":10,"href":"https:\/\/www.borsikastely.eu\/sk\/wp-json\/wp\/v2\/pages\/2450\/revisions"}],"predecessor-version":[{"id":3233,"href":"https:\/\/www.borsikastely.eu\/sk\/wp-json\/wp\/v2\/pages\/2450\/revisions\/3233"}],"wp:attachment":[{"href":"https:\/\/www.borsikastely.eu\/sk\/wp-json\/wp\/v2\/media?parent=2450"}],"curies":[{"name":"wp","href":"https:\/\/api.w.org\/{rel}","templated":true}]}}