{"id":1820,"date":"2021-10-29T12:56:26","date_gmt":"2021-10-29T10:56:26","guid":{"rendered":"https:\/\/www.borsikastely.eu\/?page_id=1820"},"modified":"2026-03-10T07:27:15","modified_gmt":"2026-03-10T06:27:15","slug":"kontakty","status":"publish","type":"page","link":"https:\/\/www.borsikastely.eu\/sk\/kontakty\/","title":{"rendered":"Kontakty"},"content":{"rendered":"<p>[vc_row full_width=&#8220;stretch_row&#8220; equal_height=&#8220;yes&#8220; content_placement=&#8220;middle&#8220; css=&#8220;.vc_custom_1622813499694{margin-top: 0px !important;margin-bottom: 0px !important;border-top-width: 0px !important;border-bottom-width: 0px !important;padding-top: 0px !important;padding-bottom: 0px !important;background-color: #ffffff !important;}&#8220; el_class=&#8220;rejtett&#8220;][vc_column width=&#8220;1\/4&#8243; css=&#8220;.vc_custom_1620640841262{margin-top: 0px !important;border-top-width: 0px !important;padding-top: 0px !important;background-color: #3a544d !important;}&#8220;][vc_column_text]<\/p>\n<h2 class=\"eltoltcim\" style=\"text-align: center;\">Napt\u00e1r<\/h2>\n<p>[\/vc_column_text][vc_icon icon_fontawesome=&#8220;far fa-calendar-alt&#8220; color=&#8220;white&#8220; size=&#8220;xl&#8220; align=&#8220;center&#8220;][\/vc_column][vc_column width=&#8220;3\/4&#8243; css=&#8220;.vc_custom_1620659126230{margin-top: 0px !important;border-top-width: 0px !important;padding-top: 0px !important;}&#8220;][vc_masonry_grid post_type=&#8220;post&#8220; max_items=&#8220;3&#8243; item=&#8220;masonryGrid_WithSideContent&#8220; initial_loading_animation=&#8220;none&#8220; grid_id=&#8220;vc_gid:1773124018852-e62bec6f-46a5-6&#8243; css=&#8220;.vc_custom_1620659196179{margin-top: 0px !important;margin-bottom: 0px !important;border-top-width: 0px !important;border-bottom-width: 0px !important;padding-top: 0px !important;padding-bottom: 0px !important;background-color: #ffffff !important;}&#8220;][\/vc_column][\/vc_row][vc_row][vc_column][vc_column_text]<\/p>\n<h1 style=\"text-align: center;\">KONTAKTY :<\/h1>\n<p>[\/vc_column_text][\/vc_column][\/vc_row][vc_row css=&#8220;.vc_custom_1635504071795{margin-top: 2px !important;border-radius: 5px !important;}&#8220; el_class=&#8220;arakdoboz&#8220;][vc_column width=&#8220;1\/2&#8243;][vc_column_text el_id=&#8220;table2&#8243;]<\/p>\n<table>\n<tbody>\n<tr>\n<td><strong>RECEPCIA<\/strong> <a href=\"tel:+421948740890\">+421 948 740 890<\/a><br \/>\n<a href=\"mailto:office@rakoczino.eu\">office@rakoczino.eu<\/a><\/td>\n<\/tr>\n<tr>\n<td><strong>RE\u0160TAUR\u00c1CIA<\/strong> <a href=\"tel:+421948740880\">+421 948 740 880<\/a><br \/>\n<a href=\"mailto:restaurant@rakoczino.eu\">restaurant@rakoczino.eu<\/a><\/td>\n<\/tr>\n<tr>\n<td><strong>HOTEL<\/strong> <a href=\"tel:+421948740890\">+421 948 740 890<\/a><br \/>\n<a href=\"mailto:hotel@rakoczino.eu\">hotel@rakoczino.eu<\/a><\/td>\n<\/tr>\n<tr>\n<td><strong>V\u00ddSTAVA<\/strong> <a href=\"tel:+421948140880\">+421 948 140 880<\/a><br \/>\n<a href=\"mailto:muzeum@rakoczino.eu\">muzeum@rakoczino.eu<\/a><\/td>\n<\/tr>\n<tr>\n<td><strong>VR\/ESCAPE ROOM<\/strong> <a href=\"tel:+421948740040\">+421 948 740 040<\/a><br \/>\n<a href=\"mailto:hotel@rakoczino.eu\">hotel@rakoczino.eu<\/a><\/td>\n<\/tr>\n<tr>\n<td><strong>KULT\u00daRNY REFERENT<\/strong> <a href=\"tel:+421948140080\">+421 948 140 080<\/a><br \/>\n<a href=\"mailto:hotel@rakoczino.eu\">hotel@rakoczino.eu<\/a><\/td>\n<\/tr>\n<\/tbody>\n<\/table>\n<p>[\/vc_column_text][\/vc_column][vc_column width=&#8220;1\/2&#8243;][vc_column_text]<iframe style=\"border: 0;\" src=\"https:\/\/www.google.com\/maps\/embed?pb=!1m18!1m12!1m3!1d2649.511270780205!2d21.70320161582478!3d48.38912394158601!2m3!1f0!2f0!3f0!3m2!1i1024!2i768!4f13.1!3m3!1m2!1s0x4738cef8cd40d1b9%3A0x9d81b7a12499b3bb!2zS2HFoXRpZcS-IEZyYW50acWha2EgSUkuIFLDoWvDs2N6aWhv!5e0!3m2!1ssk!2ssk!4v1635517731186!5m2!1ssk!2ssk\" width=\"600\" height=\"450\" allowfullscreen=\"allowfullscreen\"><\/iframe>[\/vc_column_text][\/vc_column][\/vc_row][vc_row css=&#8220;.vc_custom_1638804125670{margin-top: 2px !important;border-radius: 5px !important;}&#8220;][vc_column][vc_column_text]<iframe style=\"border: 0;\" src=\"https:\/\/www.google.com\/maps\/embed?pb=!4v1638803953321!6m8!1m7!1sCAoSLEFGMVFpcFAtUFc0bUVhcjM0ZVA1LW1lWEQyelBNZzRPRWVhUVQwb1J6NktH!2m2!1d48.38922416228355!2d21.70539824662706!3f70.71388122390287!4f-3.5648964406138646!5f0.7820865974627469\" width=\"100%\" height=\"450\" allowfullscreen=\"allowfullscreen\"><\/iframe>[\/vc_column_text][\/vc_column][\/vc_row][vc_row el_id=&#8220;hodiny&#8220;][vc_column][vc_column_text]<\/p>\n<h1 style=\"text-align: center;\">OTV\u00c1RACIE HODINY :<\/h1>\n<p>[\/vc_column_text][\/vc_column][\/vc_row][vc_row el_class=&#8220;rejtett&#8220;][vc_column][vc_column_text]<\/p>\n<p style=\"text-align: right;\"><strong><a style=\"color: #3a544d;\" href=\"#\">tov\u00e1bbi az \u00f6sszes programhoz<\/a><\/strong><\/p>\n<p>[\/vc_column_text][\/vc_column][\/vc_row][vc_row full_width=&#8220;stretch_row&#8220; equal_height=&#8220;yes&#8220; content_placement=&#8220;middle&#8220; css=&#8220;.vc_custom_1622813512546{margin-top: 0px !important;margin-bottom: 0px !important;border-top-width: 0px !important;border-bottom-width: 0px !important;padding-top: 0px !important;padding-bottom: 0px !important;background-color: #ffffff !important;}&#8220; el_class=&#8220;rejtett&#8220;][vc_column width=&#8220;1\/4&#8243; css=&#8220;.vc_custom_1620640841262{margin-top: 0px !important;border-top-width: 0px !important;padding-top: 0px !important;background-color: #3a544d !important;}&#8220;][vc_column_text]<\/p>\n<h2 class=\"eltoltcim\" style=\"text-align: center;\">Napt\u00e1r<\/h2>\n<p>[\/vc_column_text][vc_icon icon_fontawesome=&#8220;far fa-calendar-alt&#8220; color=&#8220;white&#8220; size=&#8220;xl&#8220; align=&#8220;center&#8220;][\/vc_column][vc_column width=&#8220;3\/4&#8243; css=&#8220;.vc_custom_1620655670143{margin-top: 0px !important;border-top-width: 0px !important;padding-top: 0px !important;background-color: #ffffff !important;}&#8220;][vc_masonry_grid post_type=&#8220;post&#8220; max_items=&#8220;3&#8243; item=&#8220;none&#8220; initial_loading_animation=&#8220;none&#8220; grid_id=&#8220;vc_gid:1773124018853-d5857e62-d448-6&#8243; css=&#8220;.vc_custom_1620658598330{margin-top: 0px !important;margin-bottom: 0px !important;border-top-width: 0px !important;border-bottom-width: 0px !important;padding-top: 0px !important;padding-bottom: 0px !important;background-color: #ffffff !important;}&#8220;][\/vc_column][\/vc_row][vc_row el_class=&#8220;rejtett&#8220;][vc_column width=&#8220;1\/3&#8243;][vc_column_text css=&#8220;.vc_custom_1620661102120{margin-bottom: 0px !important;border-bottom-width: 0px !important;padding-bottom: 0px !important;}&#8220;]<\/p>\n<h2 class=\"eltoltcim\" style=\"text-align: center;\">ker\u00e9kp\u00e1ros turizmus<\/h2>\n<p>[\/vc_column_text][vc_single_image image=&#8220;140&#8243; img_size=&#8220;300&#215;300&#8243; alignment=&#8220;center&#8220; onclick=&#8220;custom_link&#8220; el_class=&#8220;kereteskep&#8220; css=&#8220;.vc_custom_1620662795210{padding-top: 5px !important;padding-right: 5px !important;padding-bottom: 5px !important;padding-left: 5px !important;}&#8220; link=&#8220;https:\/\/www.borsikastely.eu\/kerekparosoknak\/&#8220;][\/vc_column][vc_column width=&#8220;1\/3&#8243;][vc_column_text css=&#8220;.vc_custom_1620661791440{margin-bottom: 0px !important;border-bottom-width: 0px !important;padding-bottom: 0px !important;}&#8220;]<\/p>\n<h2 class=\"eltoltcim\" style=\"text-align: center;\">vizi turizmus<\/h2>\n<p>[\/vc_column_text][vc_single_image image=&#8220;140&#8243; img_size=&#8220;300&#215;300&#8243; alignment=&#8220;center&#8220; onclick=&#8220;custom_link&#8220; el_class=&#8220;kereteskep&#8220; css=&#8220;.vc_custom_1620662827668{padding-top: 5px !important;padding-right: 5px !important;padding-bottom: 5px !important;padding-left: 5px !important;}&#8220; link=&#8220;http:\/\/https:\/\/www.borsikastely.eu\/viziturazoknak\/&#8220;][\/vc_column][vc_column width=&#8220;1\/3&#8243;][vc_column_text css=&#8220;.vc_custom_1620661802790{margin-bottom: 0px !important;border-bottom-width: 0px !important;padding-bottom: 0px !important;}&#8220;]<\/p>\n<h2 class=\"eltoltcim\" style=\"text-align: center;\">borturizmus<\/h2>\n<p>[\/vc_column_text][vc_single_image image=&#8220;140&#8243; img_size=&#8220;300&#215;300&#8243; alignment=&#8220;center&#8220; onclick=&#8220;custom_link&#8220; el_class=&#8220;kereteskep&#8220; css=&#8220;.vc_custom_1620662907676{padding-top: 5px !important;padding-right: 5px !important;padding-bottom: 5px !important;padding-left: 5px !important;}&#8220; link=&#8220;https:\/\/www.borsikastely.eu\/borospincek\/&#8220;][\/vc_column][\/vc_row][vc_row el_class=&#8220;rejtett&#8220;][vc_column width=&#8220;1\/3&#8243;][vc_column_text css=&#8220;.vc_custom_1620661819230{margin-bottom: 0px !important;border-bottom-width: 0px !important;padding-bottom: 0px !important;}&#8220;]<\/p>\n<h2 class=\"eltoltcim\" style=\"text-align: center;\">kultur\u00e1lis turizmus<\/h2>\n<p>[\/vc_column_text][vc_single_image image=&#8220;140&#8243; img_size=&#8220;300&#215;300&#8243; alignment=&#8220;center&#8220; el_class=&#8220;kereteskep&#8220; css=&#8220;.vc_custom_1620661708136{padding-top: 5px !important;padding-right: 5px !important;padding-bottom: 5px !important;padding-left: 5px !important;}&#8220;][\/vc_column][vc_column width=&#8220;1\/3&#8243;][vc_column_text css=&#8220;.vc_custom_1620661829805{margin-bottom: 0px !important;border-bottom-width: 0px !important;padding-bottom: 0px !important;}&#8220;]<\/p>\n<h2 class=\"eltoltcim\" style=\"text-align: center;\">csal\u00e1doknak<\/h2>\n<p>[\/vc_column_text][vc_single_image image=&#8220;140&#8243; img_size=&#8220;300&#215;300&#8243; alignment=&#8220;center&#8220; el_class=&#8220;kereteskep&#8220; css=&#8220;.vc_custom_1620661708136{padding-top: 5px !important;padding-right: 5px !important;padding-bottom: 5px !important;padding-left: 5px !important;}&#8220;][\/vc_column][vc_column width=&#8220;1\/3&#8243;][vc_column_text css=&#8220;.vc_custom_1620661852941{margin-bottom: 0px !important;border-bottom-width: 0px !important;padding-bottom: 0px !important;}&#8220;]<\/p>\n<h2 class=\"eltoltcim\" style=\"text-align: center;\">oszt\u00e1lykir\u00e1ndul\u00e1sra<\/h2>\n<p>[\/vc_column_text][vc_single_image image=&#8220;140&#8243; img_size=&#8220;300&#215;300&#8243; alignment=&#8220;center&#8220; el_class=&#8220;kereteskep&#8220; css=&#8220;.vc_custom_1620661708136{padding-top: 5px !important;padding-right: 5px !important;padding-bottom: 5px !important;padding-left: 5px !important;}&#8220;][\/vc_column][\/vc_row][vc_row el_class=&#8220;arakdoboz&#8220; css=&#8220;.vc_custom_1635504182776{margin-top: 1px !important;margin-bottom: 50px !important;padding-top: 1px !important;padding-bottom: 1px !important;border-radius: 5px !important;}&#8220;][vc_column width=&#8220;1\/2&#8243;][vc_row_inner css=&#8220;.vc_custom_1635519085042{margin-top: 1px !important;margin-bottom: 1px !important;}&#8220;][vc_column_inner][vc_column_text css=&#8220;.vc_custom_1635519064149{margin-top: 1px !important;margin-bottom: 1px !important;}&#8220;]<\/p>\n<h2 class=\"kiemeltcim\" style=\"text-align: center;\">EXPOZ\u00cdCIA \/ ATRAKCIE<\/h2>\n<p>[\/vc_column_text][\/vc_column_inner][\/vc_row_inner][vc_row_inner css=&#8220;.vc_custom_1635519016873{border-right-width: 1px !important;border-right-color: rgba(0,0,0,0.51) !important;border-right-style: dotted !important;}&#8220;][vc_column_inner width=&#8220;1\/2&#8243; css=&#8220;.vc_custom_1635501762983{margin-top: 1px !important;}&#8220;][vc_column_text el_id=&#8220;table1&#8243;]<\/p>\n<p style=\"text-align: center;\">1. apr\u00edla \u2013 31. okt\u00f3bra<\/p>\n<table>\n<tbody>\n<tr>\n<td><strong>Pon<\/strong><\/td>\n<td>10:00-18:00<\/td>\n<\/tr>\n<tr>\n<td><strong>Ut<\/strong><\/td>\n<td>10:00-18:00<\/td>\n<\/tr>\n<tr>\n<td><strong>Str<\/strong><\/td>\n<td>10:00-18:00<\/td>\n<\/tr>\n<tr>\n<td><strong>\u0160tv<\/strong><\/td>\n<td>10:00-18:00<\/td>\n<\/tr>\n<tr>\n<td><strong>Pia<\/strong><\/td>\n<td>10:00-18:00<\/td>\n<\/tr>\n<tr>\n<td><strong>So<\/strong><\/td>\n<td>10:00-18:00<\/td>\n<\/tr>\n<tr>\n<td><strong>Ne<\/strong><\/td>\n<td>10:00-18:00<\/td>\n<\/tr>\n<\/tbody>\n<\/table>\n<p>[\/vc_column_text][\/vc_column_inner][vc_column_inner width=&#8220;1\/2&#8243;][vc_column_text el_id=&#8220;table1&#8243;]<\/p>\n<p style=\"text-align: center;\">1. novembra \u2013 31. marca<\/p>\n<table>\n<tbody>\n<tr>\n<td><strong>Pon<\/strong><\/td>\n<td>zatvoren\u00e9<\/td>\n<\/tr>\n<tr>\n<td><strong>Ut<\/strong><\/td>\n<td>10:00-16:00<\/td>\n<\/tr>\n<tr>\n<td><strong>Str<\/strong><\/td>\n<td>10:00-16:00<\/td>\n<\/tr>\n<tr>\n<td><strong>\u0160tv<\/strong><\/td>\n<td>10:00-16:00<\/td>\n<\/tr>\n<tr>\n<td><strong>Pia<\/strong><\/td>\n<td>10:00-16:00<\/td>\n<\/tr>\n<tr>\n<td><strong>So<\/strong><\/td>\n<td>10:00-16:00<\/td>\n<\/tr>\n<tr>\n<td><strong>Ne<\/strong><\/td>\n<td>10:00-16:00<\/td>\n<\/tr>\n<\/tbody>\n<\/table>\n<p>[\/vc_column_text][\/vc_column_inner][\/vc_row_inner][\/vc_column][vc_column width=&#8220;1\/2&#8243;][vc_row_inner css=&#8220;.vc_custom_1635519093378{margin-top: 1px !important;margin-bottom: 1px !important;}&#8220;][vc_column_inner][vc_column_text css=&#8220;.vc_custom_1635519067931{margin-top: 1px !important;margin-bottom: 1px !important;}&#8220;]<\/p>\n<h2 class=\"kiemeltcim\" style=\"text-align: center;\">RE\u0160TAUR\u00c1CIA<\/h2>\n<p>[\/vc_column_text][\/vc_column_inner][\/vc_row_inner][vc_row_inner css=&#8220;.vc_custom_1635518896895{border-right-width: 1px !important;border-right-style: hidden !important;}&#8220;][vc_column_inner width=&#8220;1\/2&#8243;][vc_column_text el_id=&#8220;table1&#8243;]<\/p>\n<p style=\"text-align: center;\">1. maj \u2013 31. okt\u00f3bra<\/p>\n<table>\n<tbody>\n<tr>\n<td><strong>Pon<\/strong><\/td>\n<td>12:00-21:00<\/td>\n<\/tr>\n<tr>\n<td><strong>Ut<\/strong><\/td>\n<td>12:00-21:00<\/td>\n<\/tr>\n<tr>\n<td><strong>Str<\/strong><\/td>\n<td>12:00-21:00<\/td>\n<\/tr>\n<tr>\n<td><strong>\u0160tv<\/strong><\/td>\n<td>12:00-21:00<\/td>\n<\/tr>\n<tr>\n<td><strong>Pia<\/strong><\/td>\n<td>12:00-21:00<\/td>\n<\/tr>\n<tr>\n<td><strong>So<\/strong><\/td>\n<td>12:00-21:00<\/td>\n<\/tr>\n<tr>\n<td><strong>Ne<\/strong><\/td>\n<td>12:00-21:00<\/td>\n<\/tr>\n<\/tbody>\n<\/table>\n<p>[\/vc_column_text][\/vc_column_inner][vc_column_inner width=&#8220;1\/2&#8243;][vc_column_text el_id=&#8220;table1&#8243;]<\/p>\n<p style=\"text-align: center;\">1. novembra \u2013 30. apr\u00edla<\/p>\n<table>\n<tbody>\n<tr>\n<td><strong>Pon<\/strong><\/td>\n<td>12:00-20:00<\/td>\n<\/tr>\n<tr>\n<td><strong>Ut<\/strong><\/td>\n<td>12:00-20:00<\/td>\n<\/tr>\n<tr>\n<td><strong>Str<\/strong><\/td>\n<td>12:00-20:00<\/td>\n<\/tr>\n<tr>\n<td><strong>\u0160tv<\/strong><\/td>\n<td>12:00-20:00<\/td>\n<\/tr>\n<tr>\n<td><strong>Pia<\/strong><\/td>\n<td>12:00-20:00<\/td>\n<\/tr>\n<tr>\n<td><strong>So<\/strong><\/td>\n<td>12:00-20:00<\/td>\n<\/tr>\n<tr>\n<td><strong>Ne<\/strong><\/td>\n<td>12:00-20:00<\/td>\n<\/tr>\n<\/tbody>\n<\/table>\n<p>[\/vc_column_text][\/vc_column_inner][\/vc_row_inner][\/vc_column][vc_column][vc_column_text css=&#8220;.vc_custom_1763650116182{border-radius: 5px !important;}&#8220;]<\/p>\n<h2>Otv\u00e1racie hodiny po\u010das sviatkov<\/h2>\n<p style=\"text-align: center;\">23. &#8211; 26. decembra 2025 Zatvoren\u00e9<br \/>\n<strong>27. &#8211; 29. decembra 2025 Otvoren\u00e9<\/strong><br \/>\n30. decembra 2025 &#8211; 1. janu\u00e1ra 2026 Zatvoren\u00e9<br \/>\n<strong>2. &#8211; 11. janu\u00e1ra 2026 Otvoren\u00e9<\/strong><br \/>\n12. &#8211; 15. janu\u00e1ra 2026 Zatvoren\u00e9<\/p>\n<p>[\/vc_column_text][\/vc_column][\/vc_row][vc_row][vc_column][\/vc_column][\/vc_row]<\/p>\n","protected":false},"excerpt":{"rendered":"<p>[vc_row full_width=&#8220;stretch_row&#8220; equal_height=&#8220;yes&#8220; content_placement=&#8220;middle&#8220; css=&#8220;.vc_custom_1622813499694{margin-top: 0px !important;margin-bottom: 0px !important;border-top-width: 0px !important;border-bottom-width: 0px !important;padding-top: 0px !important;padding-bottom: 0px !important;background-color: #ffffff !important;}&#8220; el_class=&#8220;rejtett&#8220;][vc_column width=&#8220;1\/4&#8243; css=&#8220;.vc_custom_1620640841262{margin-top: 0px !important;border-top-width: 0px !important;padding-top:<span class=\"excerpt-hellip\"> [\u2026]<\/span><\/p>\n","protected":false},"author":1,"featured_media":0,"parent":0,"menu_order":10,"comment_status":"closed","ping_status":"closed","template":"","meta":[],"yoast_head":"<!-- This site is optimized with the Yoast SEO plugin v15.9.2 - https:\/\/yoast.com\/wordpress\/plugins\/seo\/ -->\n<title>Kontakty - BORSI R\u00c1K\u00d3CZI KAST\u00c9LY<\/title>\n<meta name=\"robots\" content=\"index, follow, max-snippet:-1, max-image-preview:large, max-video-preview:-1\" \/>\n<link rel=\"canonical\" href=\"https:\/\/www.borsikastely.eu\/sk\/kontakty\/\" \/>\n<meta property=\"og:locale\" content=\"sk_SK\" \/>\n<meta property=\"og:type\" content=\"article\" \/>\n<meta property=\"og:title\" content=\"Kontakty - BORSI R\u00c1K\u00d3CZI KAST\u00c9LY\" \/>\n<meta property=\"og:description\" content=\"[vc_row full_width=&#8220;stretch_row&#8220; equal_height=&#8220;yes&#8220; content_placement=&#8220;middle&#8220; css=&#8220;.vc_custom_1622813499694{margin-top: 0px !important;margin-bottom: 0px !important;border-top-width: 0px !important;border-bottom-width: 0px !important;padding-top: 0px !important;padding-bottom: 0px !important;background-color: #ffffff !important;}&#8220; el_class=&#8220;rejtett&#8220;][vc_column width=&#8220;1\/4&#8243; css=&#8220;.vc_custom_1620640841262{margin-top: 0px !important;border-top-width: 0px !important;padding-top: [\u2026]\" \/>\n<meta property=\"og:url\" content=\"https:\/\/www.borsikastely.eu\/sk\/kontakty\/\" \/>\n<meta property=\"og:site_name\" content=\"BORSI R\u00c1K\u00d3CZI KAST\u00c9LY\" \/>\n<meta property=\"article:modified_time\" content=\"2026-03-10T06:27:15+00:00\" \/>\n<meta name=\"twitter:card\" content=\"summary_large_image\" \/>\n<meta name=\"twitter:label1\" content=\"Predpokladan\u00fd \u010das \u010d\u00edtania\">\n\t<meta name=\"twitter:data1\" content=\"3 min\u00faty\">\n<script type=\"application\/ld+json\" class=\"yoast-schema-graph\">{\"@context\":\"https:\/\/schema.org\",\"@graph\":[{\"@type\":\"WebSite\",\"@id\":\"https:\/\/www.borsikastely.eu\/#website\",\"url\":\"https:\/\/www.borsikastely.eu\/\",\"name\":\"BORSI R\\u00c1K\\u00d3CZI KAST\\u00c9LY\",\"description\":\"\",\"potentialAction\":[{\"@type\":\"SearchAction\",\"target\":\"https:\/\/www.borsikastely.eu\/?s={search_term_string}\",\"query-input\":\"required name=search_term_string\"}],\"inLanguage\":\"sk-SK\"},{\"@type\":\"WebPage\",\"@id\":\"https:\/\/www.borsikastely.eu\/sk\/kontakty\/#webpage\",\"url\":\"https:\/\/www.borsikastely.eu\/sk\/kontakty\/\",\"name\":\"Kontakty - BORSI R\\u00c1K\\u00d3CZI KAST\\u00c9LY\",\"isPartOf\":{\"@id\":\"https:\/\/www.borsikastely.eu\/#website\"},\"datePublished\":\"2021-10-29T10:56:26+00:00\",\"dateModified\":\"2026-03-10T06:27:15+00:00\",\"breadcrumb\":{\"@id\":\"https:\/\/www.borsikastely.eu\/sk\/kontakty\/#breadcrumb\"},\"inLanguage\":\"sk-SK\",\"potentialAction\":[{\"@type\":\"ReadAction\",\"target\":[\"https:\/\/www.borsikastely.eu\/sk\/kontakty\/\"]}]},{\"@type\":\"BreadcrumbList\",\"@id\":\"https:\/\/www.borsikastely.eu\/sk\/kontakty\/#breadcrumb\",\"itemListElement\":[{\"@type\":\"ListItem\",\"position\":1,\"item\":{\"@type\":\"WebPage\",\"@id\":\"https:\/\/www.borsikastely.eu\/sk\/\",\"url\":\"https:\/\/www.borsikastely.eu\/sk\/\",\"name\":\"Kezd\\u0151lap\"}},{\"@type\":\"ListItem\",\"position\":2,\"item\":{\"@type\":\"WebPage\",\"@id\":\"https:\/\/www.borsikastely.eu\/sk\/kontakty\/\",\"url\":\"https:\/\/www.borsikastely.eu\/sk\/kontakty\/\",\"name\":\"Kontakty\"}}]}]}<\/script>\n<!-- \/ Yoast SEO plugin. -->","_links":{"self":[{"href":"https:\/\/www.borsikastely.eu\/sk\/wp-json\/wp\/v2\/pages\/1820"}],"collection":[{"href":"https:\/\/www.borsikastely.eu\/sk\/wp-json\/wp\/v2\/pages"}],"about":[{"href":"https:\/\/www.borsikastely.eu\/sk\/wp-json\/wp\/v2\/types\/page"}],"author":[{"embeddable":true,"href":"https:\/\/www.borsikastely.eu\/sk\/wp-json\/wp\/v2\/users\/1"}],"replies":[{"embeddable":true,"href":"https:\/\/www.borsikastely.eu\/sk\/wp-json\/wp\/v2\/comments?post=1820"}],"version-history":[{"count":107,"href":"https:\/\/www.borsikastely.eu\/sk\/wp-json\/wp\/v2\/pages\/1820\/revisions"}],"predecessor-version":[{"id":5378,"href":"https:\/\/www.borsikastely.eu\/sk\/wp-json\/wp\/v2\/pages\/1820\/revisions\/5378"}],"wp:attachment":[{"href":"https:\/\/www.borsikastely.eu\/sk\/wp-json\/wp\/v2\/media?parent=1820"}],"curies":[{"name":"wp","href":"https:\/\/api.w.org\/{rel}","templated":true}]}}