{"id":1286,"date":"2021-05-10T18:11:03","date_gmt":"2021-05-10T16:11:03","guid":{"rendered":"https:\/\/www.borsikastely.eu\/programok-latnivalok\/"},"modified":"2021-10-16T15:45:43","modified_gmt":"2021-10-16T13:45:43","slug":"programy-zaujimavosti","status":"publish","type":"page","link":"https:\/\/www.borsikastely.eu\/sk\/programy-zaujimavosti\/","title":{"rendered":"PROGRAMY \/ ZAUJ\u00cdMAVOSTI"},"content":{"rendered":"<p>[vc_row css=&#8220;.vc_custom_1621844370719{margin-top: 70px !important;}&#8220;][vc_column][vc_column_text]<\/p>\n<h1 style=\"text-align: center;\">OPLAT\u00cd SA VIDIE\u0164<\/h1>\n<p>[\/vc_column_text][\/vc_column][\/vc_row][vc_row el_class=&#8220;arakdoboz&#8220; css=&#8220;.vc_custom_1634391630312{margin-bottom: 30px !important;padding-top: 1px !important;padding-bottom: 1px !important;border-radius: 10px !important;}&#8220;][vc_column width=&#8220;2\/3&#8243;][vc_column_text]<\/p>\n<h3 style=\"text-align: right;\">Vodn\u00e1 turistika<\/h3>\n<p style=\"text-align: justify;\">Nad\u0161enci vodnej turistiky m\u00f4\u017eu spozna\u0165 kr\u00e1sy Bodroga a jeho s\u00fatoky, Latoricu, Ondavu, Laborec a Uh, ktor\u00e9 prep\u00e1jaj\u00fa cel\u00e9 v\u00fdchodn\u00e9 Slovensko od severu po juh, a na v\u00fdchode cez rieku Latorica aj s Ukrajinou. Splavovania t\u00fdchto riek V\u00e1m pon\u00faknu bohat\u00e9 kult\u00farno-spozn\u00e1vacie z\u00e1\u017eitky.<\/p>\n<p>[\/vc_column_text][\/vc_column][vc_column width=&#8220;1\/3&#8243;][vc_single_image image=&#8220;710&#8243; img_size=&#8220;full&#8220; alignment=&#8220;center&#8220; style=&#8220;vc_box_rounded&#8220; onclick=&#8220;custom_link&#8220; link=&#8220;http:\/\/www.zemplenkalandpark.hu\/&#8220;][\/vc_column][\/vc_row][vc_row el_class=&#8220;arakdoboz&#8220; css=&#8220;.vc_custom_1634391591897{margin-bottom: 10px !important;padding-top: 1px !important;padding-bottom: 1px !important;border-radius: 10px !important;}&#8220;][vc_column width=&#8220;1\/3&#8243;][vc_single_image image=&#8220;711&#8243; img_size=&#8220;full&#8220; alignment=&#8220;center&#8220; onclick=&#8220;custom_link&#8220; link=&#8220;http:\/\/www.zemplenkalandpark.hu\/&#8220; css=&#8220;.vc_custom_1623386694436{margin-bottom: 0px !important;border-bottom-width: 0px !important;padding-bottom: 0px !important;}&#8220;][\/vc_column][vc_column width=&#8220;2\/3&#8243;][vc_column_text]<\/p>\n<h3 style=\"text-align: left;\">Cyklistom<\/h3>\n<p style=\"text-align: justify;\">Cyklotrasy ju\u017en\u00e9ho Zempl\u00edna a medzin\u00e1rodn\u00fdch tr\u00e1s v\u00fdchod-z\u00e1pad a juh-sever, s\u00fa vybudovan\u00e9 ne\u010faleko obce Bor\u0161a, okrem Zempl\u00ednskej cyklomagistr\u00e1ly, ktor\u00e1 prech\u00e1dza priamo cez obec.<\/p>\n<p style=\"text-align: justify;\">Ak m\u00e1\u0161 r\u00e1d cyklistick\u00e9 trasy ktor\u00e9 \u0165a zaved\u00fa k nespoznan\u00fdm pr\u00edrodn\u00fdm miestam, alebo si milovn\u00edkom kult\u00farno-historick\u00fdch pamiatok, ste mlad\u00e1 partia ktor\u00ed h\u013eadaj\u00fa akt\u00edvny oddych s dobr\u00fdm jedlom, mo\u017enos\u0165ou prech\u00e1dzok, opeka\u010diek, alebo vyslovene ste nad\u0161enci kult\u00farnych podujat\u00ed, gastronomick\u00fdch poch\u00fa\u0165ok a degust\u00e1ci\u00ed, ste na dobrom mieste. V na\u0161om komplexe v\u0161etko n\u00e1jdete.<\/p>\n<p>[\/vc_column_text][\/vc_column][\/vc_row][vc_row][vc_column][vc_column_text]<\/p>\n<h1 style=\"text-align: center;\">ZAUJ\u00cdMAVOSTI OKOLIA<\/h1>\n<p>[\/vc_column_text][\/vc_column][\/vc_row][vc_row el_class=&#8220;arakdoboz&#8220; css=&#8220;.vc_custom_1634391712443{margin-bottom: 30px !important;padding-top: 1px !important;padding-bottom: 1px !important;border-radius: 10px !important;}&#8220;][vc_column width=&#8220;2\/3&#8243;][vc_column_text]<\/p>\n<h3 style=\"text-align: right;\">ZEMPL\u00cdNSK\u00dd Z\u00c1\u017dITKOV\u00dd PARK, S\u00c1TORALJA\u00daJHELY<\/h3>\n<p style=\"text-align: justify;\">Z\u00e1ujemcovia o \u0161port a adrenal\u00edn, tie\u017e s\u00fa na dobrom mieste. O ich spokojnos\u0165 sa postar\u00e1 Zemplinsk\u00fd z\u00e1\u017eitkov\u00fd park, ktor\u00fd je postaven\u00fd na troch \u00farovniach kopca Magas-hegy (Ve\u013ek\u00fd vrch), s celosez\u00f3nnymi atrakciami. Okrem najdlh\u0161ej a najextr\u00e9mnej\u0161ej bobovej dr\u00e1hy v Ma\u010farsku m\u00f4\u017eu milovn\u00edci adrenal\u00ednu vysk\u00fa\u0161a\u0165 extr\u00e9mny Zipline, dlh\u00fd 1 036 metrov medzi vrchom Sz\u00e1r-hegy a vrchom Magas-hegy. Dobrodru\u017en\u00fd park s mnoh\u00fdmi atrakciami, vr\u00e1tane 5 n\u00e1ro\u010dn\u00fdch turistick\u00fdch chodn\u00edkov, 19 metrov vysokej vn\u00fatornej lezeckej steny, klzisk\u00e1, snowtubing, detsk\u00e9 ihrisk\u00e1, fitnes censtr\u00e1 a zasne\u017eovan\u00e9 zjazdovky a s\u00e1nkarsk\u00e9 dr\u00e1hy.<\/p>\n<p>[\/vc_column_text][\/vc_column][vc_column width=&#8220;1\/3&#8243;][vc_single_image image=&#8220;604&#8243; img_size=&#8220;full&#8220; alignment=&#8220;center&#8220; onclick=&#8220;custom_link&#8220; link=&#8220;http:\/\/www.zemplenkalandpark.hu\/&#8220; css=&#8220;.vc_custom_1622795035331{margin-bottom: 0px !important;border-bottom-width: 0px !important;padding-bottom: 0px !important;}&#8220;][vc_column_text]<\/p>\n<p style=\"text-align: center;\"><a href=\"http:\/\/www.zemplenkalandpark.hu\/ \">http:\/\/www.zemplenkalandpark.hu\/ <\/a><\/p>\n<p>[\/vc_column_text][\/vc_column][\/vc_row][vc_row el_class=&#8220;arakdoboz&#8220; css=&#8220;.vc_custom_1634391894083{margin-bottom: 30px !important;padding-top: 1px !important;padding-bottom: 1px !important;border-radius: 10px !important;}&#8220;][vc_column width=&#8220;1\/3&#8243;][vc_single_image image=&#8220;595&#8243; img_size=&#8220;full&#8220; alignment=&#8220;center&#8220; onclick=&#8220;custom_link&#8220; link=&#8220;https:\/\/rakoczimuzeum.hu\/&#8220; css=&#8220;.vc_custom_1622794285828{margin-bottom: 0px !important;border-bottom-width: 0px !important;padding-bottom: 0px !important;}&#8220;][vc_column_text]<\/p>\n<p style=\"text-align: center;\"><a href=\"https:\/\/rakoczimuzeum.hu\/\">&gt;&gt; rakoczimuzeum.hu<\/a><\/p>\n<p>[\/vc_column_text][\/vc_column][vc_column width=&#8220;2\/3&#8243;][vc_column_text]<\/p>\n<h3>Ma\u010farsk\u00e9 N\u00e1rodn\u00e9 M\u00fazeum, M\u00fazeum R\u00e1k\u00f3cziho, S\u00e1rospatak<\/h3>\n<p style=\"text-align: justify;\">N\u00e1dhern\u00e1 renesan\u010dn\u00e1 architektonick\u00e1 budova je jedn\u00fdm z najsl\u00e1vnej\u0161\u00edch hradov v Ma\u010farsku. Patr\u00ed k v\u00fdznamn\u00fdm miestam, ktor\u00e9 s\u00fa \u00fazko sp\u00e4t\u00e9 s rodinou R\u00e1k\u00f3czi. Zna\u010dn\u00e1 \u010das\u0165 stavby je spojen\u00e1 s menom Petra (P\u00e9ter) Per\u00e9nyiho, nesk\u00f4r s jeho synom G\u00e1borom, ktor\u00fd dokon\u010duje pr\u00e1cu svojho otca. Po jeho smrti hrad patril synovi \u0160tefana (Istv\u00e1n) Dob\u00f3a, Franti\u0161kovi (Ferec) Dob\u00f3ovi a jeho dedi\u010dom, odkia\u013e sa dostane k rodine Bocskai, a potom sa z neho stane dedi\u010dstvo Lor\u00e1ntffyov\u00fdch. Tak sa cez man\u017eelku Juraja I. (Gy\u00f6rgy) R\u00e1k\u00f3cziho st\u00e1va R\u00e1k\u00f3cziovsk\u00e9 panstvo. V m\u00fazeu sa nach\u00e1dza mnoho st\u00e1lych a do\u010dasn\u00fdch expoz\u00edci\u00ed o hrade a o \u017eivote z bl\u00edzkeho okolia od \u010dias R\u00e1k\u00f3cziov\u00fdch. V dielni sa m\u00f4\u017eete dozvedie\u0165 viac aj o umen\u00ed odlievania diel.<\/p>\n<p style=\"text-align: justify;\">S\u00e1rospatak je vzdialen\u00fd iba 17 km od Bor\u0161e. Na hrad sa d\u00e1 dosta\u0165 prostredn\u00edctvom cestnej prem\u00e1vky, na cyklotrase a \u010doskoro aj po vode.<\/p>\n<p>[\/vc_column_text][\/vc_column][\/vc_row][vc_row el_class=&#8220;arakdoboz&#8220; css=&#8220;.vc_custom_1634391899217{margin-bottom: 30px !important;padding-top: 1px !important;padding-bottom: 1px !important;border-radius: 10px !important;}&#8220;][vc_column width=&#8220;1\/3&#8243;][vc_single_image image=&#8220;599&#8243; img_size=&#8220;medium&#8220; alignment=&#8220;center&#8220; onclick=&#8220;custom_link&#8220; link=&#8220;https:\/\/www.patakcollege.hu\/&#8220; css=&#8220;.vc_custom_1634391776432{margin-bottom: 0px !important;border-bottom-width: 0px !important;padding-bottom: 0px !important;}&#8220;][vc_column_text]<\/p>\n<p style=\"text-align: center;\"><a href=\"https:\/\/www.patakcollege.hu\/\">&gt;&gt; patakcollege.hu<\/a><\/p>\n<p>[\/vc_column_text][\/vc_column][vc_column width=&#8220;2\/3&#8243;][vc_column_text]<\/p>\n<h3>Reformovan\u00e9 kol\u00e9gium, S\u00e1rospatak<\/h3>\n<p style=\"text-align: justify;\">Rozkvet jedn\u00e9ho z najsl\u00e1vnej\u0161\u00edch kol\u00e9gii v Ma\u010farsku pre\u017e\u00edval v obdob\u00ed Juraja I. (Gy\u00f6rgy) R\u00e1k\u00f3cziho a Zuzany (Zsuzsanna) Lor\u00e1ntffyovej. Pr\u00e1ve vtedy sem pri\u0161iel J.A.Komensk\u00fd, najsl\u00e1vnej\u0161\u00ed u\u010dite\u013e tej doby, na pozvanie Zuzany (Zsuzsanna) Lor\u00e1ntffyovej. Okrem v\u00fdstavy hist\u00f3rie \u0161koly k zauj\u00edmavym atrakciam patr\u00ed aj ve\u013ek\u00e1 kni\u017enica.<\/p>\n<p style=\"text-align: justify;\">Koll\u00e9gium je pr\u00edstupn\u00e9 po cestnej prem\u00e1vke, na bicykli a \u010doskoro aj po vode.<\/p>\n<p>[\/vc_column_text][\/vc_column][\/vc_row][vc_row el_class=&#8220;arakdoboz&#8220; css=&#8220;.vc_custom_1634391903380{margin-bottom: 30px !important;padding-top: 1px !important;padding-bottom: 1px !important;border-radius: 10px !important;}&#8220;][vc_column width=&#8220;1\/3&#8243;][vc_single_image image=&#8220;699&#8243; img_size=&#8220;full&#8220; alignment=&#8220;center&#8220; onclick=&#8220;custom_link&#8220; link=&#8220;https:\/\/www.vsmuzeum.sk\/&#8220; css=&#8220;.vc_custom_1623324032680{margin-bottom: 0px !important;border-bottom-width: 0px !important;padding-bottom: 0px !important;}&#8220;][vc_column_text]<\/p>\n<p style=\"text-align: center;\"><a href=\"https:\/\/www.vsmuzeum.sk\/\">&gt;&gt; vsmuzeum.sk<\/a><\/p>\n<p>[\/vc_column_text][\/vc_column][vc_column width=&#8220;2\/3&#8243;][vc_column_text]<\/p>\n<h3>Rodo\u0161to, Ko\u0161ice<\/h3>\n<p style=\"text-align: justify;\">Franti\u0161ek II. R\u00e1k\u00f3czi predstavuje historick\u00fa osobnos\u0165, ktorej pohnut\u00fd \u017eivot pretk\u00e1va i\u00a0odr\u00e1\u017ea dramatick\u00e9 osudy strednej Eur\u00f3py a jej n\u00e1rodov. Je preto prirodzen\u00e9, \u017ee na historickej mape spolo\u010dnej minulosti sa vyn\u00edma aj unik\u00e1tna ko\u0161ick\u00e1 r\u00e1kocziovsk\u00e1 pamiatka \u2013 Pam\u00e4tn\u00fd dom Franti\u0161ka II. R\u00e1kocziho, tzv. Rodo\u0161to.<\/p>\n<p style=\"text-align: justify;\">Prv\u00e1 expoz\u00edcia v tomto objekte situovanom v are\u00e1li Katovej ba\u0161ty, na n\u00e1dvor\u00ed Hrn\u010diarskej ulice bola spr\u00edstupnen\u00e1 V\u00fdchodoslovensk\u00fdm m\u00fazeom v roku 1991. S\u00fa\u010dasn\u00e1 podoba expoz\u00edcie poch\u00e1dza z roku 2013. Evokuje prostredie, v ktorom \u017eil Franti\u0161ek II. R\u00e1koczi a jeho druhovia v xile v tureckom meste\u010dku Rodo\u0161to, rozlo\u017eenom pod pohor\u00edm Tekir Dag na brehu Marmarsk\u00e9ho mora z\u00e1padne od Istanbulu. Hoci sa o postaven\u00ed repliky domu rozhodlo u\u017e v roku 1908, stavba bola realizovan\u00e1 a\u017e v rokoch 1940-1943. V r\u00e1mci stavebnej realiz\u00e1cie projektu bolo vyu\u017eit\u00e9 pr\u00edzemn\u00e9 podla\u017eie obytn\u00e9ho domu z prelomu 18. a 19. storo\u010dia.<\/p>\n<p style=\"text-align: justify;\">Expoz\u00edcia n\u00e1v\u0161tevn\u00edkom pribli\u017euje osobu knie\u017ea\u0165a Franti\u0161ka II. R\u00e1kocziho, jeho \u017eivot a smr\u0165 vo vyhnanstve, prevoz ostatkov a sl\u00e1vnostn\u00fd pohreb v Ko\u0161iciach v roku 1906. Dominantou Pam\u00e4tn\u00e9ho domu je ve\u013ek\u00e1 jed\u00e1lensk\u00e1 miestnos\u0165, ktorej viacer\u00e9 s\u00fa\u010dasti \u00fadajne vyhotovil a dekoroval vlastnoru\u010dne s\u00e1m R\u00e1koczi. Expoz\u00edciu dop\u013a\u0148aj\u00fa dobov\u00e9 zbrane, rytiny, v\u00fdtvarn\u00e9 diela \u2013 rodinn\u00e9 portr\u00e9ty R\u00e1kocziovcov a akvarely z Turecka, uk\u00e1\u017eky povstaleck\u00e9ho mincovn\u00edctva a medail\u00e9rstva, tureck\u00fd dobov\u00fd n\u00e1bytok, predmety z osobn\u00e9ho vlastn\u00edctva R\u00e1kocziho, ako aj predmety s\u00favisiace s jeho smr\u0165ou a sl\u00e1vnostn\u00fdm pohrebom v Ko\u0161iciach.<\/p>\n<p>[\/vc_column_text][\/vc_column][\/vc_row][vc_row el_class=&#8220;arakdoboz&#8220; css=&#8220;.vc_custom_1634391911706{margin-bottom: 30px !important;padding-top: 1px !important;padding-bottom: 1px !important;border-radius: 10px !important;}&#8220;][vc_column width=&#8220;1\/3&#8243;][vc_single_image image=&#8220;601&#8243; img_size=&#8220;full&#8220; alignment=&#8220;center&#8220; onclick=&#8220;custom_link&#8220; link=&#8220;http:\/\/domsvalzbety.sk\/&#8220; css=&#8220;.vc_custom_1622794570588{margin-bottom: 0px !important;border-bottom-width: 0px !important;padding-bottom: 0px !important;}&#8220;][vc_column_text]<\/p>\n<p style=\"text-align: center;\"><a href=\"http:\/\/domsvalzbety.sk\/\">&gt;&gt; domsvalzbety.sk <\/a><\/p>\n<p>[\/vc_column_text][\/vc_column][vc_column width=&#8220;2\/3&#8243;][vc_column_text]<\/p>\n<h3>R\u00e1k\u00f3cziho krypta v D\u00f3me sv. Al\u017ebety v Ko\u0161iciach<\/h3>\n<p style=\"text-align: justify;\">V roku 1906 vznikla krypta, v ktorej dnes s\u00fa ulo\u017een\u00e9 nielen pozostatky knie\u017ea\u0165a Franti\u0161ka II. (Ferenc) R\u00e1k\u00f3cziho, ale aj jeho matky, star\u0161ieho syna a jeho vern\u00fdch slu\u017eobn\u00edkov. Na konci krypty sa nach\u00e1dza obraz Andora Duditsa o R\u00e1k\u00f3cziho \u017eivote.<\/p>\n<p style=\"text-align: justify;\">Pros\u00edme na\u0161ich mil\u00fdch n\u00e1v\u0161tevn\u00edkov, aby si napl\u00e1novali n\u00e1v\u0161tevu mimo om\u0161e!<\/p>\n<p style=\"text-align: justify;\">Ko\u0161ice s\u00fa vzdialen\u00e9 hodinu jazdy od Bor\u0161e.<\/p>\n<p>[\/vc_column_text][\/vc_column][\/vc_row][vc_row el_class=&#8220;arakdoboz&#8220; css=&#8220;.vc_custom_1634391919017{margin-bottom: 30px !important;padding-top: 1px !important;padding-bottom: 1px !important;border-radius: 10px !important;}&#8220;][vc_column width=&#8220;1\/3&#8243;][vc_single_image image=&#8220;1231&#8243; img_size=&#8220;full&#8220; alignment=&#8220;center&#8220; onclick=&#8220;custom_link&#8220; link=&#8220;https:\/\/www.regec.hu\/modules\/news\/&#8220; css=&#8220;.vc_custom_1634391873443{margin-bottom: 0px !important;border-bottom-width: 0px !important;padding-bottom: 0px !important;}&#8220;][vc_column_text]<\/p>\n<p style=\"text-align: center;\"><a href=\"https:\/\/www.regec.hu\/modules\/news\/\">&gt;&gt; regec.hu<\/a><\/p>\n<p>[\/vc_column_text][\/vc_column][vc_column width=&#8220;2\/3&#8243;][vc_column_text]<\/p>\n<h3>Hrad Reg\u00e9c<\/h3>\n<p style=\"text-align: justify;\">Hrad Reg\u00e9c dal pravdepodobne postavi\u0165 palat\u00edn Amad\u00e9 Aba okolo roku 1300. Medzi jeho majite\u013eov patrili rod Szapolyai, Ser\u00e9dy, Alaghy a nesk\u00f4r v roku 1644 ho obsadil knie\u017ea Juraj (Gy\u00f6rgy) I. R\u00e1k\u00f3czi, ktor\u00fd ho zmenil na \u0161\u013eachtick\u00fa rezidenciu. \u010cas\u0165 svojho detstva tu tr\u00e1vil aj Franti\u0161ek (Ferenc) II. R\u00e1k\u00f3czi. V roku 1686 zb\u00farali hrad \u010das\u0165 (vojsk\u00e1) Habsburgovcov.<\/p>\n<p style=\"text-align: justify;\">Ak sa nach\u00e1dzate v bl\u00edzkosti obci Reg\u00e9c, ur\u010dite si nenechajte ujs\u0165 hrad v ktorom sa nach\u00e1dza expoz\u00edcia o detstve Franti\u0161ka (Ferenc) II. R\u00e1k\u00f3cziho.<\/p>\n<p>[\/vc_column_text][\/vc_column][\/vc_row]<\/p>\n","protected":false},"excerpt":{"rendered":"<p>[vc_row css=&#8220;.vc_custom_1621844370719{margin-top: 70px !important;}&#8220;][vc_column][vc_column_text] OPLAT\u00cd SA VIDIE\u0164 [\/vc_column_text][\/vc_column][\/vc_row][vc_row el_class=&#8220;arakdoboz&#8220; css=&#8220;.vc_custom_1634391630312{margin-bottom: 30px !important;padding-top: 1px !important;padding-bottom: 1px !important;border-radius: 10px !important;}&#8220;][vc_column width=&#8220;2\/3&#8243;][vc_column_text] Vodn\u00e1 turistika Nad\u0161enci vodnej turistiky m\u00f4\u017eu spozna\u0165<span class=\"excerpt-hellip\"> [\u2026]<\/span><\/p>\n","protected":false},"author":1,"featured_media":0,"parent":0,"menu_order":0,"comment_status":"closed","ping_status":"closed","template":"","meta":[],"yoast_head":"<!-- This site is optimized with the Yoast SEO plugin v15.9.2 - https:\/\/yoast.com\/wordpress\/plugins\/seo\/ -->\n<title>PROGRAMY \/ ZAUJ\u00cdMAVOSTI - BORSI R\u00c1K\u00d3CZI KAST\u00c9LY<\/title>\n<meta name=\"robots\" content=\"index, follow, max-snippet:-1, max-image-preview:large, max-video-preview:-1\" \/>\n<link rel=\"canonical\" href=\"https:\/\/www.borsikastely.eu\/sk\/programy-zaujimavosti\/\" \/>\n<meta property=\"og:locale\" content=\"sk_SK\" \/>\n<meta property=\"og:type\" content=\"article\" \/>\n<meta property=\"og:title\" content=\"PROGRAMY \/ ZAUJ\u00cdMAVOSTI - BORSI R\u00c1K\u00d3CZI KAST\u00c9LY\" \/>\n<meta property=\"og:description\" content=\"[vc_row css=&#8220;.vc_custom_1621844370719{margin-top: 70px !important;}&#8220;][vc_column][vc_column_text] OPLAT\u00cd SA VIDIE\u0164 [\/vc_column_text][\/vc_column][\/vc_row][vc_row el_class=&#8220;arakdoboz&#8220; css=&#8220;.vc_custom_1634391630312{margin-bottom: 30px !important;padding-top: 1px !important;padding-bottom: 1px !important;border-radius: 10px !important;}&#8220;][vc_column width=&#8220;2\/3&#8243;][vc_column_text] Vodn\u00e1 turistika Nad\u0161enci vodnej turistiky m\u00f4\u017eu spozna\u0165 [\u2026]\" \/>\n<meta property=\"og:url\" content=\"https:\/\/www.borsikastely.eu\/sk\/programy-zaujimavosti\/\" \/>\n<meta property=\"og:site_name\" content=\"BORSI R\u00c1K\u00d3CZI KAST\u00c9LY\" \/>\n<meta property=\"article:modified_time\" content=\"2021-10-16T13:45:43+00:00\" \/>\n<meta name=\"twitter:card\" content=\"summary_large_image\" \/>\n<meta name=\"twitter:label1\" content=\"Predpokladan\u00fd \u010das \u010d\u00edtania\">\n\t<meta name=\"twitter:data1\" content=\"4 min\u00faty\">\n<script type=\"application\/ld+json\" class=\"yoast-schema-graph\">{\"@context\":\"https:\/\/schema.org\",\"@graph\":[{\"@type\":\"WebSite\",\"@id\":\"https:\/\/www.borsikastely.eu\/#website\",\"url\":\"https:\/\/www.borsikastely.eu\/\",\"name\":\"BORSI R\\u00c1K\\u00d3CZI KAST\\u00c9LY\",\"description\":\"\",\"potentialAction\":[{\"@type\":\"SearchAction\",\"target\":\"https:\/\/www.borsikastely.eu\/?s={search_term_string}\",\"query-input\":\"required name=search_term_string\"}],\"inLanguage\":\"sk-SK\"},{\"@type\":\"WebPage\",\"@id\":\"https:\/\/www.borsikastely.eu\/sk\/programy-zaujimavosti\/#webpage\",\"url\":\"https:\/\/www.borsikastely.eu\/sk\/programy-zaujimavosti\/\",\"name\":\"PROGRAMY \/ ZAUJ\\u00cdMAVOSTI - BORSI R\\u00c1K\\u00d3CZI KAST\\u00c9LY\",\"isPartOf\":{\"@id\":\"https:\/\/www.borsikastely.eu\/#website\"},\"datePublished\":\"2021-05-10T16:11:03+00:00\",\"dateModified\":\"2021-10-16T13:45:43+00:00\",\"breadcrumb\":{\"@id\":\"https:\/\/www.borsikastely.eu\/sk\/programy-zaujimavosti\/#breadcrumb\"},\"inLanguage\":\"sk-SK\",\"potentialAction\":[{\"@type\":\"ReadAction\",\"target\":[\"https:\/\/www.borsikastely.eu\/sk\/programy-zaujimavosti\/\"]}]},{\"@type\":\"BreadcrumbList\",\"@id\":\"https:\/\/www.borsikastely.eu\/sk\/programy-zaujimavosti\/#breadcrumb\",\"itemListElement\":[{\"@type\":\"ListItem\",\"position\":1,\"item\":{\"@type\":\"WebPage\",\"@id\":\"https:\/\/www.borsikastely.eu\/sk\/\",\"url\":\"https:\/\/www.borsikastely.eu\/sk\/\",\"name\":\"Kezd\\u0151lap\"}},{\"@type\":\"ListItem\",\"position\":2,\"item\":{\"@type\":\"WebPage\",\"@id\":\"https:\/\/www.borsikastely.eu\/sk\/programy-zaujimavosti\/\",\"url\":\"https:\/\/www.borsikastely.eu\/sk\/programy-zaujimavosti\/\",\"name\":\"PROGRAMY \/ ZAUJ\\u00cdMAVOSTI\"}}]}]}<\/script>\n<!-- \/ Yoast SEO plugin. -->","_links":{"self":[{"href":"https:\/\/www.borsikastely.eu\/sk\/wp-json\/wp\/v2\/pages\/1286"}],"collection":[{"href":"https:\/\/www.borsikastely.eu\/sk\/wp-json\/wp\/v2\/pages"}],"about":[{"href":"https:\/\/www.borsikastely.eu\/sk\/wp-json\/wp\/v2\/types\/page"}],"author":[{"embeddable":true,"href":"https:\/\/www.borsikastely.eu\/sk\/wp-json\/wp\/v2\/users\/1"}],"replies":[{"embeddable":true,"href":"https:\/\/www.borsikastely.eu\/sk\/wp-json\/wp\/v2\/comments?post=1286"}],"version-history":[{"count":5,"href":"https:\/\/www.borsikastely.eu\/sk\/wp-json\/wp\/v2\/pages\/1286\/revisions"}],"predecessor-version":[{"id":1800,"href":"https:\/\/www.borsikastely.eu\/sk\/wp-json\/wp\/v2\/pages\/1286\/revisions\/1800"}],"wp:attachment":[{"href":"https:\/\/www.borsikastely.eu\/sk\/wp-json\/wp\/v2\/media?parent=1286"}],"curies":[{"name":"wp","href":"https:\/\/api.w.org\/{rel}","templated":true}]}}