{"id":1276,"date":"2021-07-26T11:56:49","date_gmt":"2021-07-26T09:56:49","guid":{"rendered":"https:\/\/www.borsikastely.eu\/?page_id=1276"},"modified":"2026-01-06T14:30:24","modified_gmt":"2026-01-06T13:30:24","slug":"vstupenky","status":"publish","type":"page","link":"https:\/\/www.borsikastely.eu\/sk\/vstupenky\/","title":{"rendered":"VSTUPENKY"},"content":{"rendered":"<p>[vc_row css=&#8220;.vc_custom_1627292648668{margin-top: 30px !important;}&#8220;][vc_column width=&#8220;1\/2&#8243;][vc_column_text el_class=&#8220;arakdoboz&#8220;]<\/p>\n<h2 style=\"text-align: center;\">CENY VIRTU\u00c1LNEJ<\/h2>\n<h3 style=\"text-align: center;\">REALITY<\/h3>\n<table style=\"border: none;\">\n<tbody>\n<tr>\n<td style=\"text-align: left;\">DOSPEL\u00dd<\/td>\n<td style=\"text-align: right;\">10 EUR\/OSOBA<\/td>\n<\/tr>\n<tr>\n<td style=\"text-align: left;\">\u0160TUDENT\/D\u00d4CHODCA\/*Z\u0164P<\/td>\n<td style=\"text-align: right;\">5 EUR\/OSOBA<\/td>\n<\/tr>\n<\/tbody>\n<\/table>\n<p><em>*Vstup pre sprev\u00e1dzaj\u00facu osobu je bezplatn\u00fd.<\/em><br \/>\n<em>V na\u0161ich pokladniach je mo\u017enos\u0165 platby iba v mene euro.<\/em><br \/>\n<em>Uveden\u00e9 ceny s\u00fa informat\u00edvne, vyhradzujeme si pr\u00e1vo zmeny uveden\u00fdch cien.<\/em>[\/vc_column_text][\/vc_column][vc_column width=&#8220;1\/2&#8243;][vc_column_text el_class=&#8220;arakdoboz&#8220;]<\/p>\n<h2 style=\"text-align: center;\">CENN\u00cdK ESCAPE ROOM<\/h2>\n<table style=\"border: none;\">\n<tbody>\n<tr>\n<td style=\"text-align: left;\">DOSPEL\u00dd \u2013 2 OSOBY<\/td>\n<td style=\"text-align: right;\">15 EUR\/OSOBA<\/td>\n<\/tr>\n<tr>\n<td style=\"text-align: left;\">\u0160TUDENT\/D\u00d4CHODCA\/*Z\u0164P<\/td>\n<td style=\"text-align: right;\">10 EUR\/OSOBA<\/td>\n<\/tr>\n<tr>\n<td style=\"text-align: left;\">SKUPINOV\u00c9 &#8211; NAD 10 OS\u00d4B<\/td>\n<td style=\"text-align: right;\">13 EUR\/OSOBA<\/td>\n<\/tr>\n<\/tbody>\n<\/table>\n<p><em>*Vstup pre sprev\u00e1dzaj\u00facu osobu je bezplatn\u00fd.<\/em><br \/>\n<em>V na\u0161ich pokladniach je mo\u017enos\u0165 platby iba v mene euro.<\/em><br \/>\n<em>Uveden\u00e9 ceny s\u00fa informat\u00edvne, vyhradzujeme si pr\u00e1vo zmeny uveden\u00fdch cien.<\/em>[\/vc_column_text][\/vc_column][\/vc_row][vc_row][vc_column width=&#8220;1\/2&#8243;][vc_column_text el_class=&#8220;arakdoboz&#8220;]<\/p>\n<h2 style=\"text-align: center;\">CENN\u00cdK PANORAMATICK\u00c9HO<\/h2>\n<h3 style=\"text-align: center;\">PREMIETANIA<\/h3>\n<table style=\"border: none;\">\n<tbody>\n<tr>\n<td style=\"text-align: left;\">DOSPEL\u00dd<\/td>\n<td style=\"text-align: right;\">2,5 EUR\/OSOBA\/FILM<\/td>\n<\/tr>\n<tr>\n<td style=\"text-align: left;\">\u0160TUDENT\/D\u00d4CHODCA\/<br \/>\n*ZDRAVOTNE POSTIHNUT\u00dd<\/td>\n<td style=\"text-align: right;\">1,5 EUR\/OSOBA\/FILM<\/td>\n<\/tr>\n<tr>\n<td style=\"text-align: left;\">2 ZAK\u00daPEN\u00c9 FILMY<\/td>\n<td style=\"text-align: right;\">4 EUR\/DOSPEL\u00c1 OSOBA<br \/>\n2,5 EUR\/\u0160TUDENT\/D\u00d4CHODCA\/ *OSOBY<br \/>\nSO ZDRAVOTN\u00ddM POSTIHNUT\u00cdM<\/td>\n<\/tr>\n<tr>\n<td style=\"text-align: left;\">3 ZAK\u00daPEN\u00c9 FILMY<\/td>\n<td style=\"text-align: right;\">6 EUR\/DOSPEL\u00c1 OSOBA<br \/>\n4 EUR\/\u0160TUDENT\/D\u00d4CHODCA\/ *OSOBY<br \/>\nSO ZDRAVOTN\u00ddM POSTIHNUT\u00cdM<\/td>\n<\/tr>\n<tr>\n<td style=\"text-align: left;\">4 ZAK\u00daPEN\u00c9 FILMY<\/td>\n<td style=\"text-align: right;\">9 EUR\/DOSPEL\u00c1 OSOBA<br \/>\n5 EUR\/\u0160TUDENT\/D\u00d4CHODCA\/ *OSOBY<br \/>\nSO ZDRAVOTN\u00ddM POSTIHNUT\u00cdM<\/td>\n<\/tr>\n<tr>\n<td style=\"text-align: left;\">5 ZAK\u00daPEN\u00c9 FILMY<\/td>\n<td style=\"text-align: right;\">11 EUR\/DOSPEL\u00c1 OSOBA<br \/>\n6 EUR\/\u0160TUDENT\/D\u00d4CHODCA\/ *OSOBY<br \/>\nSO ZDRAVOTN\u00ddM POSTIHNUT\u00cdM<\/td>\n<\/tr>\n<\/tbody>\n<\/table>\n<p>Deti do 6 rokov maj\u00fa vstup zdarma.<\/p>\n<p><em>*Vstup pre sprev\u00e1dzaj\u00facu osobu je bezplatn\u00fd.<\/em><br \/>\n<em>V na\u0161ich pokladniach je mo\u017enos\u0165 platby iba v mene euro.<\/em><br \/>\n<em>Uveden\u00e9 ceny s\u00fa informat\u00edvne, vyhradzujeme si pr\u00e1vo zmeny uveden\u00fdch cien.<\/em>[\/vc_column_text][\/vc_column][vc_column width=&#8220;1\/2&#8243;][vc_column_text el_class=&#8220;arakdoboz&#8220;]<\/p>\n<h2 style=\"text-align: center;\">CENN\u00cdK<\/h2>\n<h3 style=\"text-align: center;\">EXPOZ\u00cdCIE<\/h3>\n<table style=\"border: none;\">\n<tbody>\n<tr>\n<td style=\"text-align: left;\">DOSPEL\u00dd<\/td>\n<td style=\"text-align: right;\">10 EUR\/OSOBA<\/td>\n<\/tr>\n<tr>\n<td style=\"text-align: left;\">\u0160TUDENT\/D\u00d4CHODCA\/*Z<\/td>\n<td style=\"text-align: right;\">6 EUR\/OSOBA<\/td>\n<\/tr>\n<tr>\n<td style=\"text-align: left;\">RODINN\u00dd L\u00cdSTOK<br \/>\n(2 DOSPEL\u00dd A 1 \u0160TUDENT)<br \/>\nKA\u017dD\u00dd \u010eAL\u0160\u00cd \u0160TUDENT<\/td>\n<td style=\"text-align: right;\">24 EUR<\/p>\n<p>3 EUR<\/td>\n<\/tr>\n<tr>\n<td style=\"text-align: left;\">SKUPINA \u2013 NAD 15 OS\u00d4B DOSPEL\u00cd<\/td>\n<td style=\"text-align: right;\">9 EUR\/OSOBA<\/td>\n<\/tr>\n<tr>\n<td style=\"text-align: left;\">SKUPINA \u2013 NAD 15 OS\u00d4B \u0160TUDENT\/D\u00d4CHODCA\/*Z\u0164P<\/td>\n<td style=\"text-align: right;\">5 EUR\/OSOBA<\/td>\n<\/tr>\n<tr>\n<td style=\"text-align: left;\">SPRIEVODCOVSK\u00dd POPLATOK (NUTN\u00c1 PREDBE\u017dN\u00c1<br \/>\nREGISTR\u00c1CIA \u2013 1 skupina max. 30 os\u00f4b)<\/td>\n<td style=\"text-align: right;\">15\u00a0EUR\/v\u00fdstava\/skupina<\/td>\n<\/tr>\n<\/tbody>\n<\/table>\n<p>Deti do 6 rokov maj\u00fa vstup zdarma.<\/p>\n<p>V pr\u00edpade skup\u00edn je potrebn\u00e1 rezerv\u00e1cia term\u00ednu prehliadky e-mailom: <a href=\"mailto:muzeum@rakoczino.eu\">muzeum@rakoczino.eu<\/a>.<\/p>\n<p>V pr\u00edpade \u0161tudentsk\u00fdch skup\u00edn\/exkurzi\u00ed je vstup bezplatn\u00fd pre 1 sprev\u00e1dzaj\u00facej dospelej osoby na 10<br \/>\n\u0161tudentov\/\u017eiakov.<\/p>\n<p>Vyhradzujeme si pr\u00e1vo na zmenu \u010dasu vstupov v pr\u00edpade potreby pre individu\u00e1lnej prehliadky!<\/p>\n<p><em>*Vstup pre sprev\u00e1dzaj\u00facu osobu je bezplatn\u00fd.<\/em><br \/>\n<em>V na\u0161ich pokladniach je mo\u017enos\u0165 platby iba v mene euro.<\/em><br \/>\n<em>Uveden\u00e9 ceny s\u00fa informat\u00edvne, vyhradzujeme si pr\u00e1vo zmeny uveden\u00fdch cien.<\/em><\/p>\n<p>V\u00fdstava nie je pr\u00edstupn\u00e1 pre psov a in\u00fdch dom\u00e1cich mil\u00e1\u010dikov.[\/vc_column_text][vc_btn title=&#8220;N\u00e1v\u0161tevn\u00e1 politika&#8220; style=&#8220;custom&#8220; custom_background=&#8220;#3a544d&#8220; custom_text=&#8220;#e9bc03&#8243; link=&#8220;url:https%3A%2F%2Fwww.borsikastely.eu%2Fwp-content%2Fuploads%2F2025%2F04%2FLatogatasi_szabalyzat_SK_Borsi.pdf|target:_blank&#8220;][\/vc_column][\/vc_row][vc_row][vc_column width=&#8220;1\/2&#8243;][vc_column_text el_class=&#8220;arakdoboz&#8220; css=&#8220;.vc_custom_1745841143262{border-radius: 4px !important;}&#8220;]<\/p>\n<h2 style=\"text-align: center;\">T\u00c1BORISKO PRI R\u00c1K\u00d3CZIHO KA\u0160TIELI<\/h2>\n<h2 class=\"kiemeltcim\">Cenn\u00edk \/ <strong>\u00c1rak<\/strong> \/ Fees<\/h2>\n<p>Piknikov\u00fd pr\u00edplatok \/ <strong>Piknikd\u00edj <\/strong>\/ Picnic Fee \u00a0 1,50 Eur\/osoba\/<strong>f\u0151<\/strong>\/person<\/p>\n<ul>\n<li>slu\u017eby, ktor\u00e9 v r\u00e1mci pr\u00edplatku si m\u00f4\u017eete vyu\u017e\u00edva\u0165: opekanie na ohnisku, letn\u00e1 kuchy\u0148a, wifi, vodu, toalety<\/li>\n<li>szolg\u00e1ltat\u00e1sok, melyeket ennek keret\u00e9ben ig\u00e9nybe vehetnek: t\u0171zrak\u00f3helyek, ny\u00e1ri konyha, wifi, v\u00edzhaszn\u00e1lat, mosd\u00f3 haszn\u00e1lata<\/li>\n<li>services to use within: fire-places, summer kitchen, wifi, water supply, toilets<\/li>\n<\/ul>\n<p>Umiestnenie stanu \/ <strong>S\u00e1torhely d\u00edja <\/strong>\/ Tent Fee<\/p>\n<p>4,50 Eur\/stan pre dospel\u00fdch\/ <strong>feln<\/strong><strong>\u0151ttek r\u00e9sz\u00e9re <\/strong>\/for adults<\/p>\n<p>3,00 Eur\/stan deti, ml\u00e1de\u017e \/ <strong>gyerekek, di\u00e1kok<\/strong> \/ kids, youth<\/p>\n<p>Pren\u00e1jom kajakov a\u00a0kanoe \/ <strong>Kajak \u00e9s kenu k<\/strong><strong>\u00f6lcs\u00f6nz\u00e9s<\/strong> \/ Rent of kayaks and canoes<\/p>\n<p>cez t\u00fd\u017ede\u0148 \/ <strong>h\u00e9tk\u00f6zben<\/strong> \/ Monday &#8211; Friday<br \/>\n2 hod. \/ <strong>\u00f3ra<\/strong> \/ hour: kajak\/kayak &#8211; <strong><em>4 Eur<\/em><\/strong>, kanoe\/canoe &#8211; <strong><em>6 Eur<\/em><\/strong><br \/>\n4 hod. \/ <strong>\u00f3ra<\/strong> \/ hour: kajak\/kayak &#8211; <strong><em>6 Eur<\/em><\/strong>, kanoe\/canoe &#8211; <strong><em>10 Eur<\/em><\/strong><br \/>\n6 hod. \/ <strong>\u00f3ra<\/strong> \/ hour: kajak\/kayak &#8211; <strong><em>8 Eur<\/em><\/strong>, kanoe\/canoe &#8211; <strong><em>15 Eur<\/em><\/strong><br \/>\n8 hod. \/ <strong>\u00f3ra<\/strong> \/ hour: kajak\/kayak &#8211; <strong><em>10 Eur<\/em><\/strong>, kanoe\/canoe &#8211; <strong><em>20 Eur<\/em><\/strong><\/p>\n<p>V\u00edkend \/ <strong>h\u00e9tv\u00e9ge<\/strong> \/ Weekend<br \/>\n2 hod. \/ <strong>\u00f3ra<\/strong> \/ hour: kajak\/kayak &#8211; <strong><em>6 Eur<\/em><\/strong>, kanoe\/canoe &#8211; <strong><em>11 Eur<\/em><\/strong><br \/>\n4 hod. \/ <strong>\u00f3ra<\/strong> \/ hour: kajak\/kayak &#8211; <strong><em>8 Eur<\/em><\/strong>, kanoe\/canoe &#8211; <strong><em>15 Eur<\/em><\/strong><br \/>\n6 hod. \/ <strong>\u00f3ra<\/strong> \/ hour: kajak\/kayak &#8211; <strong><em>10 Eur<\/em><\/strong>, kanoe\/canoe &#8211; <strong><em>20 Eur<\/em><\/strong><br \/>\n8 hod. \/ <strong>\u00f3ra<\/strong> \/ hour: kajak\/kayak &#8211; <strong><em>12 Eur<\/em><\/strong>, kanoe\/canoe &#8211; <strong><em>25 Eur<\/em><\/strong><\/p>\n<p>V pr\u00edpade pren\u00e1jmu na 3 a viac dn\u00ed je cena kajaku na de\u0148 7 Eur, a kanoe na de\u0148: 15 Eur.<\/p>\n<p>3 \u00e9s t\u00f6bb nap eset\u00e9n egy kajak b\u00e9rleti d\u00edja 7 Eur\u00f3\/nap, kenu 15 Eur\u00f3\/nap.<\/p>\n<p>Rent of kayaks for 3 or more days 7 Eur\/day, canoe 15 Eur\/day.<\/p>\n<p>V pr\u00edpade skupinovej rezerv\u00e1cie: nad 10 os\u00f4b, poskytujeme 10%-n\u00fa z\u013eavu.<\/p>\n<p>Csoportos b\u00e9rl\u00e9s (10 f\u0151 felett) eset\u00e9n 10% \u00e1rengedm\u00e9nyt adunk.<\/p>\n<p>Group reservation (10 or more people) 10% discount.[\/vc_column_text][vc_btn title=&#8220;Rezerv\u00e1cia kajakov a kanoe&#8220; style=&#8220;custom&#8220; custom_background=&#8220;#3a544d&#8220; custom_text=&#8220;#e9bc03&#8243; link=&#8220;url:https%3A%2F%2Fwww.borsikastely.eu%2Fsk%2Frezervacia-kajakov-a-kanoe%2F&#8220;][\/vc_column][vc_column width=&#8220;1\/2&#8243;][\/vc_column][\/vc_row]<\/p>\n","protected":false},"excerpt":{"rendered":"<p>[vc_row css=&#8220;.vc_custom_1627292648668{margin-top: 30px !important;}&#8220;][vc_column width=&#8220;1\/2&#8243;][vc_column_text el_class=&#8220;arakdoboz&#8220;] CENY VIRTU\u00c1LNEJ REALITY DOSPEL\u00dd 10 EUR\/OSOBA \u0160TUDENT\/D\u00d4CHODCA\/*Z\u0164P 5 EUR\/OSOBA *Vstup pre sprev\u00e1dzaj\u00facu osobu je bezplatn\u00fd. V na\u0161ich pokladniach je mo\u017enos\u0165<span class=\"excerpt-hellip\"> [\u2026]<\/span><\/p>\n","protected":false},"author":1,"featured_media":0,"parent":0,"menu_order":0,"comment_status":"closed","ping_status":"closed","template":"","meta":[],"yoast_head":"<!-- This site is optimized with the Yoast SEO plugin v15.9.2 - https:\/\/yoast.com\/wordpress\/plugins\/seo\/ -->\n<title>VSTUPENKY - BORSI R\u00c1K\u00d3CZI KAST\u00c9LY<\/title>\n<meta name=\"robots\" content=\"index, follow, max-snippet:-1, max-image-preview:large, max-video-preview:-1\" \/>\n<link rel=\"canonical\" href=\"https:\/\/www.borsikastely.eu\/sk\/vstupenky\/\" \/>\n<meta property=\"og:locale\" content=\"sk_SK\" \/>\n<meta property=\"og:type\" content=\"article\" \/>\n<meta property=\"og:title\" content=\"VSTUPENKY - BORSI R\u00c1K\u00d3CZI KAST\u00c9LY\" \/>\n<meta property=\"og:description\" content=\"[vc_row css=&#8220;.vc_custom_1627292648668{margin-top: 30px !important;}&#8220;][vc_column width=&#8220;1\/2&#8243;][vc_column_text el_class=&#8220;arakdoboz&#8220;] CENY VIRTU\u00c1LNEJ REALITY DOSPEL\u00dd 10 EUR\/OSOBA \u0160TUDENT\/D\u00d4CHODCA\/*Z\u0164P 5 EUR\/OSOBA *Vstup pre sprev\u00e1dzaj\u00facu osobu je bezplatn\u00fd. V na\u0161ich pokladniach je mo\u017enos\u0165 [\u2026]\" \/>\n<meta property=\"og:url\" content=\"https:\/\/www.borsikastely.eu\/sk\/vstupenky\/\" \/>\n<meta property=\"og:site_name\" content=\"BORSI R\u00c1K\u00d3CZI KAST\u00c9LY\" \/>\n<meta property=\"article:modified_time\" content=\"2026-01-06T13:30:24+00:00\" \/>\n<meta name=\"twitter:card\" content=\"summary_large_image\" \/>\n<meta name=\"twitter:label1\" content=\"Predpokladan\u00fd \u010das \u010d\u00edtania\">\n\t<meta name=\"twitter:data1\" content=\"3 min\u00faty\">\n<script type=\"application\/ld+json\" class=\"yoast-schema-graph\">{\"@context\":\"https:\/\/schema.org\",\"@graph\":[{\"@type\":\"WebSite\",\"@id\":\"https:\/\/www.borsikastely.eu\/#website\",\"url\":\"https:\/\/www.borsikastely.eu\/\",\"name\":\"BORSI R\\u00c1K\\u00d3CZI KAST\\u00c9LY\",\"description\":\"\",\"potentialAction\":[{\"@type\":\"SearchAction\",\"target\":\"https:\/\/www.borsikastely.eu\/?s={search_term_string}\",\"query-input\":\"required name=search_term_string\"}],\"inLanguage\":\"sk-SK\"},{\"@type\":\"WebPage\",\"@id\":\"https:\/\/www.borsikastely.eu\/sk\/vstupenky\/#webpage\",\"url\":\"https:\/\/www.borsikastely.eu\/sk\/vstupenky\/\",\"name\":\"VSTUPENKY - BORSI R\\u00c1K\\u00d3CZI KAST\\u00c9LY\",\"isPartOf\":{\"@id\":\"https:\/\/www.borsikastely.eu\/#website\"},\"datePublished\":\"2021-07-26T09:56:49+00:00\",\"dateModified\":\"2026-01-06T13:30:24+00:00\",\"breadcrumb\":{\"@id\":\"https:\/\/www.borsikastely.eu\/sk\/vstupenky\/#breadcrumb\"},\"inLanguage\":\"sk-SK\",\"potentialAction\":[{\"@type\":\"ReadAction\",\"target\":[\"https:\/\/www.borsikastely.eu\/sk\/vstupenky\/\"]}]},{\"@type\":\"BreadcrumbList\",\"@id\":\"https:\/\/www.borsikastely.eu\/sk\/vstupenky\/#breadcrumb\",\"itemListElement\":[{\"@type\":\"ListItem\",\"position\":1,\"item\":{\"@type\":\"WebPage\",\"@id\":\"https:\/\/www.borsikastely.eu\/sk\/\",\"url\":\"https:\/\/www.borsikastely.eu\/sk\/\",\"name\":\"Kezd\\u0151lap\"}},{\"@type\":\"ListItem\",\"position\":2,\"item\":{\"@type\":\"WebPage\",\"@id\":\"https:\/\/www.borsikastely.eu\/sk\/vstupenky\/\",\"url\":\"https:\/\/www.borsikastely.eu\/sk\/vstupenky\/\",\"name\":\"VSTUPENKY\"}}]}]}<\/script>\n<!-- \/ Yoast SEO plugin. -->","_links":{"self":[{"href":"https:\/\/www.borsikastely.eu\/sk\/wp-json\/wp\/v2\/pages\/1276"}],"collection":[{"href":"https:\/\/www.borsikastely.eu\/sk\/wp-json\/wp\/v2\/pages"}],"about":[{"href":"https:\/\/www.borsikastely.eu\/sk\/wp-json\/wp\/v2\/types\/page"}],"author":[{"embeddable":true,"href":"https:\/\/www.borsikastely.eu\/sk\/wp-json\/wp\/v2\/users\/1"}],"replies":[{"embeddable":true,"href":"https:\/\/www.borsikastely.eu\/sk\/wp-json\/wp\/v2\/comments?post=1276"}],"version-history":[{"count":18,"href":"https:\/\/www.borsikastely.eu\/sk\/wp-json\/wp\/v2\/pages\/1276\/revisions"}],"predecessor-version":[{"id":5325,"href":"https:\/\/www.borsikastely.eu\/sk\/wp-json\/wp\/v2\/pages\/1276\/revisions\/5325"}],"wp:attachment":[{"href":"https:\/\/www.borsikastely.eu\/sk\/wp-json\/wp\/v2\/media?parent=1276"}],"curies":[{"name":"wp","href":"https:\/\/api.w.org\/{rel}","templated":true}]}}