{"id":1162,"date":"2021-05-10T09:23:47","date_gmt":"2021-05-10T07:23:47","guid":{"rendered":"https:\/\/www.borsikastely.eu\/kapcsolat\/"},"modified":"2021-10-29T12:57:32","modified_gmt":"2021-10-29T10:57:32","slug":"kontakty2","status":"publish","type":"page","link":"https:\/\/www.borsikastely.eu\/sk\/kontakty2\/","title":{"rendered":"KONTAKTY2"},"content":{"rendered":"<p>[vc_row][vc_column][vc_column_text]<\/p>\n<h1 style=\"text-align: center;\">KONTAKTY<\/h1>\n<p>[\/vc_column_text][\/vc_column][\/vc_row][vc_row css=&#8220;.vc_custom_1622823355632{background-color: #fffde5 !important;}&#8220;][vc_column width=&#8220;2\/3&#8243;][vc_column_text]\n<table id=\"tablepress-2\" class=\"tablepress tablepress-id-2 tablepress-responsive tablepress-responsive-stack-phone\">\n<tbody>\n<tr class=\"row-1\">\n\t<td class=\"column-1\"><h2 class=\"kiemeltcim\">RECEPCIA<\/h2><\/td><td class=\"column-2\"><\/td>\n<\/tr>\n<tr class=\"row-2\">\n\t<td class=\"column-1\"><a href=\"mailto:office@rakoczino.eu\">office@rakoczino.eu<\/a><\/td><td class=\"column-2\"><\/td>\n<\/tr>\n<tr class=\"row-3\">\n\t<td class=\"column-1\"><\/td><td class=\"column-2\"><\/td>\n<\/tr>\n<tr class=\"row-4\">\n\t<td class=\"column-1\"><h2 class=\"kiemeltcim\">RE\u0160TAUR\u00c1CIA<\/h2><\/td><td class=\"column-2\"><\/td>\n<\/tr>\n<tr class=\"row-5\">\n\t<td class=\"column-1\"><a href=\"mailto:restaurant@rakoczino.eu\">restaurant@rakoczino.eu<\/a><\/td><td class=\"column-2\"><a href=\"tel:+421948740880\">+421 948 740880<\/a><\/td>\n<\/tr>\n<tr class=\"row-6\">\n\t<td class=\"column-1\"><\/td><td class=\"column-2\"><\/td>\n<\/tr>\n<tr class=\"row-7\">\n\t<td class=\"column-1\"><h2 class=\"kiemeltcim\">HOTEL<\/h2><\/td><td class=\"column-2\"><\/td>\n<\/tr>\n<tr class=\"row-8\">\n\t<td class=\"column-1\"><a href=\"mailto:hotel@rakoczino.eu\">hotel@rakoczino.eu<\/a><\/td><td class=\"column-2\"><a href=\"tel:+421948740890\">+421 948 740890<\/a><\/td>\n<\/tr>\n<tr class=\"row-9\">\n\t<td class=\"column-1\"><\/td><td class=\"column-2\"><\/td>\n<\/tr>\n<tr class=\"row-10\">\n\t<td class=\"column-1\"><h2 class=\"kiemeltcim\">V\u00ddSTAVA<\/h2><\/td><td class=\"column-2\"><\/td>\n<\/tr>\n<tr class=\"row-11\">\n\t<td class=\"column-1\"><a href=\"mailto:muzeum@rakoczino.eu\">muzeum@rakoczino.eu<\/a><\/td><td class=\"column-2\"><a href=\"tel:+421948140880\">+421 948 140880<\/a><\/td>\n<\/tr>\n<tr class=\"row-12\">\n\t<td class=\"column-1\"><\/td><td class=\"column-2\"><\/td>\n<\/tr>\n<tr class=\"row-13\">\n\t<td class=\"column-1\"><h2 class=\"kiemeltcim\">VR\/ESCAPE ROOM<\/h2><\/td><td class=\"column-2\"><a href=\"tel:+421948740040\">+421 948 740040<\/a><\/td>\n<\/tr>\n<tr class=\"row-14\">\n\t<td class=\"column-1\"><\/td><td class=\"column-2\"><\/td>\n<\/tr>\n<tr class=\"row-15\">\n\t<td class=\"column-1\"><h2 class=\"kiemeltcim\">KULT\u00daRNY REFERENT<\/h2><\/td><td class=\"column-2\"><a href=\"tel:+421948140080\">+421 948 140080<\/a><\/td>\n<\/tr>\n<\/tbody>\n<\/table>\n[\/vc_column_text][\/vc_column][vc_column width=&#8220;1\/3&#8243;][vc_column_text]<iframe style=\"border: 0;\" src=\"https:\/\/www.google.com\/maps\/embed?pb=!1m14!1m8!1m3!1d59093.83505377529!2d21.688044712438632!3d48.38761513042328!3m2!1i1024!2i768!4f13.1!3m3!1m2!1s0x0%3A0x9d81b7a12499b3bb!2zUsOha8OzY3ppLXbDoXJrYXN0w6lseQ!5e0!3m2!1shu!2shu!4v1622869119700!5m2!1shu!2shu\" width=\"100%\" height=\"338\" allowfullscreen=\"allowfullscreen\"><\/iframe>[\/vc_column_text][\/vc_column][\/vc_row][vc_row el_class=&#8220;rejtett&#8220;][vc_column][vc_column_text]<\/p>\n<h1 style=\"text-align: center;\">NYITVATART\u00c1S<\/h1>\n<p style=\"text-align: justify;\">K\u00e9rj\u00fck t\u00e1j\u00e9koz\u00f3djanak hetente az aktu\u00e1lis COVID-rendelkez\u00e9sekr\u0151l Szlov\u00e1ki\u00e1ban (kultur\u00e1lis automat)!<\/p>\n<p style=\"text-align: justify;\">A t\u0151keterebesi (Trebi\u0161ov) j\u00e1r\u00e1sban jelenleg s\u00e1rga, azaz 1-es fokozat\u00fa k\u00e9szenl\u00e9t van \u00e9rv\u00e9nyben. Tisztelt l\u00e1togat\u00f3ink sz\u00e1m\u00e1ra ez azt jelenti, hogy:<\/p>\n<ul style=\"text-align: justify;\">\n<li>a csoportos t\u00e1rlatvezet\u00e9sek maxim\u00e1lis l\u00e9tsz\u00e1ma 30 f\u0151,<\/li>\n<li>t\u00e1rlatvezet\u00e9s n\u00e9lk\u00fcl 15 m<sup>2<\/sup>-k\u00e9nt 1 vend\u00e9g,<\/li>\n<li>k\u00f6telez\u0151 az FFP2-es sz\u00e1jmaszk visel\u00e9se,<\/li>\n<\/ul>\n<p style=\"text-align: justify;\">kultur\u00e1lis rendezv\u00e9nyre a bel\u00e9p\u00e9shez 72 \u00f3r\u00e1s PCR\/LAMP teszt, vagy 24 AG teszt sz\u00fcks\u00e9ges.<\/p>\n<p style=\"text-align: justify;\">A jelenlegi szlov\u00e1kiai rendeletek \u00e9rtelm\u00e9ben a hat\u00e1ron bel\u00e9phetnek olt\u00e1si igazolv\u00e1nnyal rendelkez\u0151k, azok a szem\u00e9lyek, akik \u00e1testek a COVID 19 fert\u0151z\u00e9sen az elm\u00falt 180 napban \u00e9s a 18 \u00e9ven aluliak. K\u00e9rj\u00fck a kedves \u00e9rdekl\u0151d\u0151ket, l\u00e1togat\u00e1suk el\u0151tt t\u00e1j\u00e9koz\u00f3djanak a hat\u00e1r\u00e1tl\u00e9p\u00e9sr\u0151l!<\/p>\n<p>[\/vc_column_text][\/vc_column][\/vc_row][vc_row][vc_column][vc_column_text css=&#8220;.vc_custom_1631283104644{margin-top: 20px !important;}&#8220;]<\/p>\n<h1 style=\"text-align: center;\">OTV\u00c1RACIE HODINY<\/h1>\n<p>[\/vc_column_text][\/vc_column][\/vc_row][vc_row css=&#8220;.vc_custom_1631282954754{margin-top: 0px !important;background-color: #fffde5 !important;}&#8220;][vc_column width=&#8220;1\/2&#8243;][vc_column_text]<\/p>\n<h2 class=\"kiemeltcim\">RE\u0160TAUR\u00c1CIA<\/h2>\n<p>Pondelok:\u200312:00 \u2013 22:00<br \/>\nUtorok:\u2003\u200312:00 \u2013 22:00<br \/>\nStreda: \u2003\u200312:00 \u2013 22:00<br \/>\n\u0160tvrtok:\u00a0 \u00a0 \u00a0 \u00a012:00 \u2013 22:00<br \/>\nPiatok: \u2003\u00a0 \u00a0 12:00 \u2013 22:00<br \/>\nSobota:\u00a0 \u00a0 \u00a0 \u00a012:00 \u2013 22:00<br \/>\nNede\u013ea:\u00a0 \u00a0 \u00a0 \u00a012:00 \u2013 22:00<\/p>\n<p style=\"text-align: right;\">[\/vc_column_text][\/vc_column][vc_column width=&#8220;1\/2&#8243;][\/vc_column][\/vc_row][vc_row css=&#8220;.vc_custom_1625235168013{background-color: #fffde5 !important;}&#8220; el_class=&#8220;rejtett&#8220;][vc_column][vc_row_inner][vc_column_inner width=&#8220;1\/2&#8243;][vc_column_text]<\/p>\n<h2 class=\"kiemeltcim\">KI\u00c1LL\u00cdT\u00c1S<\/h2>\n<p><em>M\u00e1rcius 1. \u2013 okt\u00f3ber 31<\/em>.<\/p>\n<p>H &#8211; Z\u00e1rva<br \/>\nK &#8211; 10:00 &#8211; 18:00*<br \/>\nSze &#8211; 10:00 &#8211; 18:00*<br \/>\nCS &#8211; 10:00 &#8211; 18:00*<br \/>\nP &#8211; 10:00 &#8211; 18:00*<br \/>\nSzo &#8211; 10:00 &#8211; 18:00*<br \/>\nV &#8211; 10:00 &#8211; 18:00*[\/vc_column_text][\/vc_column_inner][vc_column_inner width=&#8220;1\/2&#8243;][vc_column_text]<\/p>\n<p style=\"text-align: left; margin-top: 48px;\">November 1. \u2013 febru\u00e1r 28\/29.<\/p>\n<p>H &#8211; Z\u00e1rva<br \/>\nK &#8211; 10:00 &#8211; 16:00*<br \/>\nSze &#8211; 10:00 &#8211; 16:00*<br \/>\nCS &#8211; 10:00 &#8211; 16:00*<br \/>\nP &#8211; 10:00 &#8211; 16:00*<br \/>\nSzo &#8211; 10:00 &#8211; 16:00*<br \/>\nV &#8211; 10:00 &#8211; 16:00*[\/vc_column_text][\/vc_column_inner][\/vc_row_inner][vc_column_text]<\/p>\n<p style=\"text-align: center;\">*<em>utols\u00f3 bel\u00e9p\u00e9s a z\u00e1r\u00e1s el\u0151tt egy \u00f3r\u00e1val<\/em><\/p>\n<p style=\"text-align: right;\"><a href=\"#unnepnapok\"><em>\u00dcNNEPNAPOK NYITVATART\u00c1SA&gt;&gt;<\/em><\/a><\/p>\n<p>[\/vc_column_text][\/vc_column][\/vc_row][vc_row css=&#8220;.vc_custom_1622823355632{background-color: #fffde5 !important;}&#8220;][vc_column][vc_row_inner][vc_column_inner][vc_column_text]<\/p>\n<h2 class=\"kiemeltcim\">EXPOZ\u00cdCIA, ESCAPE ROOM, 360 PANORAMATICK\u00c9 KINO, VR HRA<\/h2>\n<p>[\/vc_column_text][\/vc_column_inner][\/vc_row_inner][vc_row_inner][vc_column_inner width=&#8220;1\/4&#8243;][vc_column_text]<strong>1. Marec \u2013 31. Okt\u00f3ber.<\/strong><\/p>\n<p>Pondelok:\u2003Zatvoren\u00e9<br \/>\nUtorok:\u2003\u200310:00 \u2013 18:00<br \/>\nStreda: \u2003\u200310:00 \u2013 18:00<br \/>\n\u0160tvrtok:\u00a0 \u00a0 \u00a0 \u00a010:00 \u2013 18:00<br \/>\nPiatok:\u00a0 \u2003\u00a0 \u00a010:00 \u2013 18:00<br \/>\nSobota:\u00a0 \u00a0 \u00a0 \u00a010:00 \u2013 18:00<br \/>\nNede\u013ea:\u00a0 \u00a0 \u00a0 10:00 \u2013 18:00[\/vc_column_text][\/vc_column_inner][vc_column_inner width=&#8220;1\/4&#8243;][vc_column_text]<strong>1. November\u2013 28\/29. Febru\u00e1r<\/strong><\/p>\n<p>Pondelok:\u2003Zarvoren\u00e9<br \/>\nUtorok:\u2003\u200310:00 \u2013 16:00<br \/>\nStreda: \u2003\u200310:00 \u2013 16:00<br \/>\n\u0160tvrtok:\u00a0 \u00a0 \u00a0 \u00a010:00 \u2013 16:00<br \/>\nPiatok:\u00a0 \u2003\u00a0 \u00a010:00 \u2013 16:00<br \/>\nSobota:\u00a0 \u00a0 \u00a0 \u00a010:00 \u2013 16:00<br \/>\nNede\u013ea:\u00a0 \u00a0 \u00a0 10:00 \u2013 16:00[\/vc_column_text][\/vc_column_inner][vc_column_inner width=&#8220;1\/4&#8243;][vc_column_text]<\/p>\n<p style=\"text-align: center;\"><strong>Zatvoren\u00e9:<\/strong><\/p>\n<p style=\"text-align: center;\">Janu\u00e1r 1<br \/>\nJanu\u00e1r 6<br \/>\nVe\u013ek\u00fd piatok<br \/>\nNovember 1<br \/>\nDecember 24-26<\/p>\n<p>[\/vc_column_text][\/vc_column_inner][vc_column_inner width=&#8220;1\/4&#8243;][vc_column_text]<\/p>\n<p style=\"text-align: center;\"><strong>Otvoren\u00e9:<\/strong><\/p>\n<p style=\"text-align: center;\">15. Marec<br \/>\nVe\u013ekono\u010dn\u00e1 nede\u013ea a pondelok<br \/>\n1. M\u00e1j<br \/>\n8. M\u00e1j<br \/>\nTur\u00edce(nede\u013ea, pondelok)<br \/>\n5. J\u00fal<br \/>\n20. August<br \/>\n29. August<br \/>\n1. September<br \/>\n15. September<br \/>\n23. Okt\u00f3ber<\/p>\n<p>[\/vc_column_text][\/vc_column_inner][\/vc_row_inner][vc_column_text]*posledn\u00fd vstup je hodinu pred zatvoren\u00edm<br \/>\n*Odpor\u00fa\u010dame vopred si rezervova\u0165 \u010das do Escape Roomu.<br \/>\n*Kr\u00e1tkomont\u00e1\u017ene filmy sa posledn\u00fdkr\u00e1t p\u00fa\u0161\u0165aj\u00fa 15 min\u00fat pred zatvoren\u00edm m\u00fazea[\/vc_column_text][\/vc_column][\/vc_row][vc_row][vc_column width=&#8220;1\/2&#8243;][vc_column_text]<a href=\"https:\/\/www.borsikastely.eu\/sk\/zazitky\/\">CENN\u00cdK<\/a>[\/vc_column_text][\/vc_column][\/vc_row][vc_row el_class=&#8220;rejtett&#8220;][vc_column][\/vc_column][\/vc_row][vc_row css=&#8220;.vc_custom_1625235186454{background-color: #fffde5 !important;}&#8220; el_class=&#8220;rejtett&#8220;][vc_column][vc_column_text]<\/p>\n<h2 class=\"kiemeltcim\">SZABADUL\u00d3SZOBA \u00c9S VIRTU\u00c1LIS PORTYAPONT<\/h2>\n<p>H &#8211; Z\u00e1rva<br \/>\nK &#8211; 10:00 &#8211; 18:00*<br \/>\nSze &#8211; 10:00 &#8211; 18:00*<br \/>\nCS &#8211; 10:00 &#8211; 18:00*<br \/>\nP &#8211; 10:00 &#8211; 18:00*<br \/>\nSzo &#8211; 10:00 &#8211; 18:00*<br \/>\nV &#8211; 10:00 &#8211; 18:00*<\/p>\n<p style=\"text-align: justify;\">*<em>Ha ig\u00e9nybe k\u00edv\u00e1nja venni a szabadul\u00f3szoba szolg\u00e1ltat\u00e1sait, k\u00e9rj\u00fck, ezt regisztr\u00e1ci\u00f3s rendszer\u00fcnk seg\u00edts\u00e9g\u00e9vel jelezze, mert el\u0151fordulhat, hogy az \u00d6n \u00e1ltal k\u00edv\u00e1nt id\u0151pontban a szoba m\u00e1r foglalt. K\u00f6sz\u00f6nj\u00fck!<\/em><\/p>\n<p style=\"text-align: right;\"><a href=\"#unnepnapok\"><em>\u00dcNNEPNAPOK NYITVATART\u00c1SA&gt;&gt;<\/em><\/a><\/p>\n<p>[\/vc_column_text][\/vc_column][\/vc_row][vc_row css=&#8220;.vc_custom_1625235193494{background-color: #fffde5 !important;}&#8220; el_class=&#8220;rejtett&#8220;][vc_column][vc_row_inner][vc_column_inner width=&#8220;1\/2&#8243;][vc_column_text]<\/p>\n<h2 class=\"kiemeltcim\">K\u00d6RPANOR\u00c1MA VET\u00cdT\u00c9S<\/h2>\n<p><em>M\u00e1rcius 1. \u2013 okt\u00f3ber 31<\/em>.<\/p>\n<p>H &#8211; Z\u00e1rva<br \/>\nK &#8211; 10:00 &#8211; 18:00*<br \/>\nSze &#8211; 10:00 &#8211; 18:00*<br \/>\nCS &#8211; 10:00 &#8211; 18:00*<br \/>\nP &#8211; 10:00 &#8211; 18:00*<br \/>\nSzo &#8211; 10:00 &#8211; 18:00*<br \/>\nV &#8211; 10:00 &#8211; 18:00*[\/vc_column_text][\/vc_column_inner][vc_column_inner width=&#8220;1\/2&#8243;][vc_column_text]<\/p>\n<p style=\"text-align: left; margin-top: 48px;\">November 1. \u2013 febru\u00e1r 28\/29.<\/p>\n<p>H &#8211; Z\u00e1rva<br \/>\nK &#8211; 10:00 &#8211; 16:00*<br \/>\nSze &#8211; 10:00 &#8211; 16:00*<br \/>\nCS &#8211; 10:00 &#8211; 16:00*<br \/>\nP &#8211; 10:00 &#8211; 16:00*<br \/>\nSzo &#8211; 10:00 &#8211; 16:00*<br \/>\nV &#8211; 10:00 &#8211; 16:00*[\/vc_column_text][\/vc_column_inner][\/vc_row_inner][vc_column_text]<\/p>\n<p style=\"text-align: center;\">*<em>A kisfilmek 15 percenk\u00e9nt indulnak, utols\u00f3 bel\u00e9p\u00e9s a z\u00e1r\u00e1s el\u0151tt 15 perccel<\/em><\/p>\n<p style=\"text-align: right;\"><a href=\"#unnepnapok\"><em>\u00dcNNEPNAPOK NYITVATART\u00c1SA&gt;&gt;<\/em><\/a><\/p>\n<p>[\/vc_column_text][\/vc_column][\/vc_row][vc_row css=&#8220;.vc_custom_1625235199758{background-color: #fffde5 !important;}&#8220; el_id=&#8220;unnepnapok&#8220; el_class=&#8220;rejtett&#8220;][vc_column width=&#8220;1\/2&#8243;][vc_column_text]<\/p>\n<h2 class=\"kiemeltcim\">\u00dcNNEPNAPOK NYITVATART\u00c1SA<\/h2>\n<p style=\"text-align: center;\"><strong>Z\u00c1RVA<\/strong><\/p>\n<p style=\"text-align: center;\">Janu\u00e1r 1.<br \/>\nJanu\u00e1r 6.<br \/>\nNagyp\u00e9ntek<br \/>\nNovember 1.<br \/>\nDecember 24\u201326.[\/vc_column_text][\/vc_column][vc_column width=&#8220;1\/2&#8243;][vc_column_text]<\/p>\n<p style=\"text-align: center; margin-top: 48px;\"><strong>NYITVA<\/strong><\/p>\n<p style=\"text-align: center;\">M\u00e1rcius 15.<br \/>\nH\u00fasv\u00e9t vas\u00e1rnap \u00e9s h\u00e9tf\u0151<br \/>\nM\u00e1jus 1.<br \/>\nM\u00e1jus 8.<br \/>\nP\u00fcnk\u00f6sd vas\u00e1rnap \u00e9s h\u00e9tf\u0151<br \/>\nJ\u00falius 5.<br \/>\nAugusztus 20.<br \/>\nAugusztus. 29.<br \/>\nSzeptember 1.<br \/>\nSzeptember 15.<br \/>\nOkt\u00f3ber 23.[\/vc_column_text][\/vc_column][\/vc_row]<\/p>\n","protected":false},"excerpt":{"rendered":"<p>[vc_row][vc_column][vc_column_text] KONTAKTY [\/vc_column_text][\/vc_column][\/vc_row][vc_row css=&#8220;.vc_custom_1622823355632{background-color: #fffde5 !important;}&#8220;][vc_column width=&#8220;2\/3&#8243;][vc_column_text][\/vc_column_text][\/vc_column][vc_column width=&#8220;1\/3&#8243;][vc_column_text][\/vc_column_text][\/vc_column][\/vc_row][vc_row el_class=&#8220;rejtett&#8220;][vc_column][vc_column_text] NYITVATART\u00c1S K\u00e9rj\u00fck t\u00e1j\u00e9koz\u00f3djanak hetente az aktu\u00e1lis COVID-rendelkez\u00e9sekr\u0151l Szlov\u00e1ki\u00e1ban (kultur\u00e1lis automat)! A t\u0151keterebesi (Trebi\u0161ov) j\u00e1r\u00e1sban jelenleg s\u00e1rga, azaz<span class=\"excerpt-hellip\"> [\u2026]<\/span><\/p>\n","protected":false},"author":1,"featured_media":0,"parent":0,"menu_order":0,"comment_status":"closed","ping_status":"closed","template":"","meta":[],"yoast_head":"<!-- This site is optimized with the Yoast SEO plugin v15.9.2 - https:\/\/yoast.com\/wordpress\/plugins\/seo\/ -->\n<title>KONTAKTY2 - BORSI R\u00c1K\u00d3CZI KAST\u00c9LY<\/title>\n<meta name=\"robots\" content=\"index, follow, max-snippet:-1, max-image-preview:large, max-video-preview:-1\" \/>\n<link rel=\"canonical\" href=\"https:\/\/www.borsikastely.eu\/sk\/kontakty2\/\" \/>\n<meta property=\"og:locale\" content=\"sk_SK\" \/>\n<meta property=\"og:type\" content=\"article\" \/>\n<meta property=\"og:title\" content=\"KONTAKTY2 - BORSI R\u00c1K\u00d3CZI KAST\u00c9LY\" \/>\n<meta property=\"og:description\" content=\"[vc_row][vc_column][vc_column_text] KONTAKTY [\/vc_column_text][\/vc_column][\/vc_row][vc_row css=&#8220;.vc_custom_1622823355632{background-color: #fffde5 !important;}&#8220;][vc_column width=&#8220;2\/3&#8243;][vc_column_text][\/vc_column_text][\/vc_column][vc_column width=&#8220;1\/3&#8243;][vc_column_text][\/vc_column_text][\/vc_column][\/vc_row][vc_row el_class=&#8220;rejtett&#8220;][vc_column][vc_column_text] NYITVATART\u00c1S K\u00e9rj\u00fck t\u00e1j\u00e9koz\u00f3djanak hetente az aktu\u00e1lis COVID-rendelkez\u00e9sekr\u0151l Szlov\u00e1ki\u00e1ban (kultur\u00e1lis automat)! A t\u0151keterebesi (Trebi\u0161ov) j\u00e1r\u00e1sban jelenleg s\u00e1rga, azaz [\u2026]\" \/>\n<meta property=\"og:url\" content=\"https:\/\/www.borsikastely.eu\/sk\/kontakty2\/\" \/>\n<meta property=\"og:site_name\" content=\"BORSI R\u00c1K\u00d3CZI KAST\u00c9LY\" \/>\n<meta property=\"article:modified_time\" content=\"2021-10-29T10:57:32+00:00\" \/>\n<meta name=\"twitter:card\" content=\"summary_large_image\" \/>\n<meta name=\"twitter:label1\" content=\"Predpokladan\u00fd \u010das \u010d\u00edtania\">\n\t<meta name=\"twitter:data1\" content=\"2 min\u00faty\">\n<script type=\"application\/ld+json\" class=\"yoast-schema-graph\">{\"@context\":\"https:\/\/schema.org\",\"@graph\":[{\"@type\":\"WebSite\",\"@id\":\"https:\/\/www.borsikastely.eu\/#website\",\"url\":\"https:\/\/www.borsikastely.eu\/\",\"name\":\"BORSI R\\u00c1K\\u00d3CZI KAST\\u00c9LY\",\"description\":\"\",\"potentialAction\":[{\"@type\":\"SearchAction\",\"target\":\"https:\/\/www.borsikastely.eu\/?s={search_term_string}\",\"query-input\":\"required name=search_term_string\"}],\"inLanguage\":\"sk-SK\"},{\"@type\":\"WebPage\",\"@id\":\"https:\/\/www.borsikastely.eu\/sk\/kontakty2\/#webpage\",\"url\":\"https:\/\/www.borsikastely.eu\/sk\/kontakty2\/\",\"name\":\"KONTAKTY2 - BORSI R\\u00c1K\\u00d3CZI KAST\\u00c9LY\",\"isPartOf\":{\"@id\":\"https:\/\/www.borsikastely.eu\/#website\"},\"datePublished\":\"2021-05-10T07:23:47+00:00\",\"dateModified\":\"2021-10-29T10:57:32+00:00\",\"breadcrumb\":{\"@id\":\"https:\/\/www.borsikastely.eu\/sk\/kontakty2\/#breadcrumb\"},\"inLanguage\":\"sk-SK\",\"potentialAction\":[{\"@type\":\"ReadAction\",\"target\":[\"https:\/\/www.borsikastely.eu\/sk\/kontakty2\/\"]}]},{\"@type\":\"BreadcrumbList\",\"@id\":\"https:\/\/www.borsikastely.eu\/sk\/kontakty2\/#breadcrumb\",\"itemListElement\":[{\"@type\":\"ListItem\",\"position\":1,\"item\":{\"@type\":\"WebPage\",\"@id\":\"https:\/\/www.borsikastely.eu\/sk\/\",\"url\":\"https:\/\/www.borsikastely.eu\/sk\/\",\"name\":\"Kezd\\u0151lap\"}},{\"@type\":\"ListItem\",\"position\":2,\"item\":{\"@type\":\"WebPage\",\"@id\":\"https:\/\/www.borsikastely.eu\/sk\/kontakty2\/\",\"url\":\"https:\/\/www.borsikastely.eu\/sk\/kontakty2\/\",\"name\":\"KONTAKTY2\"}}]}]}<\/script>\n<!-- \/ Yoast SEO plugin. -->","_links":{"self":[{"href":"https:\/\/www.borsikastely.eu\/sk\/wp-json\/wp\/v2\/pages\/1162"}],"collection":[{"href":"https:\/\/www.borsikastely.eu\/sk\/wp-json\/wp\/v2\/pages"}],"about":[{"href":"https:\/\/www.borsikastely.eu\/sk\/wp-json\/wp\/v2\/types\/page"}],"author":[{"embeddable":true,"href":"https:\/\/www.borsikastely.eu\/sk\/wp-json\/wp\/v2\/users\/1"}],"replies":[{"embeddable":true,"href":"https:\/\/www.borsikastely.eu\/sk\/wp-json\/wp\/v2\/comments?post=1162"}],"version-history":[{"count":10,"href":"https:\/\/www.borsikastely.eu\/sk\/wp-json\/wp\/v2\/pages\/1162\/revisions"}],"predecessor-version":[{"id":2015,"href":"https:\/\/www.borsikastely.eu\/sk\/wp-json\/wp\/v2\/pages\/1162\/revisions\/2015"}],"wp:attachment":[{"href":"https:\/\/www.borsikastely.eu\/sk\/wp-json\/wp\/v2\/media?parent=1162"}],"curies":[{"name":"wp","href":"https:\/\/api.w.org\/{rel}","templated":true}]}}