{"id":1144,"date":"2021-06-03T17:02:38","date_gmt":"2021-06-03T15:02:38","guid":{"rendered":"https:\/\/www.borsikastely.eu\/galeria\/virtualis-portyapont\/"},"modified":"2021-07-02T12:35:38","modified_gmt":"2021-07-02T10:35:38","slug":"virtual-reality-hra","status":"publish","type":"page","link":"https:\/\/www.borsikastely.eu\/sk\/galeria\/virtual-reality-hra\/","title":{"rendered":"VIRTUAL REALITY HRA"},"content":{"rendered":"<p>[vc_row css=&#8220;.vc_custom_1622732467707{margin-top: 30px !important;}&#8220;][vc_column][vc_column_text]<\/p>\n<h1 style=\"text-align: center;\">VIRTUAL REALITY HRA<\/h1>\n<div class=\"eg-filmstrip-wrap eg-wrap\" data-lightbox-type=\"pretty_photo\"\n         data-pretty_photo-theme =\"pp_default\"\n         data-pretty_photo-social =\"false\"\n          data-gallery-id=\"D8Wzbjq3PX\"\n     data-lightbox-status=\"true\"\n          >\n         \n    <div class=\"eg-filmstrip-outer-wrap eg-filmstrip-outer-layout-5\">\n        <div class=\"eg-filmstrip-items-outerwrap\">\n            <div class=\"eg-filmstrip-items-wrap eg-filmstrip-layout-5\"\n                 data-pause-duration=\"4500\"\n                 data-transition-duration=\"2500\"\n                 data-mode=\"horizontal\"\n                 data-next-previous-controls=\"false\"\n                 data-play-pause-controls=\"false\"\n                 data-auto-start=\"true\"\n                 data-adaptive-height=\"true\"\n                 data-pager=\"false\"\n                 data-pager-type=\"full\"\n                 data-filmstrip-id=\"ibNuEpjBwH\"\n\n                 >\n                     <div class=\"eg-each-item eg-no-hover \" data-eg-item-key=\"eg_item_2D1ioa84OOk6YHt\">\n    \n\n            <div class=\"eg-masonary-padding\">\n            <div class=\"eg-overlay-wrapper\" onclick=\"\">\n\n                <a href=\"https:\/\/www.borsikastely.eu\/wp-content\/uploads\/2021\/05\/virtr001.jpg\"\n                   data-lightbox-type=\"pretty_photo\"\n                   rel=\"prettyPhoto[gallery_7]\"\n                   title=\"\"\n                   data-item-type=\"image\"\n                   data-index=\"1\"\n                   data-total-items=\"3\"\n                   >\n                    <img src=\"https:\/\/www.borsikastely.eu\/wp-content\/uploads\/2021\/05\/virtr001.jpg\" alt=\"Virtr001\"\/>\n                <\/a>\n                <div class=\"eg-mask\">\n                    <div class=\"eg-inner-wrapper\">\n                        <div class=\"eg-content-holder\">\r\n            <span class=\"eg-title eg-main-title\">Virtr001<\/span>\r\n                <div class=\"eg-caption\">\r\n                            <span class=\"eg-title\" style=\"display:none\">Virtr001<\/span>\r\n                        \r\n                <p><\/p>\r\n                    <\/div>\r\n        <\/div>                    <\/div>\n                    <span class=\"add\" style=\"display: none\">\n                        <i class=\"fa fa-plus\"><\/i>\n                    <\/span>\n                                            <div class=\"eg-caption-holder\" style=\"display: none\">\n                                                            <span class=\"eg-title\">Virtr001<\/span>\n                                                                                        <p><\/p>\n                                                    <\/div>\n                                    <\/div>\n                <div class=\"slider-overlay\"><\/div>\n                            <\/div>\n                            <div class=\"eg-slider-caption eg-filmstrip-caption\">\n                                            <span class=\"eg-title\" style=\"display:none\">Virtr001<\/span>\n                                                <p><\/p>\n                                    <\/div>\n                    <\/div>\n        <!---Blog Layout -->\n<\/div><div class=\"eg-each-item eg-no-hover \" data-eg-item-key=\"eg_item_XFdTfJvuJkAluZQ\">\n    \n\n            <div class=\"eg-masonary-padding\">\n            <div class=\"eg-overlay-wrapper\" onclick=\"\">\n\n                <a href=\"https:\/\/www.borsikastely.eu\/wp-content\/uploads\/2021\/05\/virtr002.jpg\"\n                   data-lightbox-type=\"pretty_photo\"\n                   rel=\"prettyPhoto[gallery_7]\"\n                   title=\"\"\n                   data-item-type=\"image\"\n                   data-index=\"2\"\n                   data-total-items=\"3\"\n                   >\n                    <img src=\"https:\/\/www.borsikastely.eu\/wp-content\/uploads\/2021\/05\/virtr002.jpg\" alt=\"Virtr002\"\/>\n                <\/a>\n                <div class=\"eg-mask\">\n                    <div class=\"eg-inner-wrapper\">\n                        <div class=\"eg-content-holder\">\r\n            <span class=\"eg-title eg-main-title\">Virtr002<\/span>\r\n                <div class=\"eg-caption\">\r\n                            <span class=\"eg-title\" style=\"display:none\">Virtr002<\/span>\r\n                        \r\n                <p><\/p>\r\n                    <\/div>\r\n        <\/div>                    <\/div>\n                    <span class=\"add\" style=\"display: none\">\n                        <i class=\"fa fa-plus\"><\/i>\n                    <\/span>\n                                            <div class=\"eg-caption-holder\" style=\"display: none\">\n                                                            <span class=\"eg-title\">Virtr002<\/span>\n                                                                                        <p><\/p>\n                                                    <\/div>\n                                    <\/div>\n                <div class=\"slider-overlay\"><\/div>\n                            <\/div>\n                            <div class=\"eg-slider-caption eg-filmstrip-caption\">\n                                            <span class=\"eg-title\" style=\"display:none\">Virtr002<\/span>\n                                                <p><\/p>\n                                    <\/div>\n                    <\/div>\n        <!---Blog Layout -->\n<\/div><div class=\"eg-each-item eg-no-hover \" data-eg-item-key=\"eg_item_kTrsLWgvekbewKg\">\n    \n\n            <div class=\"eg-masonary-padding\">\n            <div class=\"eg-overlay-wrapper\" onclick=\"\">\n\n                <a href=\"https:\/\/www.borsikastely.eu\/wp-content\/uploads\/2021\/05\/virtr003.jpg\"\n                   data-lightbox-type=\"pretty_photo\"\n                   rel=\"prettyPhoto[gallery_7]\"\n                   title=\"\"\n                   data-item-type=\"image\"\n                   data-index=\"3\"\n                   data-total-items=\"3\"\n                   >\n                    <img src=\"https:\/\/www.borsikastely.eu\/wp-content\/uploads\/2021\/05\/virtr003.jpg\" alt=\"Virtr003\"\/>\n                <\/a>\n                <div class=\"eg-mask\">\n                    <div class=\"eg-inner-wrapper\">\n                        <div class=\"eg-content-holder\">\r\n            <span class=\"eg-title eg-main-title\">Virtr003<\/span>\r\n                <div class=\"eg-caption\">\r\n                            <span class=\"eg-title\" style=\"display:none\">Virtr003<\/span>\r\n                        \r\n                <p><\/p>\r\n                    <\/div>\r\n        <\/div>                    <\/div>\n                    <span class=\"add\" style=\"display: none\">\n                        <i class=\"fa fa-plus\"><\/i>\n                    <\/span>\n                                            <div class=\"eg-caption-holder\" style=\"display: none\">\n                                                            <span class=\"eg-title\">Virtr003<\/span>\n                                                                                        <p><\/p>\n                                                    <\/div>\n                                    <\/div>\n                <div class=\"slider-overlay\"><\/div>\n                            <\/div>\n                            <div class=\"eg-slider-caption eg-filmstrip-caption\">\n                                            <span class=\"eg-title\" style=\"display:none\">Virtr003<\/span>\n                                                <p><\/p>\n                                    <\/div>\n                    <\/div>\n        <!---Blog Layout -->\n<\/div>            <\/div>\n        <\/div>\n        <div class=\"eg-filmstrip-pager-outerwrap\">\n            <div class=\"eg-filmstrip-pager\" id=\"eg-pager-ibNuEpjBwH\" data-min-slides=\"3\" data-max-slides=\"3\" data-slide-width=\"170\" data-move-slides=\"1\">\n                                        <a href=\"\" data-slide-index=\"0\">\n                            <img src=\"https:\/\/www.borsikastely.eu\/wp-content\/uploads\/2021\/05\/virtr001-700x667.jpg\" alt=\"Virtr001\"\/>\n                            <div class=\"eg-filmstrip-caption\" style=\"display:none;\">\n                                <span class=\"eg-title\" style=\"display:none\">Virtr001<\/span>\n                                <p><\/p>\n                            <\/div>\n                        <\/a>\n\n                                                <a href=\"\" data-slide-index=\"1\">\n                            <img src=\"https:\/\/www.borsikastely.eu\/wp-content\/uploads\/2021\/05\/virtr002-700x666.jpg\" alt=\"Virtr002\"\/>\n                            <div class=\"eg-filmstrip-caption\" style=\"display:none;\">\n                                <span class=\"eg-title\" style=\"display:none\">Virtr002<\/span>\n                                <p><\/p>\n                            <\/div>\n                        <\/a>\n\n                                                <a href=\"\" data-slide-index=\"2\">\n                            <img src=\"https:\/\/www.borsikastely.eu\/wp-content\/uploads\/2021\/05\/virtr003-700x666.jpg\" alt=\"Virtr003\"\/>\n                            <div class=\"eg-filmstrip-caption\" style=\"display:none;\">\n                                <span class=\"eg-title\" style=\"display:none\">Virtr003<\/span>\n                                <p><\/p>\n                            <\/div>\n                        <\/a>\n\n                                    <\/div>\n            <div class=\"eg-flimstrip-caption-tooltip\"><\/div>\n\n        <\/div>\n    <\/div>\n<\/div>\n\n\n            <style>\r\n            <\/style>\r\n            \n<p>[\/vc_column_text][\/vc_column][\/vc_row]<\/p>\n","protected":false},"excerpt":{"rendered":"<p>[vc_row css=&#8220;.vc_custom_1622732467707{margin-top: 30px !important;}&#8220;][vc_column][vc_column_text] VIRTUAL REALITY HRA [\/vc_column_text][\/vc_column][\/vc_row]<\/p>\n","protected":false},"author":1,"featured_media":0,"parent":1106,"menu_order":0,"comment_status":"closed","ping_status":"closed","template":"","meta":[],"yoast_head":"<!-- This site is optimized with the Yoast SEO plugin v15.9.2 - https:\/\/yoast.com\/wordpress\/plugins\/seo\/ -->\n<title>VIRTUAL REALITY HRA - BORSI R\u00c1K\u00d3CZI KAST\u00c9LY<\/title>\n<meta name=\"robots\" content=\"index, follow, max-snippet:-1, max-image-preview:large, max-video-preview:-1\" \/>\n<link rel=\"canonical\" href=\"https:\/\/www.borsikastely.eu\/sk\/galeria\/virtual-reality-hra\/\" \/>\n<meta property=\"og:locale\" content=\"sk_SK\" \/>\n<meta property=\"og:type\" content=\"article\" \/>\n<meta property=\"og:title\" content=\"VIRTUAL REALITY HRA - BORSI R\u00c1K\u00d3CZI KAST\u00c9LY\" \/>\n<meta property=\"og:description\" content=\"[vc_row css=&#8220;.vc_custom_1622732467707{margin-top: 30px !important;}&#8220;][vc_column][vc_column_text] VIRTUAL REALITY HRA [\/vc_column_text][\/vc_column][\/vc_row]\" \/>\n<meta property=\"og:url\" content=\"https:\/\/www.borsikastely.eu\/sk\/galeria\/virtual-reality-hra\/\" \/>\n<meta property=\"og:site_name\" content=\"BORSI R\u00c1K\u00d3CZI KAST\u00c9LY\" \/>\n<meta property=\"article:modified_time\" content=\"2021-07-02T10:35:38+00:00\" \/>\n<meta name=\"twitter:card\" content=\"summary_large_image\" \/>\n<meta name=\"twitter:label1\" content=\"Predpokladan\u00fd \u010das \u010d\u00edtania\">\n\t<meta name=\"twitter:data1\" content=\"1 min\u00fata\">\n<script type=\"application\/ld+json\" class=\"yoast-schema-graph\">{\"@context\":\"https:\/\/schema.org\",\"@graph\":[{\"@type\":\"WebSite\",\"@id\":\"https:\/\/www.borsikastely.eu\/#website\",\"url\":\"https:\/\/www.borsikastely.eu\/\",\"name\":\"BORSI R\\u00c1K\\u00d3CZI KAST\\u00c9LY\",\"description\":\"\",\"potentialAction\":[{\"@type\":\"SearchAction\",\"target\":\"https:\/\/www.borsikastely.eu\/?s={search_term_string}\",\"query-input\":\"required name=search_term_string\"}],\"inLanguage\":\"sk-SK\"},{\"@type\":\"WebPage\",\"@id\":\"https:\/\/www.borsikastely.eu\/sk\/galeria\/virtual-reality-hra\/#webpage\",\"url\":\"https:\/\/www.borsikastely.eu\/sk\/galeria\/virtual-reality-hra\/\",\"name\":\"VIRTUAL REALITY HRA - BORSI R\\u00c1K\\u00d3CZI KAST\\u00c9LY\",\"isPartOf\":{\"@id\":\"https:\/\/www.borsikastely.eu\/#website\"},\"datePublished\":\"2021-06-03T15:02:38+00:00\",\"dateModified\":\"2021-07-02T10:35:38+00:00\",\"breadcrumb\":{\"@id\":\"https:\/\/www.borsikastely.eu\/sk\/galeria\/virtual-reality-hra\/#breadcrumb\"},\"inLanguage\":\"sk-SK\",\"potentialAction\":[{\"@type\":\"ReadAction\",\"target\":[\"https:\/\/www.borsikastely.eu\/sk\/galeria\/virtual-reality-hra\/\"]}]},{\"@type\":\"BreadcrumbList\",\"@id\":\"https:\/\/www.borsikastely.eu\/sk\/galeria\/virtual-reality-hra\/#breadcrumb\",\"itemListElement\":[{\"@type\":\"ListItem\",\"position\":1,\"item\":{\"@type\":\"WebPage\",\"@id\":\"https:\/\/www.borsikastely.eu\/sk\/\",\"url\":\"https:\/\/www.borsikastely.eu\/sk\/\",\"name\":\"Kezd\\u0151lap\"}},{\"@type\":\"ListItem\",\"position\":2,\"item\":{\"@type\":\"WebPage\",\"@id\":\"https:\/\/www.borsikastely.eu\/sk\/galeria\/\",\"url\":\"https:\/\/www.borsikastely.eu\/sk\/galeria\/\",\"name\":\"GAL\\u00c9RIA\"}},{\"@type\":\"ListItem\",\"position\":3,\"item\":{\"@type\":\"WebPage\",\"@id\":\"https:\/\/www.borsikastely.eu\/sk\/galeria\/virtual-reality-hra\/\",\"url\":\"https:\/\/www.borsikastely.eu\/sk\/galeria\/virtual-reality-hra\/\",\"name\":\"VIRTUAL REALITY HRA\"}}]}]}<\/script>\n<!-- \/ Yoast SEO plugin. -->","_links":{"self":[{"href":"https:\/\/www.borsikastely.eu\/sk\/wp-json\/wp\/v2\/pages\/1144"}],"collection":[{"href":"https:\/\/www.borsikastely.eu\/sk\/wp-json\/wp\/v2\/pages"}],"about":[{"href":"https:\/\/www.borsikastely.eu\/sk\/wp-json\/wp\/v2\/types\/page"}],"author":[{"embeddable":true,"href":"https:\/\/www.borsikastely.eu\/sk\/wp-json\/wp\/v2\/users\/1"}],"replies":[{"embeddable":true,"href":"https:\/\/www.borsikastely.eu\/sk\/wp-json\/wp\/v2\/comments?post=1144"}],"version-history":[{"count":1,"href":"https:\/\/www.borsikastely.eu\/sk\/wp-json\/wp\/v2\/pages\/1144\/revisions"}],"predecessor-version":[{"id":1145,"href":"https:\/\/www.borsikastely.eu\/sk\/wp-json\/wp\/v2\/pages\/1144\/revisions\/1145"}],"up":[{"embeddable":true,"href":"https:\/\/www.borsikastely.eu\/sk\/wp-json\/wp\/v2\/pages\/1106"}],"wp:attachment":[{"href":"https:\/\/www.borsikastely.eu\/sk\/wp-json\/wp\/v2\/media?parent=1144"}],"curies":[{"name":"wp","href":"https:\/\/api.w.org\/{rel}","templated":true}]}}